{"id":731275,"date":"2025-08-27T21:28:54","date_gmt":"2025-08-27T18:28:54","guid":{"rendered":"https:\/\/roveyayinevi.com.tr\/index.php\/urun\/oathbringer-firtinaisigi-arsivi-ucuncu-roman-2-cilt\/"},"modified":"2026-04-16T02:39:03","modified_gmt":"2026-04-15T23:39:03","slug":"oathbringer-firtinaisigi-arsivi-ucuncu-roman-2-cilt","status":"publish","type":"product","link":"https:\/\/roveyayinevi.com.tr\/index.php\/urun\/oathbringer-firtinaisigi-arsivi-ucuncu-roman-2-cilt\/","title":{"rendered":"Oathbringer &#8211; F\u0131rt\u0131na\u0131\u015f\u0131\u011f\u0131 Ar\u015fivi \u00dc\u00e7\u00fcnc\u00fc Roman &#8211; 2.Cilt"},"content":{"rendered":"<p>Yeni bir f\u0131rt\u0131na geldi. K\u00fcl ve k\u0131rm\u0131z\u0131 y\u0131ld\u0131r\u0131mlar d\u00fcnyay\u0131 s\u00fcp\u00fcr\u00fcyor, kadim d\u00fc\u015fmanlar\u0131m\u0131z\u0131 uyand\u0131r\u0131yorlar. \u0130nsano\u011flunun g\u00f6zleri a\u00e7\u0131l\u0131rken, d\u00fc\u015fman\u0131n ruhunun g\u00f6lgeleri olan Yarad\u0131lmam\u0131\u015flar hareketleniyor. Bu sava\u015f onlar\u0131n d\u00fc\u015f\u00fcnd\u00fc\u011f\u00fc gibi de\u011fil ve hi\u00e7bir zaman da \u00f6yle olmam\u0131\u015ft\u0131. Yak\u0131nda Dalgalar elimizde olabilir tekrar \u00e7\u00fcnk\u00fc I\u015f\u0131k baz\u0131lar\u0131na geri d\u00f6nd\u00fc ve baz\u0131lar\u0131 da I\u015f\u0131k\u2019a yakla\u015f\u0131yor. Kay\u0131plar\u0131n mahvetti\u011fi Y\u00fczba\u015f\u0131 uzla\u015fmay\u0131 arzuluyor. Zulm\u00fcn mahvetti\u011fi Casus tamamlanmak istiyor. Yeminlerin mahvetti\u011fi Ta\u015ftay\u00fcr\u00fcyen hakikatin pe\u015finde. H\u0131rs\u0131n mahvetti\u011fi Hain ise \u00f6zg\u00fcrl\u00fc\u011f\u00fc bulmaya \u00e7abal\u0131yor. Ve son olarak sava\u015f\u0131n mahvetti\u011fi Kral\u2026 O da ge\u00e7mi\u015fi ar\u0131yor. Terk edilmi\u015f olan\u0131. Bilmemesi gerekeni. \u00c7\u00fcnk\u00fc o s\u0131rlar, ayn\u0131 kendinden \u00f6nceki \u015f\u00f6valyeleri y\u0131kt\u0131\u011f\u0131 gibi, onu da y\u0131k\u0131p ge\u00e7ecek.<\/p>\n","protected":false},"excerpt":{"rendered":"<p>Yeni bir f\u0131rt\u0131na geldi. K\u00fcl ve k\u0131rm\u0131z\u0131 y\u0131ld\u0131r\u0131mlar d\u00fcnyay\u0131 s\u00fcp\u00fcr\u00fcyor, kadim d\u00fc\u015fmanlar\u0131m\u0131z\u0131 uyand\u0131r\u0131yorlar. \u0130nsano\u011flunun g\u00f6zleri a\u00e7\u0131l\u0131rken, d\u00fc\u015fman\u0131n ruhunun g\u00f6lgeleri olan Yarad\u0131lmam\u0131\u015flar hareketleniyor. Bu sava\u015f onlar\u0131n d\u00fc\u015f\u00fcnd\u00fc\u011f\u00fc<span class=\"excerpt-hellip\"> [\u2026]<\/span><\/p>\n","protected":false},"featured_media":0,"template":"","meta":{"_monsterinsights_skip_tracking":false,"_monsterinsights_sitenote_active":false,"_monsterinsights_sitenote_note":"","_monsterinsights_sitenote_category":0},"product_brand":[],"product_cat":[12291,14777],"product_tag":[],"class_list":{"0":"post-731275","1":"product","2":"type-product","3":"status-publish","5":"product_cat-edebiyat","6":"product_cat-fantastik","7":"pa_cilt-ciltsiz","8":"pa_tur-kitap","9":"pa_yayinevi-akil-celen-kitaplar","10":"pa_yazar-brandon-sanderson","12":"first","13":"instock","14":"sale","15":"shipping-taxable","16":"purchasable","17":"product-type-simple"},"_links":{"self":[{"href":"https:\/\/roveyayinevi.com.tr\/index.php\/wp-json\/wp\/v2\/product\/731275","targetHints":{"allow":["GET"]}}],"collection":[{"href":"https:\/\/roveyayinevi.com.tr\/index.php\/wp-json\/wp\/v2\/product"}],"about":[{"href":"https:\/\/roveyayinevi.com.tr\/index.php\/wp-json\/wp\/v2\/types\/product"}],"wp:attachment":[{"href":"https:\/\/roveyayinevi.com.tr\/index.php\/wp-json\/wp\/v2\/media?parent=731275"}],"wp:term":[{"taxonomy":"product_brand","embeddable":true,"href":"https:\/\/roveyayinevi.com.tr\/index.php\/wp-json\/wp\/v2\/product_brand?post=731275"},{"taxonomy":"product_cat","embeddable":true,"href":"https:\/\/roveyayinevi.com.tr\/index.php\/wp-json\/wp\/v2\/product_cat?post=731275"},{"taxonomy":"product_tag","embeddable":true,"href":"https:\/\/roveyayinevi.com.tr\/index.php\/wp-json\/wp\/v2\/product_tag?post=731275"}],"curies":[{"name":"wp","href":"https:\/\/api.w.org\/{rel}","templated":true}]}}