{"id":731267,"date":"2025-08-27T21:28:46","date_gmt":"2025-08-27T18:28:46","guid":{"rendered":"https:\/\/roveyayinevi.com.tr\/index.php\/urun\/edebiyatcilar-kulubu-karisik-karsilasmalar\/"},"modified":"2026-04-13T02:47:46","modified_gmt":"2026-04-12T23:47:46","slug":"edebiyatcilar-kulubu-karisik-karsilasmalar","status":"publish","type":"product","link":"https:\/\/roveyayinevi.com.tr\/index.php\/urun\/edebiyatcilar-kulubu-karisik-karsilasmalar\/","title":{"rendered":"Edebiyat\u00e7\u0131lar Kul\u00fcb\u00fc &#8211; Kar\u0131\u015f\u0131k Kar\u015f\u0131la\u015fmalar"},"content":{"rendered":"<p>\u201cO halde i\u00e7elim!  Ba\u011fl\u0131l\u0131k, inan\u00e7 ve sadakat i\u00e7in i\u00e7elim. \u00c7\u00fcnk\u00fc \u00f6zg\u00fcrl\u00fck bunu gerektirir, \u00f6zg\u00fcrl\u00fck baz\u0131lar\u0131n\u0131n sand\u0131\u011f\u0131 gibi her \u015feyi bir hayvanm\u0131\u015f\u00e7as\u0131na yapabilme yetisi de\u011fildir&#8230;\u201d <\/p>\n","protected":false},"excerpt":{"rendered":"<p>\u201cO halde i\u00e7elim! Ba\u011fl\u0131l\u0131k, inan\u00e7 ve sadakat i\u00e7in i\u00e7elim. \u00c7\u00fcnk\u00fc \u00f6zg\u00fcrl\u00fck bunu gerektirir, \u00f6zg\u00fcrl\u00fck baz\u0131lar\u0131n\u0131n sand\u0131\u011f\u0131 gibi her \u015feyi bir hayvanm\u0131\u015f\u00e7as\u0131na yapabilme yetisi de\u011fildir&#8230;\u201d<\/p>\n","protected":false},"featured_media":0,"template":"","meta":{"_monsterinsights_skip_tracking":false,"_monsterinsights_sitenote_active":false,"_monsterinsights_sitenote_note":"","_monsterinsights_sitenote_category":0},"product_brand":[],"product_cat":[12291,12711],"product_tag":[],"class_list":{"0":"post-731267","1":"product","2":"type-product","3":"status-publish","5":"product_cat-edebiyat","6":"product_cat-roman-oyku","7":"pa_cilt-ciltsiz","8":"pa_tur-kitap","9":"pa_yayinevi-luna-yayinlari","10":"pa_yazar-aziz-kurtoglu","12":"first","13":"instock","14":"sale","15":"shipping-taxable","16":"purchasable","17":"product-type-simple"},"_links":{"self":[{"href":"https:\/\/roveyayinevi.com.tr\/index.php\/wp-json\/wp\/v2\/product\/731267","targetHints":{"allow":["GET"]}}],"collection":[{"href":"https:\/\/roveyayinevi.com.tr\/index.php\/wp-json\/wp\/v2\/product"}],"about":[{"href":"https:\/\/roveyayinevi.com.tr\/index.php\/wp-json\/wp\/v2\/types\/product"}],"wp:attachment":[{"href":"https:\/\/roveyayinevi.com.tr\/index.php\/wp-json\/wp\/v2\/media?parent=731267"}],"wp:term":[{"taxonomy":"product_brand","embeddable":true,"href":"https:\/\/roveyayinevi.com.tr\/index.php\/wp-json\/wp\/v2\/product_brand?post=731267"},{"taxonomy":"product_cat","embeddable":true,"href":"https:\/\/roveyayinevi.com.tr\/index.php\/wp-json\/wp\/v2\/product_cat?post=731267"},{"taxonomy":"product_tag","embeddable":true,"href":"https:\/\/roveyayinevi.com.tr\/index.php\/wp-json\/wp\/v2\/product_tag?post=731267"}],"curies":[{"name":"wp","href":"https:\/\/api.w.org\/{rel}","templated":true}]}}