{"id":731265,"date":"2025-08-27T21:28:44","date_gmt":"2025-08-27T18:28:44","guid":{"rendered":"https:\/\/roveyayinevi.com.tr\/index.php\/urun\/2-sinif-hayat-bilgisi-konu-anlatimi-4-kitap-fasikul\/"},"modified":"2025-09-18T01:00:55","modified_gmt":"2025-09-17T22:00:55","slug":"2-sinif-hayat-bilgisi-konu-anlatimi-4-kitap-fasikul","status":"publish","type":"product","link":"https:\/\/roveyayinevi.com.tr\/index.php\/urun\/2-sinif-hayat-bilgisi-konu-anlatimi-4-kitap-fasikul\/","title":{"rendered":"2. S\u0131n\u0131f Hayat Bilgisi Konu Anlat\u0131m\u0131 (4 Kitap Fasik\u00fcl)"},"content":{"rendered":"<p>\u0130lgi Y\u00f6netimi E\u011fitim Metoduyla haz\u0131rlad\u0131\u011f\u0131m\u0131z Hayat Bilgisi kitaplar\u0131m\u0131z \u00f6\u011frencinin kolay ta\u015f\u0131mas\u0131 ve \u00f6\u011fretmenin istifadesi i\u00e7in 4 fasik\u00fcl olarak haz\u0131rlanm\u0131\u015ft\u0131r.Bol g\u00f6rselle sunulan hayat bilgisi kitaplar\u0131m\u0131z \u00f6\u011frencinin hem okulda hem de \u00f6zel hayat\u0131nda kar\u015f\u0131la\u015fabilece\u011fi konular\u0131 oyunla\u015ft\u0131rma metoduyla, etkile\u015fimli olarak \u00f6\u011frenciye sunmaktad\u0131r. Konular mikro \u00f6\u011frenme alanlar\u0131na b\u00f6l\u00fcnm\u00fc\u015ft\u00fcr. Her b\u00f6l\u00fcmde, bo\u015fluk doldurma, do\u011fru yanl\u0131\u015f, kelime av\u0131, bulmaca, g\u00f6rsel okuma etkinlikleri, okudu\u011funu anlama mini de\u011ferlendirme testleri gibi etkinliklerle zenginle\u015ftirilmi\u015ftir.Derslerin ve e\u011fitim \u00f6\u011fretim faaliyetlerinin destekleyici somutla\u015ft\u0131r\u0131l\u0131\u015f \u00f6rneklerle hayat\u0131n keyifli bir par\u00e7as\u0131 haline getirilmesi hedeflenmi\u015ftir.<\/p>\n","protected":false},"excerpt":{"rendered":"<p>\u0130lgi Y\u00f6netimi E\u011fitim Metoduyla haz\u0131rlad\u0131\u011f\u0131m\u0131z Hayat Bilgisi kitaplar\u0131m\u0131z \u00f6\u011frencinin kolay ta\u015f\u0131mas\u0131 ve \u00f6\u011fretmenin istifadesi i\u00e7in 4 fasik\u00fcl olarak haz\u0131rlanm\u0131\u015ft\u0131r.Bol g\u00f6rselle sunulan hayat bilgisi kitaplar\u0131m\u0131z \u00f6\u011frencinin hem<span class=\"excerpt-hellip\"> [\u2026]<\/span><\/p>\n","protected":false},"featured_media":0,"template":"","meta":{"_monsterinsights_skip_tracking":false,"_monsterinsights_sitenote_active":false,"_monsterinsights_sitenote_note":"","_monsterinsights_sitenote_category":0},"product_brand":[],"product_cat":[83405,12566,45572,42911,13473],"product_tag":[],"class_list":{"0":"post-731265","1":"product","2":"type-product","3":"status-publish","5":"product_cat-2-sinif-hayat-bilgisi","6":"product_cat-egitim","7":"product_cat-ilkogretim-2-sinif","8":"product_cat-ilkogretim-yardimci-kitaplar","9":"product_cat-sinavlara-hazirlik-okula-yardimci-kaynaklar","10":"pa_cilt-ciltsiz","11":"pa_tur-kitap","12":"pa_yayinevi-timas-okul-yayinlari","13":"pa_yazar-celal-akbas","15":"first","16":"instock","17":"sale","18":"shipping-taxable","19":"purchasable","20":"product-type-simple"},"_links":{"self":[{"href":"https:\/\/roveyayinevi.com.tr\/index.php\/wp-json\/wp\/v2\/product\/731265","targetHints":{"allow":["GET"]}}],"collection":[{"href":"https:\/\/roveyayinevi.com.tr\/index.php\/wp-json\/wp\/v2\/product"}],"about":[{"href":"https:\/\/roveyayinevi.com.tr\/index.php\/wp-json\/wp\/v2\/types\/product"}],"wp:attachment":[{"href":"https:\/\/roveyayinevi.com.tr\/index.php\/wp-json\/wp\/v2\/media?parent=731265"}],"wp:term":[{"taxonomy":"product_brand","embeddable":true,"href":"https:\/\/roveyayinevi.com.tr\/index.php\/wp-json\/wp\/v2\/product_brand?post=731265"},{"taxonomy":"product_cat","embeddable":true,"href":"https:\/\/roveyayinevi.com.tr\/index.php\/wp-json\/wp\/v2\/product_cat?post=731265"},{"taxonomy":"product_tag","embeddable":true,"href":"https:\/\/roveyayinevi.com.tr\/index.php\/wp-json\/wp\/v2\/product_tag?post=731265"}],"curies":[{"name":"wp","href":"https:\/\/api.w.org\/{rel}","templated":true}]}}