{"id":731261,"date":"2025-08-27T21:28:41","date_gmt":"2025-08-27T18:28:41","guid":{"rendered":"https:\/\/roveyayinevi.com.tr\/index.php\/urun\/2-sinif-turkce-konu-anlatimi-4-kitap-fasikul\/"},"modified":"2026-04-16T02:39:03","modified_gmt":"2026-04-15T23:39:03","slug":"2-sinif-turkce-konu-anlatimi-4-kitap-fasikul","status":"publish","type":"product","link":"https:\/\/roveyayinevi.com.tr\/index.php\/urun\/2-sinif-turkce-konu-anlatimi-4-kitap-fasikul\/","title":{"rendered":"2. S\u0131n\u0131f T\u00fcrk\u00e7e Konu Anlat\u0131m\u0131 (4 Kitap Fasik\u00fcl)"},"content":{"rendered":"<p>\u0130lgi Y\u00f6netimi E\u011fitim Metoduyla haz\u0131rlad\u0131\u011f\u0131m\u0131z T\u00fcrk\u00e7e kitaplar\u0131m\u0131z \u00f6\u011frencinin kolay ta\u015f\u0131mas\u0131 ve \u00f6\u011fretmenin istifadesi i\u00e7in 4 fasik\u00fcl olarak haz\u0131rlanm\u0131\u015ft\u0131r.\u201cSorumun cevab\u0131 hangisi olabilir?\u201d, \u201cCevab\u0131m\u0131n sorusunu bulal\u0131m.\u201d, \u201cKonu\u015fan kim?\u201d, \u201cHik\u00e2yeye g\u00f6re do\u011fru yanl\u0131\u015f hangisi?\u201d, \u201cHik\u00e2yedeki olu\u015f s\u0131ras\u0131 nedir?\u201d, \u201cG\u00f6rsellerle olu\u015f s\u0131ras\u0131 nedir?\u201d, \u201ckelime av\u0131\u201d, \u201ce\u015fle\u015ftirme\u201d, \u201cbulmaca\u201d, \u201cbo\u015fluk doldurma\u201d, \u201cokudu\u011funu anlama\u201d, \u201ckendini ifade etme\u201d, mini de\u011ferlendirme testleri gibi etkinliklerle zenginle\u015ftirilmi\u015ftir. Konular mikro \u00f6\u011frenme alanlar\u0131na b\u00f6l\u00fcnm\u00fc\u015ft\u00fcr. Derslerin ve e\u011fitim \u00f6\u011fretim faaliyetlerinin destekleyici somutla\u015ft\u0131r\u0131l\u0131\u015f \u00f6rneklerle hayat\u0131n keyifli bir par\u00e7as\u0131 haline getirilmesi hedeflenmi\u015ftir.<\/p>\n","protected":false},"excerpt":{"rendered":"<p>\u0130lgi Y\u00f6netimi E\u011fitim Metoduyla haz\u0131rlad\u0131\u011f\u0131m\u0131z T\u00fcrk\u00e7e kitaplar\u0131m\u0131z \u00f6\u011frencinin kolay ta\u015f\u0131mas\u0131 ve \u00f6\u011fretmenin istifadesi i\u00e7in 4 fasik\u00fcl olarak haz\u0131rlanm\u0131\u015ft\u0131r.\u201cSorumun cevab\u0131 hangisi olabilir?\u201d, \u201cCevab\u0131m\u0131n sorusunu bulal\u0131m.\u201d, \u201cKonu\u015fan kim?\u201d,<span class=\"excerpt-hellip\"> [\u2026]<\/span><\/p>\n","protected":false},"featured_media":0,"template":"","meta":{"_monsterinsights_skip_tracking":false,"_monsterinsights_sitenote_active":false,"_monsterinsights_sitenote_note":"","_monsterinsights_sitenote_category":0},"product_brand":[],"product_cat":[82963,12566,45572,42911,13473],"product_tag":[],"class_list":{"0":"post-731261","1":"product","2":"type-product","3":"status-publish","5":"product_cat-2-sinif-turkce","6":"product_cat-egitim","7":"product_cat-ilkogretim-2-sinif","8":"product_cat-ilkogretim-yardimci-kitaplar","9":"product_cat-sinavlara-hazirlik-okula-yardimci-kaynaklar","10":"pa_cilt-ciltsiz","11":"pa_tur-kitap","12":"pa_yayinevi-timas-okul-yayinlari","13":"pa_yazar-celal-akbas","15":"first","16":"instock","17":"sale","18":"shipping-taxable","19":"purchasable","20":"product-type-simple"},"_links":{"self":[{"href":"https:\/\/roveyayinevi.com.tr\/index.php\/wp-json\/wp\/v2\/product\/731261","targetHints":{"allow":["GET"]}}],"collection":[{"href":"https:\/\/roveyayinevi.com.tr\/index.php\/wp-json\/wp\/v2\/product"}],"about":[{"href":"https:\/\/roveyayinevi.com.tr\/index.php\/wp-json\/wp\/v2\/types\/product"}],"wp:attachment":[{"href":"https:\/\/roveyayinevi.com.tr\/index.php\/wp-json\/wp\/v2\/media?parent=731261"}],"wp:term":[{"taxonomy":"product_brand","embeddable":true,"href":"https:\/\/roveyayinevi.com.tr\/index.php\/wp-json\/wp\/v2\/product_brand?post=731261"},{"taxonomy":"product_cat","embeddable":true,"href":"https:\/\/roveyayinevi.com.tr\/index.php\/wp-json\/wp\/v2\/product_cat?post=731261"},{"taxonomy":"product_tag","embeddable":true,"href":"https:\/\/roveyayinevi.com.tr\/index.php\/wp-json\/wp\/v2\/product_tag?post=731261"}],"curies":[{"name":"wp","href":"https:\/\/api.w.org\/{rel}","templated":true}]}}