{"id":731260,"date":"2025-08-27T21:28:40","date_gmt":"2025-08-27T18:28:40","guid":{"rendered":"https:\/\/roveyayinevi.com.tr\/index.php\/urun\/3-sinif-fen-bilimleri-konu-anlatimi-4-kitap-fasikul\/"},"modified":"2026-04-16T02:39:03","modified_gmt":"2026-04-15T23:39:03","slug":"3-sinif-fen-bilimleri-konu-anlatimi-4-kitap-fasikul","status":"publish","type":"product","link":"https:\/\/roveyayinevi.com.tr\/index.php\/urun\/3-sinif-fen-bilimleri-konu-anlatimi-4-kitap-fasikul\/","title":{"rendered":"3. S\u0131n\u0131f Fen Bilimleri Konu Anlat\u0131m\u0131 (4 Kitap Fasik\u00fcl)"},"content":{"rendered":"<p>\u0130lgi Y\u00f6netimi E\u011fitim Metoduyla haz\u0131rlad\u0131\u011f\u0131m\u0131z Fen Bilimleri kitaplar\u0131m\u0131z \u00f6\u011frencinin kolay ta\u015f\u0131mas\u0131 ve \u00f6\u011fretmenin istifadesi i\u00e7in 4 fasik\u00fcl olarak haz\u0131rlanm\u0131\u015ft\u0131r. Fen Bilimleri dersi ba\u015far\u0131s\u0131, b\u00fcy\u00fck resmi g\u00f6rme ve ya\u015fayarak \u00f6\u011frenme ile do\u011fru orant\u0131l\u0131d\u0131r.\u0130lgi Y\u00f6netimi E\u011fitim Metodu ile Fen Bilimleri dersi, hayat\u0131n i\u00e7inden gelen bilimi, \u00f6\u011frencilerin hayatlar\u0131nda kar\u015f\u0131la\u015fabilece\u011fi durumlara g\u00f6nderme yaparak i\u015flemektedir. \u00d6\u011frencinin g\u00f6rerek, dokunarak, hissederek, fark\u0131ndal\u0131k sahibi olarak t\u00fcm konular\u0131 \u00f6z\u00fcmsemesi hedeflenmi\u015ftir. Konular mikro \u00f6\u011frenme alanlar\u0131na ayr\u0131lm\u0131\u015ft\u0131r. Bu alanlarda etkinlikler, bulmacalar, deneyler ve mini testlerle tam \u00f6\u011frenme sa\u011flanm\u0131\u015ft\u0131r. Fen Bilimleri kitab\u0131m\u0131z \u00f6\u011frencinin s\u00fcrekli dersin i\u00e7inde oldu\u011fu dinamik bir ders s\u00fcreci sunmaktad\u0131r.<\/p>\n","protected":false},"excerpt":{"rendered":"<p>\u0130lgi Y\u00f6netimi E\u011fitim Metoduyla haz\u0131rlad\u0131\u011f\u0131m\u0131z Fen Bilimleri kitaplar\u0131m\u0131z \u00f6\u011frencinin kolay ta\u015f\u0131mas\u0131 ve \u00f6\u011fretmenin istifadesi i\u00e7in 4 fasik\u00fcl olarak haz\u0131rlanm\u0131\u015ft\u0131r. Fen Bilimleri dersi ba\u015far\u0131s\u0131, b\u00fcy\u00fck resmi g\u00f6rme<span class=\"excerpt-hellip\"> [\u2026]<\/span><\/p>\n","protected":false},"featured_media":0,"template":"","meta":{"_monsterinsights_skip_tracking":false,"_monsterinsights_sitenote_active":false,"_monsterinsights_sitenote_note":"","_monsterinsights_sitenote_category":0},"product_brand":[],"product_cat":[82961,12566,42912,42911,13473],"product_tag":[],"class_list":{"0":"post-731260","1":"product","2":"type-product","3":"status-publish","5":"product_cat-3-sinif-fen-bilimleri","6":"product_cat-egitim","7":"product_cat-ilkogretim-3-sinif","8":"product_cat-ilkogretim-yardimci-kitaplar","9":"product_cat-sinavlara-hazirlik-okula-yardimci-kaynaklar","10":"pa_cilt-ciltsiz","11":"pa_tur-kitap","12":"pa_yayinevi-timas-okul-yayinlari","13":"pa_yazar-celal-akbas","15":"first","16":"instock","17":"sale","18":"shipping-taxable","19":"purchasable","20":"product-type-simple"},"_links":{"self":[{"href":"https:\/\/roveyayinevi.com.tr\/index.php\/wp-json\/wp\/v2\/product\/731260","targetHints":{"allow":["GET"]}}],"collection":[{"href":"https:\/\/roveyayinevi.com.tr\/index.php\/wp-json\/wp\/v2\/product"}],"about":[{"href":"https:\/\/roveyayinevi.com.tr\/index.php\/wp-json\/wp\/v2\/types\/product"}],"wp:attachment":[{"href":"https:\/\/roveyayinevi.com.tr\/index.php\/wp-json\/wp\/v2\/media?parent=731260"}],"wp:term":[{"taxonomy":"product_brand","embeddable":true,"href":"https:\/\/roveyayinevi.com.tr\/index.php\/wp-json\/wp\/v2\/product_brand?post=731260"},{"taxonomy":"product_cat","embeddable":true,"href":"https:\/\/roveyayinevi.com.tr\/index.php\/wp-json\/wp\/v2\/product_cat?post=731260"},{"taxonomy":"product_tag","embeddable":true,"href":"https:\/\/roveyayinevi.com.tr\/index.php\/wp-json\/wp\/v2\/product_tag?post=731260"}],"curies":[{"name":"wp","href":"https:\/\/api.w.org\/{rel}","templated":true}]}}