{"id":731255,"date":"2025-08-27T21:28:36","date_gmt":"2025-08-27T18:28:36","guid":{"rendered":"https:\/\/roveyayinevi.com.tr\/index.php\/urun\/ihanete-5-kala\/"},"modified":"2026-04-16T02:39:03","modified_gmt":"2026-04-15T23:39:03","slug":"ihanete-5-kala","status":"publish","type":"product","link":"https:\/\/roveyayinevi.com.tr\/index.php\/urun\/ihanete-5-kala\/","title":{"rendered":"\u0130hanete 5 Kala"},"content":{"rendered":"<p>Sonbahar 2003&#8217;te ABD D\u0131\u015fi\u015fleri Bakan\u0131 Rice: &#8220;BOP kapsam\u0131nda T\u00fcrkiye dahil olmak \u00fczere Fas&#8217;a kadar 24 m\u00fcsl\u00fcman \u00fclkenin s\u0131n\u0131rlar\u0131 ve rejimleri de\u011fi\u015fecek. Bu projenin \u00fclkenizde bir de e\u015fba\u015fkan\u0131 var! Kim mi? Recep Tayyip Erdo\u011fan!&#8221; demi\u015fti. E\u015fba\u015fkan A\u011fustos 2005&#8217;te Diyarbak\u0131r&#8217;a gitti: &#8220;K\u00fcrt sorunu vard\u0131r, benim sorunumdur&#8221; diyerek kabuk ba\u011flam\u0131\u015f yaray\u0131 ka\u015f\u0131d\u0131, kanatt\u0131 yara kangrene d\u00f6nd\u00fc. 2008 y\u0131l\u0131nda ABD, T\u00fcrkiye ve Barzani aras\u0131nda yap\u0131lan Kuzey Irak&#8217;taki &#8220;\u00dc\u00e7l\u00fc Mekanizma&#8221; g\u00f6r\u00fc\u015fmelerinden K\u00fcrt A\u00e7\u0131l\u0131m\u0131 do\u011fdu. 6 senedir devam eden A\u00e7\u0131l\u0131m&#8217;da son s\u00f6z\u00fc \u015eubat 2014&#8217;te BDP Ba\u015fkan\u0131 Demirta\u015f s\u00f6yledi: &#8220;Biz art\u0131k AKP&#8217;yi beklemeyece\u011fiz. 30 Mart se\u00e7imlerinden sonra kendi insiyatifimizle, b\u00f6lgemizde Demokratik \u00d6zerkli\u011fi ilan edece\u011fiz&#8221;. Bu s\u00f6z &#8220;Vatan\u0131n b\u00f6l\u00fcnmez b\u00fct\u00fcnl\u00fc\u011f\u00fcn\u00fcn&#8221; ne kadar b\u00fcy\u00fck bir tehdit alt\u0131nda oldu\u011funu g\u00f6stermektedir. Bu kitap ihaneti anlatan, tarihe not d\u00fc\u015fen, gelece\u011fe \u0131\u015f\u0131k tutan ceridedir.<\/p>\n","protected":false},"excerpt":{"rendered":"<p>Sonbahar 2003&#8217;te ABD D\u0131\u015fi\u015fleri Bakan\u0131 Rice: &#8220;BOP kapsam\u0131nda T\u00fcrkiye dahil olmak \u00fczere Fas&#8217;a kadar 24 m\u00fcsl\u00fcman \u00fclkenin s\u0131n\u0131rlar\u0131 ve rejimleri de\u011fi\u015fecek. Bu projenin \u00fclkenizde bir de<span class=\"excerpt-hellip\"> [\u2026]<\/span><\/p>\n","protected":false},"featured_media":0,"template":"","meta":{"_monsterinsights_skip_tracking":false,"_monsterinsights_sitenote_active":false,"_monsterinsights_sitenote_note":"","_monsterinsights_sitenote_category":0},"product_brand":[],"product_cat":[12370,12304],"product_tag":[],"class_list":{"0":"post-731255","1":"product","2":"type-product","3":"status-publish","5":"product_cat-arastirma-inceleme","6":"product_cat-tarih","7":"pa_cilt-ciltsiz","8":"pa_tur-kitap","9":"pa_yayinevi-nergiz-yayinlari","10":"pa_yazar-kudret-cengiz","12":"first","13":"instock","14":"sale","15":"shipping-taxable","16":"purchasable","17":"product-type-simple"},"_links":{"self":[{"href":"https:\/\/roveyayinevi.com.tr\/index.php\/wp-json\/wp\/v2\/product\/731255","targetHints":{"allow":["GET"]}}],"collection":[{"href":"https:\/\/roveyayinevi.com.tr\/index.php\/wp-json\/wp\/v2\/product"}],"about":[{"href":"https:\/\/roveyayinevi.com.tr\/index.php\/wp-json\/wp\/v2\/types\/product"}],"wp:attachment":[{"href":"https:\/\/roveyayinevi.com.tr\/index.php\/wp-json\/wp\/v2\/media?parent=731255"}],"wp:term":[{"taxonomy":"product_brand","embeddable":true,"href":"https:\/\/roveyayinevi.com.tr\/index.php\/wp-json\/wp\/v2\/product_brand?post=731255"},{"taxonomy":"product_cat","embeddable":true,"href":"https:\/\/roveyayinevi.com.tr\/index.php\/wp-json\/wp\/v2\/product_cat?post=731255"},{"taxonomy":"product_tag","embeddable":true,"href":"https:\/\/roveyayinevi.com.tr\/index.php\/wp-json\/wp\/v2\/product_tag?post=731255"}],"curies":[{"name":"wp","href":"https:\/\/api.w.org\/{rel}","templated":true}]}}