{"id":731244,"date":"2025-08-27T21:28:26","date_gmt":"2025-08-27T18:28:26","guid":{"rendered":"https:\/\/roveyayinevi.com.tr\/index.php\/urun\/unutulmus-dusler-magarasi\/"},"modified":"2026-04-16T02:39:03","modified_gmt":"2026-04-15T23:39:03","slug":"unutulmus-dusler-magarasi","status":"publish","type":"product","link":"https:\/\/roveyayinevi.com.tr\/index.php\/urun\/unutulmus-dusler-magarasi\/","title":{"rendered":"Unutulmu\u015f D\u00fc\u015fler Ma\u011faras\u0131"},"content":{"rendered":"<p>Yarat\u0131c\u0131 d\u00fc\u015f\u00fcncenizi geri almaya haz\u0131r m\u0131s\u0131n\u0131z? Hayat\u0131n\u0131zda di\u011fer insanlardan farkl\u0131 olarak yapt\u0131\u011f\u0131n\u0131z \u015fey nedir? Ger\u00e7ekten yapmak istedi\u011finiz ve h\u00e2l\u00e2 yapamad\u0131\u011f\u0131n\u0131z \u015fey nedir?  E\u011fer kimsenin sizi yarg\u0131lamayaca\u011f\u0131ndan emin olsayd\u0131n\u0131z neyi farkl\u0131 yapard\u0131n\u0131z? Ger\u00e7ekten inand\u0131\u011f\u0131n\u0131z \u015feyleri mi yap\u0131yorsunuz yoksa \u015fu an yapt\u0131\u011f\u0131n\u0131z \u015feylere inanmaya m\u0131 \u00e7al\u0131\u015f\u0131yorsunuz? Yarat\u0131c\u0131 zihni kolayl\u0131kla ke\u015ffedebilir ve beyinlerimizi yarat\u0131c\u0131 d\u0131\u015favuruma odaklanmas\u0131 i\u00e7in e\u011fitebiliriz. Yarat\u0131c\u0131l\u0131k herkeste vard\u0131r ve geli\u015ftirilebilir. Sadece anahtarlar laz\u0131m\u2026 Yarat\u0131c\u0131 zihnimizin kap\u0131lar\u0131n\u0131 a\u00e7acak anahtarlar. \u00c7\u00fcnk\u00fc yarat\u0131c\u0131l\u0131k, \u00fczerinde \u00e7al\u0131\u015f\u0131lmas\u0131 gereken bir disiplinden ziyade, ke\u015ffedilmesi gereken bir bilin\u00e7 durumudur. Bu yeni bilin\u00e7 i\u00e7in haz\u0131r m\u0131s\u0131n\u0131z? Cevaplar\u0131 merak ediyorsan\u0131z okumaya haz\u0131rs\u0131n\u0131z demektir.<\/p>\n","protected":false},"excerpt":{"rendered":"<p>Yarat\u0131c\u0131 d\u00fc\u015f\u00fcncenizi geri almaya haz\u0131r m\u0131s\u0131n\u0131z? Hayat\u0131n\u0131zda di\u011fer insanlardan farkl\u0131 olarak yapt\u0131\u011f\u0131n\u0131z \u015fey nedir? Ger\u00e7ekten yapmak istedi\u011finiz ve h\u00e2l\u00e2 yapamad\u0131\u011f\u0131n\u0131z \u015fey nedir? E\u011fer kimsenin sizi yarg\u0131lamayaca\u011f\u0131ndan<span class=\"excerpt-hellip\"> [\u2026]<\/span><\/p>\n","protected":false},"featured_media":0,"template":"","meta":{"_monsterinsights_skip_tracking":false,"_monsterinsights_sitenote_active":false,"_monsterinsights_sitenote_note":"","_monsterinsights_sitenote_category":0},"product_brand":[],"product_cat":[12777,12291],"product_tag":[],"class_list":{"0":"post-731244","1":"product","2":"type-product","3":"status-publish","5":"product_cat-deneme","6":"product_cat-edebiyat","7":"pa_cilt-ciltsiz","8":"pa_tur-kitap","9":"pa_yayinevi-pinhan-yayincilik","10":"pa_yazar-nilgun-canel","12":"first","13":"instock","14":"sale","15":"shipping-taxable","16":"purchasable","17":"product-type-simple"},"_links":{"self":[{"href":"https:\/\/roveyayinevi.com.tr\/index.php\/wp-json\/wp\/v2\/product\/731244","targetHints":{"allow":["GET"]}}],"collection":[{"href":"https:\/\/roveyayinevi.com.tr\/index.php\/wp-json\/wp\/v2\/product"}],"about":[{"href":"https:\/\/roveyayinevi.com.tr\/index.php\/wp-json\/wp\/v2\/types\/product"}],"wp:attachment":[{"href":"https:\/\/roveyayinevi.com.tr\/index.php\/wp-json\/wp\/v2\/media?parent=731244"}],"wp:term":[{"taxonomy":"product_brand","embeddable":true,"href":"https:\/\/roveyayinevi.com.tr\/index.php\/wp-json\/wp\/v2\/product_brand?post=731244"},{"taxonomy":"product_cat","embeddable":true,"href":"https:\/\/roveyayinevi.com.tr\/index.php\/wp-json\/wp\/v2\/product_cat?post=731244"},{"taxonomy":"product_tag","embeddable":true,"href":"https:\/\/roveyayinevi.com.tr\/index.php\/wp-json\/wp\/v2\/product_tag?post=731244"}],"curies":[{"name":"wp","href":"https:\/\/api.w.org\/{rel}","templated":true}]}}