{"id":731243,"date":"2025-08-27T21:28:25","date_gmt":"2025-08-27T18:28:25","guid":{"rendered":"https:\/\/roveyayinevi.com.tr\/index.php\/urun\/her-seyin-bi-tarihi-var-1\/"},"modified":"2026-04-16T02:39:03","modified_gmt":"2026-04-15T23:39:03","slug":"her-seyin-bi-tarihi-var-1","status":"publish","type":"product","link":"https:\/\/roveyayinevi.com.tr\/index.php\/urun\/her-seyin-bi-tarihi-var-1\/","title":{"rendered":"Her \u015eeyin Bi&#8217; Tarihi Var &#8211; 1"},"content":{"rendered":"<p>Tarih ge\u00e7mi\u015fte ya\u015fanm\u0131\u015f olaylar\u0131 bizlere anlat\u0131r, do\u011fru. Peki ya tarihi yazan insanlar\u0131n da bir tarihi yok mu? Var elbette. Tarihi insan yaz\u0131yor ve asl\u0131nda bu kitap tarih i\u00e7indeki insan\u0131n ve insan\u0131n yapt\u0131klar\u0131n\u0131n hik\u00e2yesini anlat\u0131yor. Yani sizin hik\u00e2yenizi\u2026Y\u00fcr\u00fcd\u00fc\u011f\u00fcn\u00fcz bir yoldan as\u0131rlar \u00f6nce kimin ge\u00e7ti\u011fini, g\u00f6rd\u00fc\u011f\u00fcn\u00fcz tarih\u00ee bir \u00e7e\u015fmeden kimlerin su i\u00e7ti\u011fini, g\u00f6lgesinde oturdu\u011funuz as\u0131rl\u0131k bir \u00e7\u0131nar\u0131 kimin dikti\u011fini hi\u00e7 merak ettiniz mi?***Belki de g\u00fcnl\u00fck hayat\u0131n tela\u015fesi i\u00e7erisinde hi\u00e7 fark\u0131nda olmad\u0131\u011f\u0131n\u0131z \u015feyleri; soban\u0131n tarihini mesela, saatin tarihini, otob\u00fcs\u00fcn tarihini, \u00e7ama\u015f\u0131r makinas\u0131n\u0131n tarihini&#8230;\u0130nsan\u0131n bir g\u00fcn\u00fcn i\u00e7inde kulland\u0131\u011f\u0131, ya\u015fad\u0131\u011f\u0131 \u015feylerin as\u0131rlar \u00f6ncesinden gelen tarih\u00ee ge\u00e7mi\u015fi nas\u0131ld\u0131r? B\u00fct\u00fcn bu sayd\u0131klar\u0131m\u0131z\u0131n bir tarihi var.Hatta \u201cHer \u015eeyin Bi\u2019 Tarihi Var.\u201d<\/p>\n","protected":false},"excerpt":{"rendered":"<p>Tarih ge\u00e7mi\u015fte ya\u015fanm\u0131\u015f olaylar\u0131 bizlere anlat\u0131r, do\u011fru. Peki ya tarihi yazan insanlar\u0131n da bir tarihi yok mu? Var elbette. Tarihi insan yaz\u0131yor ve asl\u0131nda bu kitap<span class=\"excerpt-hellip\"> [\u2026]<\/span><\/p>\n","protected":false},"featured_media":0,"template":"","meta":{"_monsterinsights_skip_tracking":false,"_monsterinsights_sitenote_active":false,"_monsterinsights_sitenote_note":"","_monsterinsights_sitenote_category":0},"product_brand":[],"product_cat":[12370,12304],"product_tag":[],"class_list":{"0":"post-731243","1":"product","2":"type-product","3":"status-publish","5":"product_cat-arastirma-inceleme","6":"product_cat-tarih","7":"pa_cilt-ciltsiz","8":"pa_tur-kitap","9":"pa_yayinevi-nesil-yayinlari","10":"pa_yazar-ozgenur-reyhan-guler","12":"first","13":"instock","14":"sale","15":"shipping-taxable","16":"purchasable","17":"product-type-simple"},"_links":{"self":[{"href":"https:\/\/roveyayinevi.com.tr\/index.php\/wp-json\/wp\/v2\/product\/731243","targetHints":{"allow":["GET"]}}],"collection":[{"href":"https:\/\/roveyayinevi.com.tr\/index.php\/wp-json\/wp\/v2\/product"}],"about":[{"href":"https:\/\/roveyayinevi.com.tr\/index.php\/wp-json\/wp\/v2\/types\/product"}],"wp:attachment":[{"href":"https:\/\/roveyayinevi.com.tr\/index.php\/wp-json\/wp\/v2\/media?parent=731243"}],"wp:term":[{"taxonomy":"product_brand","embeddable":true,"href":"https:\/\/roveyayinevi.com.tr\/index.php\/wp-json\/wp\/v2\/product_brand?post=731243"},{"taxonomy":"product_cat","embeddable":true,"href":"https:\/\/roveyayinevi.com.tr\/index.php\/wp-json\/wp\/v2\/product_cat?post=731243"},{"taxonomy":"product_tag","embeddable":true,"href":"https:\/\/roveyayinevi.com.tr\/index.php\/wp-json\/wp\/v2\/product_tag?post=731243"}],"curies":[{"name":"wp","href":"https:\/\/api.w.org\/{rel}","templated":true}]}}