{"id":731241,"date":"2025-08-27T21:28:23","date_gmt":"2025-08-27T18:28:23","guid":{"rendered":"https:\/\/roveyayinevi.com.tr\/index.php\/urun\/elebasi\/"},"modified":"2026-04-16T02:39:03","modified_gmt":"2026-04-15T23:39:03","slug":"elebasi","status":"publish","type":"product","link":"https:\/\/roveyayinevi.com.tr\/index.php\/urun\/elebasi\/","title":{"rendered":"Eleba\u015f\u0131"},"content":{"rendered":"<p>Sinaloa uyu\u015fturucu kartelinin lideri Joaqu\u00edn &#8220;El Chapo&#8221; Guzm\u00e1n d\u00fcnyan\u0131n en tehlikeli su\u00e7lular\u0131ndan biriydi. \u0130ktidar yolundaki g\u00fc\u00e7l\u00fc y\u00fckseli\u015fi, gaddarl\u0131\u011f\u0131, \u00e7ekicili\u011fi, l\u00fcks d\u00fc\u015fk\u00fcnl\u00fc\u011f\u00fc, k\u0131l\u0131k de\u011fi\u015ftirme tutkusu, birden fazla zorlu hapishaneden ka\u00e7mas\u0131,   Sean Penn\u2019le beklenmedik kar\u015f\u0131la\u015fmalar\u0131\u2026 Bu ve benzeri olaylar, onu d\u00fcnyan\u0131n en \u00fcnl\u00fc kanun ka\u00e7aklar\u0131ndan biri haline getirmi\u015fti. Ancak uzun y\u0131llar s\u00fcren bir operasyonun sonunda ABD ve Meksika g\u00fcvenlik g\u00fc\u00e7leri taraf\u0131ndan yakalan\u0131p yarg\u0131land\u0131.     Eleba\u015f\u0131, El Chapo&#8217;nun m\u00fctevaz\u0131 hayat\u0131ndan Brooklyn adliyesindeki mahk\u00fbmiyetine kadar s\u00fcren epik bir hik\u00e2ye.   New York Times muhabiri Alan Feuer\u2019\u0131n bu kar\u0131\u015f\u0131k davan\u0131n detaylar\u0131ndaki h\u00e2kimiyeti, kolluk kuvvetlerindeki gizli kaynaklara benzersiz eri\u015fimi ve rahats\u0131z edici konulardaki g\u00fc\u00e7l\u00fc kavray\u0131\u015f\u0131 sayesinde Eleba\u015f\u0131, uzun y\u0131llar &#8220;El Chapo&#8221; hakk\u0131nda okunacak   tek kaynak olacak.   <\/p>\n","protected":false},"excerpt":{"rendered":"<p>Sinaloa uyu\u015fturucu kartelinin lideri Joaqu\u00edn &#8220;El Chapo&#8221; Guzm\u00e1n d\u00fcnyan\u0131n en tehlikeli su\u00e7lular\u0131ndan biriydi. \u0130ktidar yolundaki g\u00fc\u00e7l\u00fc y\u00fckseli\u015fi, gaddarl\u0131\u011f\u0131, \u00e7ekicili\u011fi, l\u00fcks d\u00fc\u015fk\u00fcnl\u00fc\u011f\u00fc, k\u0131l\u0131k de\u011fi\u015ftirme tutkusu, birden fazla<span class=\"excerpt-hellip\"> [\u2026]<\/span><\/p>\n","protected":false},"featured_media":0,"template":"","meta":{"_monsterinsights_skip_tracking":false,"_monsterinsights_sitenote_active":false,"_monsterinsights_sitenote_note":"","_monsterinsights_sitenote_category":0},"product_brand":[],"product_cat":[14009,12291],"product_tag":[],"class_list":{"0":"post-731241","1":"product","2":"type-product","3":"status-publish","5":"product_cat-biyografi-otobiyografi-edebiyat","6":"product_cat-edebiyat","7":"pa_cilt-ciltsiz","8":"pa_tur-kitap","9":"pa_yayinevi-nemesis-kitap","10":"pa_yazar-alan-feuer","12":"first","13":"instock","14":"sale","15":"shipping-taxable","16":"purchasable","17":"product-type-simple"},"_links":{"self":[{"href":"https:\/\/roveyayinevi.com.tr\/index.php\/wp-json\/wp\/v2\/product\/731241","targetHints":{"allow":["GET"]}}],"collection":[{"href":"https:\/\/roveyayinevi.com.tr\/index.php\/wp-json\/wp\/v2\/product"}],"about":[{"href":"https:\/\/roveyayinevi.com.tr\/index.php\/wp-json\/wp\/v2\/types\/product"}],"wp:attachment":[{"href":"https:\/\/roveyayinevi.com.tr\/index.php\/wp-json\/wp\/v2\/media?parent=731241"}],"wp:term":[{"taxonomy":"product_brand","embeddable":true,"href":"https:\/\/roveyayinevi.com.tr\/index.php\/wp-json\/wp\/v2\/product_brand?post=731241"},{"taxonomy":"product_cat","embeddable":true,"href":"https:\/\/roveyayinevi.com.tr\/index.php\/wp-json\/wp\/v2\/product_cat?post=731241"},{"taxonomy":"product_tag","embeddable":true,"href":"https:\/\/roveyayinevi.com.tr\/index.php\/wp-json\/wp\/v2\/product_tag?post=731241"}],"curies":[{"name":"wp","href":"https:\/\/api.w.org\/{rel}","templated":true}]}}