{"id":731239,"date":"2025-08-27T21:28:22","date_gmt":"2025-08-27T18:28:22","guid":{"rendered":"https:\/\/roveyayinevi.com.tr\/index.php\/urun\/kirmizi-ayakkabilarin-bilgeligi\/"},"modified":"2026-04-16T02:39:03","modified_gmt":"2026-04-15T23:39:03","slug":"kirmizi-ayakkabilarin-bilgeligi","status":"publish","type":"product","link":"https:\/\/roveyayinevi.com.tr\/index.php\/urun\/kirmizi-ayakkabilarin-bilgeligi\/","title":{"rendered":"K\u0131rm\u0131z\u0131 Ayakkab\u0131lar\u0131n Bilgeli\u011fi"},"content":{"rendered":"<p>Bir zamanlar\u0131n ba\u011f\u0131ms\u0131z ve isyank\u00e2r ruhlu kad\u0131n\u0131 Masha\u2019n\u0131n hayat\u0131,  on iki y\u0131l \u00f6nce ger\u00e7ekle\u015fen trajik bir olayla sonsuza kadar de\u011fi\u015fir. Kederden kurtulamayan Masha, teselliyi Viktorya D\u00f6nemi\u2019ne ait mezarl\u0131ktaki ruhlar\u0131n sessiz birlikteli\u011finde ve sualt\u0131na s\u0131\u011f\u0131nmak istedi\u011fi zamanlarda gitti\u011fi y\u00fczme havuzunda bulur: G\u00fcr\u00fclt\u00fcden ve ac\u0131dan uzakta, g\u00fcvendedir. Ancak s\u0131ra d\u0131\u015f\u0131 iki kad\u0131nla tesad\u00fcfen kar\u015f\u0131la\u015f\u0131nca \u00f6n\u00fcnde yepyeni bir olas\u0131l\u0131klar d\u00fcnyas\u0131 belirir. Bu d\u00fcnya ona yeniden ya\u015famaya  Ba\u015flamas\u0131 i\u00e7in bir \u015fans sunar. Masha\u2019n\u0131n kalbinde bir umut k\u0131v\u0131lc\u0131m\u0131 parlar. Ta ki ge\u00e7mi\u015fiyle y\u00fczle\u015fmek zorunda kalaca\u011f\u0131 kader g\u00fcn\u00fcne kadar&#8230;   <\/p>\n","protected":false},"excerpt":{"rendered":"<p>Bir zamanlar\u0131n ba\u011f\u0131ms\u0131z ve isyank\u00e2r ruhlu kad\u0131n\u0131 Masha\u2019n\u0131n hayat\u0131, on iki y\u0131l \u00f6nce ger\u00e7ekle\u015fen trajik bir olayla sonsuza kadar de\u011fi\u015fir. Kederden kurtulamayan Masha, teselliyi Viktorya D\u00f6nemi\u2019ne<span class=\"excerpt-hellip\"> [\u2026]<\/span><\/p>\n","protected":false},"featured_media":0,"template":"","meta":{"_monsterinsights_skip_tracking":false,"_monsterinsights_sitenote_active":false,"_monsterinsights_sitenote_note":"","_monsterinsights_sitenote_category":0},"product_brand":[],"product_cat":[12291,12711],"product_tag":[],"class_list":{"0":"post-731239","1":"product","2":"type-product","3":"status-publish","5":"product_cat-edebiyat","6":"product_cat-roman-oyku","7":"pa_cilt-ciltsiz","8":"pa_tur-kitap","9":"pa_yayinevi-nemesis-kitap","10":"pa_yazar-ruth-hogan","12":"first","13":"instock","14":"sale","15":"shipping-taxable","16":"purchasable","17":"product-type-simple"},"_links":{"self":[{"href":"https:\/\/roveyayinevi.com.tr\/index.php\/wp-json\/wp\/v2\/product\/731239","targetHints":{"allow":["GET"]}}],"collection":[{"href":"https:\/\/roveyayinevi.com.tr\/index.php\/wp-json\/wp\/v2\/product"}],"about":[{"href":"https:\/\/roveyayinevi.com.tr\/index.php\/wp-json\/wp\/v2\/types\/product"}],"wp:attachment":[{"href":"https:\/\/roveyayinevi.com.tr\/index.php\/wp-json\/wp\/v2\/media?parent=731239"}],"wp:term":[{"taxonomy":"product_brand","embeddable":true,"href":"https:\/\/roveyayinevi.com.tr\/index.php\/wp-json\/wp\/v2\/product_brand?post=731239"},{"taxonomy":"product_cat","embeddable":true,"href":"https:\/\/roveyayinevi.com.tr\/index.php\/wp-json\/wp\/v2\/product_cat?post=731239"},{"taxonomy":"product_tag","embeddable":true,"href":"https:\/\/roveyayinevi.com.tr\/index.php\/wp-json\/wp\/v2\/product_tag?post=731239"}],"curies":[{"name":"wp","href":"https:\/\/api.w.org\/{rel}","templated":true}]}}