{"id":731237,"date":"2025-08-27T21:28:20","date_gmt":"2025-08-27T18:28:20","guid":{"rendered":"https:\/\/roveyayinevi.com.tr\/index.php\/urun\/tasra-epigi\/"},"modified":"2026-04-16T02:39:03","modified_gmt":"2026-04-15T23:39:03","slug":"tasra-epigi","status":"publish","type":"product","link":"https:\/\/roveyayinevi.com.tr\/index.php\/urun\/tasra-epigi\/","title":{"rendered":"Ta\u015fra Epi\u011fi"},"content":{"rendered":"<p>Ta\u015fra Epi\u011fi, T\u00fcrkiye\u2019deki d\u00fc\u015f\u00fcnce hayat\u0131n\u0131n temel problemlerini ortaya koyma ve bunlar\u0131 kavramsalla\u015ft\u0131rma bak\u0131m\u0131ndan \u00f6nemli bir giri\u015fimi temsil eder. Bu giri\u015fim, d\u00fc\u015f\u00fcnce tarihiyle, toplumsal \u00f6zg\u00fcll\u00fck iddialar\u0131n\u0131n aras\u0131ndaki ili\u015fkinin politik sonu\u00e7lar\u0131n\u0131n alt\u0131n\u0131 \u00e7izer; \u201cyerlilik\u201d ve \u201cmill\u00eelik\u201d iddialar\u0131n\u0131n payla\u015ft\u0131\u011f\u0131 \u201cethos\u201du ele\u015ftirerek vurgular. Bir t\u00fcrkifikasyon \u00f6nelemesine t\u00e2bi tutulan \u201cT\u00fcrk \u0130deolojileri\u201dnin sonu\u00e7ta T\u00fcrkiye\u2019deki d\u00fc\u015f\u00fcnsel sef\u00e2letin g\u00f6r\u00fcn\u00fcrl\u00fc\u011f\u00fc esas\u0131ndaki s\u0131n\u0131rl\u0131l\u0131klar\u0131n\u0131 belirler. <\/p>\n","protected":false},"excerpt":{"rendered":"<p>Ta\u015fra Epi\u011fi, T\u00fcrkiye\u2019deki d\u00fc\u015f\u00fcnce hayat\u0131n\u0131n temel problemlerini ortaya koyma ve bunlar\u0131 kavramsalla\u015ft\u0131rma bak\u0131m\u0131ndan \u00f6nemli bir giri\u015fimi temsil eder. Bu giri\u015fim, d\u00fc\u015f\u00fcnce tarihiyle, toplumsal \u00f6zg\u00fcll\u00fck iddialar\u0131n\u0131n aras\u0131ndaki<span class=\"excerpt-hellip\"> [\u2026]<\/span><\/p>\n","protected":false},"featured_media":0,"template":"","meta":{"_monsterinsights_skip_tracking":false,"_monsterinsights_sitenote_active":false,"_monsterinsights_sitenote_note":"","_monsterinsights_sitenote_category":0},"product_brand":[],"product_cat":[12351,12324],"product_tag":[],"class_list":{"0":"post-731237","1":"product","2":"type-product","3":"status-publish","5":"product_cat-siyaset-sosyolojisi","6":"product_cat-sosyoloji","7":"pa_cilt-ciltsiz","8":"pa_tur-kitap","9":"pa_yayinevi-vulgus-yayinlari","10":"pa_yazar-ahmet-cigdem","12":"first","13":"instock","14":"sale","15":"shipping-taxable","16":"purchasable","17":"product-type-simple"},"_links":{"self":[{"href":"https:\/\/roveyayinevi.com.tr\/index.php\/wp-json\/wp\/v2\/product\/731237","targetHints":{"allow":["GET"]}}],"collection":[{"href":"https:\/\/roveyayinevi.com.tr\/index.php\/wp-json\/wp\/v2\/product"}],"about":[{"href":"https:\/\/roveyayinevi.com.tr\/index.php\/wp-json\/wp\/v2\/types\/product"}],"wp:attachment":[{"href":"https:\/\/roveyayinevi.com.tr\/index.php\/wp-json\/wp\/v2\/media?parent=731237"}],"wp:term":[{"taxonomy":"product_brand","embeddable":true,"href":"https:\/\/roveyayinevi.com.tr\/index.php\/wp-json\/wp\/v2\/product_brand?post=731237"},{"taxonomy":"product_cat","embeddable":true,"href":"https:\/\/roveyayinevi.com.tr\/index.php\/wp-json\/wp\/v2\/product_cat?post=731237"},{"taxonomy":"product_tag","embeddable":true,"href":"https:\/\/roveyayinevi.com.tr\/index.php\/wp-json\/wp\/v2\/product_tag?post=731237"}],"curies":[{"name":"wp","href":"https:\/\/api.w.org\/{rel}","templated":true}]}}