{"id":731232,"date":"2025-08-27T21:28:16","date_gmt":"2025-08-27T18:28:16","guid":{"rendered":"https:\/\/roveyayinevi.com.tr\/index.php\/urun\/dusmekten-korkan-bulut-bi-dolu-hikaye\/"},"modified":"2026-04-16T02:39:02","modified_gmt":"2026-04-15T23:39:02","slug":"dusmekten-korkan-bulut-bi-dolu-hikaye","status":"publish","type":"product","link":"https:\/\/roveyayinevi.com.tr\/index.php\/urun\/dusmekten-korkan-bulut-bi-dolu-hikaye\/","title":{"rendered":"D\u00fc\u015fmekten Korkan Bulut &#8211; Bi&#8217; Dolu Hikaye"},"content":{"rendered":"<p>G\u00f6ky\u00fcz\u00fcnde dola\u015fan, G\u00fcne\u015f\u2019in s\u00fcrekli \u00f6n\u00fcn\u00fc kapatan bulutlar Pamuk ile Karamuk \u00e7ok iyi arkada\u015ft\u0131r. Bir g\u00fcn G\u00fcne\u015f, yery\u00fcz\u00fcne inmeleri gerekti\u011fini s\u00f6yler. Fakat Pamuk ile Karamuk, g\u00f6ky\u00fcz\u00fcnden ayr\u0131lmak istemezler. Yery\u00fcz\u00fcn\u00fcn ise onlara ihtiyac\u0131 vard\u0131r. A\u015fa\u011f\u0131 inmeye karar veren Pamuk ile Karamuk acaba neler ya\u015fayacak? Tekrar g\u00f6ky\u00fcz\u00fcne d\u00f6nebilecekler mi?D\u00fc\u015fmekten Korkan Bulut, ya\u011fmurun olu\u015fumunu anlat\u0131rken ayn\u0131 zamanda arkada\u015fl\u0131k, cesaret, yard\u0131mla\u015fma ve dayan\u0131\u015fma gibi de\u011ferleri kazand\u0131r\u0131yor.<\/p>\n","protected":false},"excerpt":{"rendered":"<p>G\u00f6ky\u00fcz\u00fcnde dola\u015fan, G\u00fcne\u015f\u2019in s\u00fcrekli \u00f6n\u00fcn\u00fc kapatan bulutlar Pamuk ile Karamuk \u00e7ok iyi arkada\u015ft\u0131r. Bir g\u00fcn G\u00fcne\u015f, yery\u00fcz\u00fcne inmeleri gerekti\u011fini s\u00f6yler. Fakat Pamuk ile Karamuk, g\u00f6ky\u00fcz\u00fcnden ayr\u0131lmak<span class=\"excerpt-hellip\"> [\u2026]<\/span><\/p>\n","protected":false},"featured_media":0,"template":"","meta":{"_monsterinsights_skip_tracking":false,"_monsterinsights_sitenote_active":false,"_monsterinsights_sitenote_note":"","_monsterinsights_sitenote_category":0},"product_brand":[],"product_cat":[12274,12284],"product_tag":[],"class_list":{"0":"post-731232","1":"product","2":"type-product","3":"status-publish","5":"product_cat-cocuk-ve-genclik-kitaplari","6":"product_cat-hikayeler","7":"pa_cilt-ciltsiz","8":"pa_tur-kitap","9":"pa_yayinevi-timas-cocuk","10":"pa_yazar-nehir-aydin-gokduman","12":"first","13":"instock","14":"sale","15":"shipping-taxable","16":"purchasable","17":"product-type-simple"},"_links":{"self":[{"href":"https:\/\/roveyayinevi.com.tr\/index.php\/wp-json\/wp\/v2\/product\/731232","targetHints":{"allow":["GET"]}}],"collection":[{"href":"https:\/\/roveyayinevi.com.tr\/index.php\/wp-json\/wp\/v2\/product"}],"about":[{"href":"https:\/\/roveyayinevi.com.tr\/index.php\/wp-json\/wp\/v2\/types\/product"}],"wp:attachment":[{"href":"https:\/\/roveyayinevi.com.tr\/index.php\/wp-json\/wp\/v2\/media?parent=731232"}],"wp:term":[{"taxonomy":"product_brand","embeddable":true,"href":"https:\/\/roveyayinevi.com.tr\/index.php\/wp-json\/wp\/v2\/product_brand?post=731232"},{"taxonomy":"product_cat","embeddable":true,"href":"https:\/\/roveyayinevi.com.tr\/index.php\/wp-json\/wp\/v2\/product_cat?post=731232"},{"taxonomy":"product_tag","embeddable":true,"href":"https:\/\/roveyayinevi.com.tr\/index.php\/wp-json\/wp\/v2\/product_tag?post=731232"}],"curies":[{"name":"wp","href":"https:\/\/api.w.org\/{rel}","templated":true}]}}