{"id":731227,"date":"2025-08-27T21:27:37","date_gmt":"2025-08-27T18:27:37","guid":{"rendered":"https:\/\/roveyayinevi.com.tr\/index.php\/urun\/annem-icin-tesekkur-ederim-allahim\/"},"modified":"2026-04-16T02:39:02","modified_gmt":"2026-04-15T23:39:02","slug":"annem-icin-tesekkur-ederim-allahim","status":"publish","type":"product","link":"https:\/\/roveyayinevi.com.tr\/index.php\/urun\/annem-icin-tesekkur-ederim-allahim\/","title":{"rendered":"Annem \u0130\u00e7in Te\u015fekk\u00fcr Ederim Allah\u0131m"},"content":{"rendered":"<p>\u015e\u00fckredecek o kadar \u00e7ok \u015fey var ki\u2026 Bunlar\u0131 g\u00f6rmek, mutlulu\u011fun da anahtar\u0131n\u0131 ele ge\u00e7irmektir. Hele bir de bu anahtarlara k\u00fc\u00e7\u00fck ya\u015flarda ula\u015f\u0131l\u0131rsa\u2026<\/p>\n","protected":false},"excerpt":{"rendered":"<p>\u015e\u00fckredecek o kadar \u00e7ok \u015fey var ki\u2026 Bunlar\u0131 g\u00f6rmek, mutlulu\u011fun da anahtar\u0131n\u0131 ele ge\u00e7irmektir. Hele bir de bu anahtarlara k\u00fc\u00e7\u00fck ya\u015flarda ula\u015f\u0131l\u0131rsa\u2026<\/p>\n","protected":false},"featured_media":0,"template":"","meta":{"_monsterinsights_skip_tracking":false,"_monsterinsights_sitenote_active":false,"_monsterinsights_sitenote_note":"","_monsterinsights_sitenote_category":0},"product_brand":[],"product_cat":[12274,12284],"product_tag":[],"class_list":{"0":"post-731227","1":"product","2":"type-product","3":"status-publish","5":"product_cat-cocuk-ve-genclik-kitaplari","6":"product_cat-hikayeler","7":"pa_cilt-ciltsiz","8":"pa_tur-kitap","9":"pa_yayinevi-timas-cocuk","10":"pa_yazar-arzu-aydos","12":"first","13":"instock","14":"sale","15":"shipping-taxable","16":"purchasable","17":"product-type-simple"},"_links":{"self":[{"href":"https:\/\/roveyayinevi.com.tr\/index.php\/wp-json\/wp\/v2\/product\/731227","targetHints":{"allow":["GET"]}}],"collection":[{"href":"https:\/\/roveyayinevi.com.tr\/index.php\/wp-json\/wp\/v2\/product"}],"about":[{"href":"https:\/\/roveyayinevi.com.tr\/index.php\/wp-json\/wp\/v2\/types\/product"}],"wp:attachment":[{"href":"https:\/\/roveyayinevi.com.tr\/index.php\/wp-json\/wp\/v2\/media?parent=731227"}],"wp:term":[{"taxonomy":"product_brand","embeddable":true,"href":"https:\/\/roveyayinevi.com.tr\/index.php\/wp-json\/wp\/v2\/product_brand?post=731227"},{"taxonomy":"product_cat","embeddable":true,"href":"https:\/\/roveyayinevi.com.tr\/index.php\/wp-json\/wp\/v2\/product_cat?post=731227"},{"taxonomy":"product_tag","embeddable":true,"href":"https:\/\/roveyayinevi.com.tr\/index.php\/wp-json\/wp\/v2\/product_tag?post=731227"}],"curies":[{"name":"wp","href":"https:\/\/api.w.org\/{rel}","templated":true}]}}