{"id":731226,"date":"2025-08-27T21:27:36","date_gmt":"2025-08-27T18:27:36","guid":{"rendered":"https:\/\/roveyayinevi.com.tr\/index.php\/urun\/acaba-bu-nedir\/"},"modified":"2026-04-16T02:39:02","modified_gmt":"2026-04-15T23:39:02","slug":"acaba-bu-nedir","status":"publish","type":"product","link":"https:\/\/roveyayinevi.com.tr\/index.php\/urun\/acaba-bu-nedir\/","title":{"rendered":"Acaba Bu Nedir?"},"content":{"rendered":"<p>Kum saatinin taneleri nas\u0131l ayn\u0131ysa birbiriyle,ba\u015fta insan da \u00f6yle ayn\u0131d\u0131r y\u0131lanlarla,ku\u015flarla, \u00f6rdeklerle&#8230;Sonra zaman akar,taneler darbo\u011fazdan d\u00f6k\u00fcl\u00fcr.\u0130\u015fte ancak o zaman ku\u015f u\u00e7ar, y\u0131lan s\u00fcr\u00fcn\u00fcr,insan y\u00fcr\u00fcr&#8230;Bir biyolog ve bir ressam uzun bir yolculu\u011fun izlerini ar\u0131yor: Yery\u00fcz\u00fcndeki t\u00fcm ya\u015fam\u0131n hik\u00e2yesi h\u00fccrelerimizde kay\u0131tl\u0131 duruyor.<\/p>\n","protected":false},"excerpt":{"rendered":"<p>Kum saatinin taneleri nas\u0131l ayn\u0131ysa birbiriyle,ba\u015fta insan da \u00f6yle ayn\u0131d\u0131r y\u0131lanlarla,ku\u015flarla, \u00f6rdeklerle&#8230;Sonra zaman akar,taneler darbo\u011fazdan d\u00f6k\u00fcl\u00fcr.\u0130\u015fte ancak o zaman ku\u015f u\u00e7ar, y\u0131lan s\u00fcr\u00fcn\u00fcr,insan y\u00fcr\u00fcr&#8230;Bir biyolog ve<span class=\"excerpt-hellip\"> [\u2026]<\/span><\/p>\n","protected":false},"featured_media":0,"template":"","meta":{"_monsterinsights_skip_tracking":false,"_monsterinsights_sitenote_active":false,"_monsterinsights_sitenote_note":"","_monsterinsights_sitenote_category":0},"product_brand":[],"product_cat":[12274,12284],"product_tag":[],"class_list":{"0":"post-731226","1":"product","2":"type-product","3":"status-publish","5":"product_cat-cocuk-ve-genclik-kitaplari","6":"product_cat-hikayeler","7":"pa_cilt-ciltsiz","8":"pa_tur-kitap","9":"pa_yayinevi-koc-universitesi-yayinlari","10":"pa_yazar-paola-vitale","12":"first","13":"instock","14":"sale","15":"shipping-taxable","16":"purchasable","17":"product-type-simple"},"_links":{"self":[{"href":"https:\/\/roveyayinevi.com.tr\/index.php\/wp-json\/wp\/v2\/product\/731226","targetHints":{"allow":["GET"]}}],"collection":[{"href":"https:\/\/roveyayinevi.com.tr\/index.php\/wp-json\/wp\/v2\/product"}],"about":[{"href":"https:\/\/roveyayinevi.com.tr\/index.php\/wp-json\/wp\/v2\/types\/product"}],"wp:attachment":[{"href":"https:\/\/roveyayinevi.com.tr\/index.php\/wp-json\/wp\/v2\/media?parent=731226"}],"wp:term":[{"taxonomy":"product_brand","embeddable":true,"href":"https:\/\/roveyayinevi.com.tr\/index.php\/wp-json\/wp\/v2\/product_brand?post=731226"},{"taxonomy":"product_cat","embeddable":true,"href":"https:\/\/roveyayinevi.com.tr\/index.php\/wp-json\/wp\/v2\/product_cat?post=731226"},{"taxonomy":"product_tag","embeddable":true,"href":"https:\/\/roveyayinevi.com.tr\/index.php\/wp-json\/wp\/v2\/product_tag?post=731226"}],"curies":[{"name":"wp","href":"https:\/\/api.w.org\/{rel}","templated":true}]}}