{"id":731218,"date":"2025-08-27T21:27:29","date_gmt":"2025-08-27T18:27:29","guid":{"rendered":"https:\/\/roveyayinevi.com.tr\/index.php\/urun\/hugh-selwyn-mauberley\/"},"modified":"2026-04-16T02:39:02","modified_gmt":"2026-04-15T23:39:02","slug":"hugh-selwyn-mauberley","status":"publish","type":"product","link":"https:\/\/roveyayinevi.com.tr\/index.php\/urun\/hugh-selwyn-mauberley\/","title":{"rendered":"Hugh Selwyn Mauberley"},"content":{"rendered":"<p>Hugh Selwyn Mauberley bir sahne-kitapt\u0131r. Pound bu sahnede, 1910\u2019lar boyunca ya\u015fad\u0131\u011f\u0131 Londra\u2019da sanat ve edebiyat d\u00fcnyas\u0131ndan ge\u00e7i\u015fini anlat\u0131r; modern \u0130ngiliz edebiyat\u0131n\u0131n bir\u00e7ok ismine rol verdi\u011fi gibi, antik Yunan muhayyilesini \u00f6zg\u00fcn bir dekor olarak kullan\u0131r. Asl\u0131nda bu sahnede \u015fair, \u00e7a\u011f\u0131n\u0131 yarg\u0131lar. 1910\u2019lu y\u0131llarda, y\u0131k\u0131m\u0131n zirvesinde, \u00e7\u0131kar ve iktidar u\u011fruna b\u00fct\u00fcn de\u011ferleri harcayan Bat\u0131 d\u00fcnyas\u0131n\u0131 tutup kendisiyle y\u00fczle\u015ftirir. Hayat\u0131, g\u00fczelli\u011fi, anlam\u0131 \u00e7i\u011fneyip ge\u00e7en sava\u015fa kar\u015f\u0131 \u015fiirin kadim bilgeli\u011fini hat\u0131rlat\u0131r. Mauberley, modern \u015fiirin n\u00fcfuz etmesi en zor \u00f6rneklerinden biridir \u00e7\u00fcnk\u00fc zorlu y\u0131llara verilmi\u015f keskin bir kar\u015f\u0131l\u0131kt\u0131r.<\/p>\n","protected":false},"excerpt":{"rendered":"<p>Hugh Selwyn Mauberley bir sahne-kitapt\u0131r. Pound bu sahnede, 1910\u2019lar boyunca ya\u015fad\u0131\u011f\u0131 Londra\u2019da sanat ve edebiyat d\u00fcnyas\u0131ndan ge\u00e7i\u015fini anlat\u0131r; modern \u0130ngiliz edebiyat\u0131n\u0131n bir\u00e7ok ismine rol verdi\u011fi gibi,<span class=\"excerpt-hellip\"> [\u2026]<\/span><\/p>\n","protected":false},"featured_media":0,"template":"","meta":{"_monsterinsights_skip_tracking":false,"_monsterinsights_sitenote_active":false,"_monsterinsights_sitenote_note":"","_monsterinsights_sitenote_category":0},"product_brand":[],"product_cat":[12291,12509],"product_tag":[],"class_list":{"0":"post-731218","1":"product","2":"type-product","3":"status-publish","5":"product_cat-edebiyat","6":"product_cat-siir","7":"pa_cilt-ciltsiz","8":"pa_tur-kitap","9":"pa_yayinevi-ketebe-yayinlari","10":"pa_yazar-ezra-pound","12":"first","13":"instock","14":"sale","15":"shipping-taxable","16":"purchasable","17":"product-type-simple"},"_links":{"self":[{"href":"https:\/\/roveyayinevi.com.tr\/index.php\/wp-json\/wp\/v2\/product\/731218","targetHints":{"allow":["GET"]}}],"collection":[{"href":"https:\/\/roveyayinevi.com.tr\/index.php\/wp-json\/wp\/v2\/product"}],"about":[{"href":"https:\/\/roveyayinevi.com.tr\/index.php\/wp-json\/wp\/v2\/types\/product"}],"wp:attachment":[{"href":"https:\/\/roveyayinevi.com.tr\/index.php\/wp-json\/wp\/v2\/media?parent=731218"}],"wp:term":[{"taxonomy":"product_brand","embeddable":true,"href":"https:\/\/roveyayinevi.com.tr\/index.php\/wp-json\/wp\/v2\/product_brand?post=731218"},{"taxonomy":"product_cat","embeddable":true,"href":"https:\/\/roveyayinevi.com.tr\/index.php\/wp-json\/wp\/v2\/product_cat?post=731218"},{"taxonomy":"product_tag","embeddable":true,"href":"https:\/\/roveyayinevi.com.tr\/index.php\/wp-json\/wp\/v2\/product_tag?post=731218"}],"curies":[{"name":"wp","href":"https:\/\/api.w.org\/{rel}","templated":true}]}}