{"id":731217,"date":"2025-08-27T21:27:28","date_gmt":"2025-08-27T18:27:28","guid":{"rendered":"https:\/\/roveyayinevi.com.tr\/index.php\/urun\/fizik-bizi-nasil-ozgur-kilar\/"},"modified":"2026-04-16T02:39:02","modified_gmt":"2026-04-15T23:39:02","slug":"fizik-bizi-nasil-ozgur-kilar","status":"publish","type":"product","link":"https:\/\/roveyayinevi.com.tr\/index.php\/urun\/fizik-bizi-nasil-ozgur-kilar\/","title":{"rendered":"Fizik Bizi Nas\u0131l \u00d6zg\u00fcr K\u0131lar?"},"content":{"rendered":"<p>1687 y\u0131l\u0131nda Isaac Newton, do\u011fa kanunlar\u0131n\u0131n maddenin hareketini neredeyse m\u00fckemmel bir hassasiyetle tahmin etmek i\u00e7in kullan\u0131labilece\u011fi bir bilimsel \u00e7a\u011f\u0131n fitilini ate\u015fledi. Newton fizi\u011fi ayn\u0131 zamanda kendimize dair olan anlay\u0131\u015f\u0131m\u0131za da meydan okudu: U\u00e7aklar\u0131n havada durmas\u0131n\u0131 sa\u011flayan do\u011fa kanunlar\u0131 prensipte bizim de ne \u015fekilde davranaca\u011f\u0131m\u0131z\u0131 tahmin etmede kullan\u0131labilirdi. Peki, ger\u00e7ekten de yapt\u0131\u011f\u0131m\u0131z ve yapaca\u011f\u0131m\u0131z her \u015fey, daha biz do\u011fmadan \u00f6nce var olan olgular taraf\u0131ndan belirleniyor olabilir mi? Bu konu, felsefi tart\u0131\u015fman\u0131n en temel meselelerinden biridir. \u00dcniversite e\u011fitimine yeni ba\u015flam\u0131\u015f \u00e7aylak bir felsefe \u00f6\u011frencisinden tutun da konferanslardan sonra meslekta\u015flar\u0131yla kafa da\u011f\u0131tan teorik fizik\u00e7ilere kadar herkes bu konuyu konu\u015fur durur. Yine de bundan daha \u00e7ok d\u00fc\u015f\u00fcn\u00fclen ve daha az anla\u015f\u0131lm\u0131\u015f ba\u015fka bir konu yoktur. Tart\u0131\u015fmalar\u0131n i\u00e7ine girmek, hatta \u00f6tesine ge\u00e7mek, determinizmin s\u00f6ylediklerini a\u015fmak ve fizi\u011fin bize ne s\u00f6yledi\u011fini ger\u00e7ekten kendi terimleriyle anlamak istiyorsan\u0131z, bu kitab\u0131 okuyun. \u00d6zg\u00fcr irade meselesi pek \u00e7ok ba\u015fka alan ile ba\u011flant\u0131l\u0131. Karar vermek ne demektir ve eylemlerimizin \u00f6nceden belirlendi\u011fini s\u00f6ylemek ne manaya gelir? Do\u011fa kanunlar\u0131 nelerdir? Sebepleri nedir? Fizik merce\u011finden bak\u0131ld\u0131\u011f\u0131ndan bizler ne t\u00fcr varl\u0131klar\u0131z ve do\u011fal d\u00fczene nas\u0131l ayak uydurabiliriz? Ismael, bu kitapta fizi\u011fin kendimiz hakk\u0131nda neler s\u00f6yledi\u011fini derinlemesine inceliyor. \u0130nsan varolu\u015funa dair bu temel soruya, herkesin anlayabilece\u011fi ve yenilik\u00e7i bir bak\u0131\u015f a\u00e7\u0131s\u0131 ile yakla\u015f\u0131yor.<\/p>\n","protected":false},"excerpt":{"rendered":"<p>1687 y\u0131l\u0131nda Isaac Newton, do\u011fa kanunlar\u0131n\u0131n maddenin hareketini neredeyse m\u00fckemmel bir hassasiyetle tahmin etmek i\u00e7in kullan\u0131labilece\u011fi bir bilimsel \u00e7a\u011f\u0131n fitilini ate\u015fledi. Newton fizi\u011fi ayn\u0131 zamanda kendimize<span class=\"excerpt-hellip\"> [\u2026]<\/span><\/p>\n","protected":false},"featured_media":0,"template":"","meta":{"_monsterinsights_skip_tracking":false,"_monsterinsights_sitenote_active":false,"_monsterinsights_sitenote_note":"","_monsterinsights_sitenote_category":0},"product_brand":[],"product_cat":[13005,16724],"product_tag":[],"class_list":{"0":"post-731217","1":"product","2":"type-product","3":"status-publish","5":"product_cat-bilim-muhendislik","6":"product_cat-matematik","7":"pa_cilt-ciltsiz","8":"pa_tur-kitap","9":"pa_yayinevi-ketebe-yayinlari","10":"pa_yazar-j-t-ismael","12":"first","13":"instock","14":"sale","15":"shipping-taxable","16":"purchasable","17":"product-type-simple"},"_links":{"self":[{"href":"https:\/\/roveyayinevi.com.tr\/index.php\/wp-json\/wp\/v2\/product\/731217","targetHints":{"allow":["GET"]}}],"collection":[{"href":"https:\/\/roveyayinevi.com.tr\/index.php\/wp-json\/wp\/v2\/product"}],"about":[{"href":"https:\/\/roveyayinevi.com.tr\/index.php\/wp-json\/wp\/v2\/types\/product"}],"wp:attachment":[{"href":"https:\/\/roveyayinevi.com.tr\/index.php\/wp-json\/wp\/v2\/media?parent=731217"}],"wp:term":[{"taxonomy":"product_brand","embeddable":true,"href":"https:\/\/roveyayinevi.com.tr\/index.php\/wp-json\/wp\/v2\/product_brand?post=731217"},{"taxonomy":"product_cat","embeddable":true,"href":"https:\/\/roveyayinevi.com.tr\/index.php\/wp-json\/wp\/v2\/product_cat?post=731217"},{"taxonomy":"product_tag","embeddable":true,"href":"https:\/\/roveyayinevi.com.tr\/index.php\/wp-json\/wp\/v2\/product_tag?post=731217"}],"curies":[{"name":"wp","href":"https:\/\/api.w.org\/{rel}","templated":true}]}}