{"id":731216,"date":"2025-08-27T21:27:27","date_gmt":"2025-08-27T18:27:27","guid":{"rendered":"https:\/\/roveyayinevi.com.tr\/index.php\/urun\/dublinliler-3\/"},"modified":"2026-04-12T02:46:12","modified_gmt":"2026-04-11T23:46:12","slug":"dublinliler-3","status":"publish","type":"product","link":"https:\/\/roveyayinevi.com.tr\/index.php\/urun\/dublinliler-3\/","title":{"rendered":"Dublinliler"},"content":{"rendered":"<p>Finnegans Wake ve Ulysses ile d\u00fcnya edebiyat\u0131nda \u00e7\u0131\u011f\u0131r a\u00e7an \u0130rlandal\u0131 yazar James Joyce Dublinliler\u2019de Dublin\u2019in insanlar\u0131n\u0131, hayat\u0131n\u0131 ve k\u00fclt\u00fcr\u00fcn\u00fc anlat\u0131yor. Yal\u0131n g\u00f6r\u00fcnen ama derin anlamlar ta\u015f\u0131yan bu \u00f6yk\u00fclerde insanl\u0131k hallerini, ahlak\u0131, g\u00fcndelik endi\u015feleri, \u015fehir hayat\u0131n\u0131, Avrupa\u2019y\u0131, \u0130rlandal\u0131 olmay\u0131, nihayet a\u015fk\u0131 ve \u00f6l\u00fcm\u00fc Joyce\u2019un kendine has ger\u00e7ek\u00e7ili\u011fiyle okuyor uz. D\u00fcnya edebiyat\u0131n\u0131n ve \u0130ngilizcenin b\u00fcy\u00fck yazar\u0131n\u0131n yan\u0131nda Dublin sokaklar\u0131nda y\u00fcr\u00fcyor; kayg\u0131lar\u0131, hevesleri, dertleri, kavgalar\u0131 ve arzular\u0131yla bize hi\u00e7 de yabanc\u0131 gelmeyen insanlar\u0131n maceralar\u0131na tan\u0131kl\u0131k ediyoruz. \u201cA\u011f\u0131r a\u011f\u0131r can\u0131 \u00e7ekildi, k\u00e2inat\u0131 hafif\u00e7e \u00f6rten kar seslerini i\u015fitince, kar ki iner hafif\u00e7e, nihai sonlar\u0131n\u0131n ini\u015fi gibi, t\u00fcm ya\u015fayanlar\u0131n ve \u00f6l\u00fclerin \u00fcst\u00fcne.\u201d<\/p>\n","protected":false},"excerpt":{"rendered":"<p>Finnegans Wake ve Ulysses ile d\u00fcnya edebiyat\u0131nda \u00e7\u0131\u011f\u0131r a\u00e7an \u0130rlandal\u0131 yazar James Joyce Dublinliler\u2019de Dublin\u2019in insanlar\u0131n\u0131, hayat\u0131n\u0131 ve k\u00fclt\u00fcr\u00fcn\u00fc anlat\u0131yor. Yal\u0131n g\u00f6r\u00fcnen ama derin anlamlar ta\u015f\u0131yan<span class=\"excerpt-hellip\"> [\u2026]<\/span><\/p>\n","protected":false},"featured_media":0,"template":"","meta":{"_monsterinsights_skip_tracking":false,"_monsterinsights_sitenote_active":false,"_monsterinsights_sitenote_note":"","_monsterinsights_sitenote_category":0},"product_brand":[],"product_cat":[12291,12711],"product_tag":[],"class_list":{"0":"post-731216","1":"product","2":"type-product","3":"status-publish","5":"product_cat-edebiyat","6":"product_cat-roman-oyku","7":"pa_cilt-ciltsiz","8":"pa_tur-kitap","9":"pa_yayinevi-ketebe-yayinlari","10":"pa_yazar-james-joyce","12":"first","13":"instock","14":"sale","15":"shipping-taxable","16":"purchasable","17":"product-type-simple"},"_links":{"self":[{"href":"https:\/\/roveyayinevi.com.tr\/index.php\/wp-json\/wp\/v2\/product\/731216","targetHints":{"allow":["GET"]}}],"collection":[{"href":"https:\/\/roveyayinevi.com.tr\/index.php\/wp-json\/wp\/v2\/product"}],"about":[{"href":"https:\/\/roveyayinevi.com.tr\/index.php\/wp-json\/wp\/v2\/types\/product"}],"wp:attachment":[{"href":"https:\/\/roveyayinevi.com.tr\/index.php\/wp-json\/wp\/v2\/media?parent=731216"}],"wp:term":[{"taxonomy":"product_brand","embeddable":true,"href":"https:\/\/roveyayinevi.com.tr\/index.php\/wp-json\/wp\/v2\/product_brand?post=731216"},{"taxonomy":"product_cat","embeddable":true,"href":"https:\/\/roveyayinevi.com.tr\/index.php\/wp-json\/wp\/v2\/product_cat?post=731216"},{"taxonomy":"product_tag","embeddable":true,"href":"https:\/\/roveyayinevi.com.tr\/index.php\/wp-json\/wp\/v2\/product_tag?post=731216"}],"curies":[{"name":"wp","href":"https:\/\/api.w.org\/{rel}","templated":true}]}}