{"id":731214,"date":"2025-08-27T21:27:26","date_gmt":"2025-08-27T18:27:26","guid":{"rendered":"https:\/\/roveyayinevi.com.tr\/index.php\/urun\/olaganustu-matematik\/"},"modified":"2026-04-16T02:39:02","modified_gmt":"2026-04-15T23:39:02","slug":"olaganustu-matematik","status":"publish","type":"product","link":"https:\/\/roveyayinevi.com.tr\/index.php\/urun\/olaganustu-matematik\/","title":{"rendered":"Ola\u011fan\u00fcst\u00fc Matematik"},"content":{"rendered":"<p>Antik metinleri \u00e7\u00f6zmeye \u00e7al\u0131\u015fan arkeologlar. Bir salg\u0131n hastal\u0131\u011f\u0131n t\u00fcm d\u00fcnyaya yay\u0131l\u0131p pandemiye d\u00f6n\u00fc\u015fmesini engellemeye \u00e7al\u0131\u015fan uzmanlar. Kendilerini d\u0131\u015flamaya \u00e7al\u0131\u015fan bir toplumda oy hakk\u0131 m\u00fccadelesi veren Afro-Amerikanlar. Ve mutfak masas\u0131nda bulmaca \u00e7\u00f6zen bir aile. Bu say\u0131lanlar\u0131n pek ortak noktas\u0131 varm\u0131\u015f gibi durmasa da, hakikat \u00f6yle de\u011fil. Hepsi, \u00e7ok y\u00f6nl\u00fc zorluklarla kar\u015f\u0131 kar\u015f\u0131ya ve sorunlar\u0131n\u0131 \u00e7\u00f6zmek i\u00e7in de matemati\u011fe ihtiya\u00e7 duyuyorlar. Yazar ve e\u011fitimci olan Anna Weltman, bu kitapta matemati\u011fin g\u00fcc\u00fcn\u00fcn s\u0131n\u0131rlar\u0131n\u0131n nerelere ula\u015fabilece\u011fini g\u00f6steriyor ve bizlere matemati\u011fin bilimden politikaya, tarihten e\u011fitime, sanattan sa\u011fl\u0131\u011fa pek \u00e7ok alanda nas\u0131l uygulanabilece\u011fini a\u00e7\u0131kl\u0131yor. Weltman sayesinde matemati\u011fin bizi sava\u015ftan ve salg\u0131n hastal\u0131klardan nas\u0131l korudu\u011funu, d\u00fcnyay\u0131 daha adil bir yer haline getirmek i\u00e7in nas\u0131l da i\u015fe yarad\u0131\u011f\u0131n\u0131 \u00f6\u011freniyoruz. Hem tarihi olaylardan hem de g\u00fcncel \u00f6rneklerden yararlanan yazar, matematiksel d\u00fc\u015f\u00fcncenin karma\u015f\u0131k izlerini takip ederken, k\u00fcresel problemlere ve bir b\u00fct\u00fcn olarak insanl\u0131\u011f\u0131n ortak miras\u0131na b\u00fcy\u00fcleyici bir bak\u0131\u015f a\u00e7\u0131s\u0131yla bakmam\u0131z\u0131 sa\u011fl\u0131yor. Bu kitap, ola\u011fan\u00fcst\u00fc bir kitap!<\/p>\n","protected":false},"excerpt":{"rendered":"<p>Antik metinleri \u00e7\u00f6zmeye \u00e7al\u0131\u015fan arkeologlar. Bir salg\u0131n hastal\u0131\u011f\u0131n t\u00fcm d\u00fcnyaya yay\u0131l\u0131p pandemiye d\u00f6n\u00fc\u015fmesini engellemeye \u00e7al\u0131\u015fan uzmanlar. Kendilerini d\u0131\u015flamaya \u00e7al\u0131\u015fan bir toplumda oy hakk\u0131 m\u00fccadelesi veren Afro-Amerikanlar.<span class=\"excerpt-hellip\"> [\u2026]<\/span><\/p>\n","protected":false},"featured_media":0,"template":"","meta":{"_monsterinsights_skip_tracking":false,"_monsterinsights_sitenote_active":false,"_monsterinsights_sitenote_note":"","_monsterinsights_sitenote_category":0},"product_brand":[],"product_cat":[13005,16724],"product_tag":[],"class_list":{"0":"post-731214","1":"product","2":"type-product","3":"status-publish","5":"product_cat-bilim-muhendislik","6":"product_cat-matematik","7":"pa_cilt-ciltsiz","8":"pa_tur-kitap","9":"pa_yayinevi-ketebe-yayinlari","10":"pa_yazar-anna-weltman","12":"first","13":"instock","14":"sale","15":"shipping-taxable","16":"purchasable","17":"product-type-simple"},"_links":{"self":[{"href":"https:\/\/roveyayinevi.com.tr\/index.php\/wp-json\/wp\/v2\/product\/731214","targetHints":{"allow":["GET"]}}],"collection":[{"href":"https:\/\/roveyayinevi.com.tr\/index.php\/wp-json\/wp\/v2\/product"}],"about":[{"href":"https:\/\/roveyayinevi.com.tr\/index.php\/wp-json\/wp\/v2\/types\/product"}],"wp:attachment":[{"href":"https:\/\/roveyayinevi.com.tr\/index.php\/wp-json\/wp\/v2\/media?parent=731214"}],"wp:term":[{"taxonomy":"product_brand","embeddable":true,"href":"https:\/\/roveyayinevi.com.tr\/index.php\/wp-json\/wp\/v2\/product_brand?post=731214"},{"taxonomy":"product_cat","embeddable":true,"href":"https:\/\/roveyayinevi.com.tr\/index.php\/wp-json\/wp\/v2\/product_cat?post=731214"},{"taxonomy":"product_tag","embeddable":true,"href":"https:\/\/roveyayinevi.com.tr\/index.php\/wp-json\/wp\/v2\/product_tag?post=731214"}],"curies":[{"name":"wp","href":"https:\/\/api.w.org\/{rel}","templated":true}]}}