{"id":731213,"date":"2025-08-27T21:27:25","date_gmt":"2025-08-27T18:27:25","guid":{"rendered":"https:\/\/roveyayinevi.com.tr\/index.php\/urun\/pkk-teror-ve-ideoloji\/"},"modified":"2026-04-16T02:39:02","modified_gmt":"2026-04-15T23:39:02","slug":"pkk-teror-ve-ideoloji","status":"publish","type":"product","link":"https:\/\/roveyayinevi.com.tr\/index.php\/urun\/pkk-teror-ve-ideoloji\/","title":{"rendered":"PKK Teror ve \u0130deoloji"},"content":{"rendered":"<p>T\u00fcrkiye, 1960\u2019l\u0131 y\u0131llardaki devrimci romantizmin etkisiyle ortaya \u00e7\u0131kan radikal sol \u00f6rg\u00fctler ve etnik milliyet\u00e7ili\u011fe dayal\u0131 Marksist-Leninist ter\u00f6r \u00f6rg\u00fct\u00fc olan P*KK\/K*CK ter\u00f6r \u00f6rg\u00fct\u00fcyle uzun y\u0131llardan beri m\u00fccadele vermektedir. Ancak bug\u00fcn ter\u00f6rizmle m\u00fccadele konusunda salt g\u00fcvenlik \u00f6nlemlerinin yetersiz oldu\u011fu a\u00e7\u0131k\u00e7a ortadad\u0131r. \u00d6rg\u00fct\u00fcn kurulu\u015fundan g\u00fcn\u00fcm\u00fcze kadarki yap\u0131sal ve ideolojik d\u00f6n\u00fc\u015f\u00fcm\u00fcn\u00fcn izlenmesi de ter\u00f6rle m\u00fccadele stratejileri ve uygulamalar\u0131 a\u00e7\u0131s\u0131ndan b\u00fcy\u00fck \u00f6nem ta\u015f\u0131maktad\u0131r.\u00d6*rg\u00fct, ideolojik a\u00e7\u0131dan K\u00fcrt siyasi olu\u015fumlar\u0131 ve hareketlerinin s\u00f6zde tek savunucusu ve K\u00fcrt vatanda\u015flar\u0131m\u0131z\u0131n temsili anlam\u0131nda yeg\u00e2ne belirleyicisi oldu\u011fu tezini savunmu\u015f; alternatif olu\u015fumlar\u0131 korkutmak, y\u0131ld\u0131rmak ve ortadan kald\u0131rmak suretiyle bu iddias\u0131n\u0131 devam ettirmi\u015ftir. Fakat 1990\u2019l\u0131 y\u0131llarda Sovyet rejiminin \u00e7\u00f6kmesinin ard\u0131ndan Marksist-Leninist ideolojinin, 2000\u2019li y\u0131llarda ise salt etnik temelle dayal\u0131 siyasal taleplerin, ter\u00f6r \u00f6rg\u00fct\u00fcn\u00fc bir arada tutamayaca\u011f\u0131n\u0131 ve devaml\u0131l\u0131\u011f\u0131n\u0131 koruyamayaca\u011f\u0131n\u0131 analiz etmi\u015f ve farkl\u0131 ideolojik aray\u0131\u015flara giri\u015fmi\u015ftir.Bu \u00e7al\u0131\u015fmada, P*KK te*r\u00f6r \u00f6rg\u00fct\u00fcn\u00fcn kurulu\u015funda belirleyici olan ideolojinin arka plan\u0131 anlat\u0131lmaya \u00e7al\u0131\u015f\u0131larak, s\u00f6zde kongre kararlar\u0131 ile birlikte \u00f6rg\u00fct\u00fcn zaman i\u00e7erisinde ne t\u00fcr ideolojik ve yap\u0131sal d\u00f6n\u00fc\u015f\u00fcmler tecr\u00fcbe etti\u011fi, g\u00fcn\u00fcm\u00fczdeki s\u00f6ylem ve eylem formlar\u0131 ile yeni \u00f6rg\u00fctlenme bi\u00e7imleri derinlemesine incelenmi\u015f ve analiz edilmi\u015ftir.<\/p>\n","protected":false},"excerpt":{"rendered":"<p>T\u00fcrkiye, 1960\u2019l\u0131 y\u0131llardaki devrimci romantizmin etkisiyle ortaya \u00e7\u0131kan radikal sol \u00f6rg\u00fctler ve etnik milliyet\u00e7ili\u011fe dayal\u0131 Marksist-Leninist ter\u00f6r \u00f6rg\u00fct\u00fc olan P*KK\/K*CK ter\u00f6r \u00f6rg\u00fct\u00fcyle uzun y\u0131llardan beri m\u00fccadele<span class=\"excerpt-hellip\"> [\u2026]<\/span><\/p>\n","protected":false},"featured_media":0,"template":"","meta":{"_monsterinsights_skip_tracking":false,"_monsterinsights_sitenote_active":false,"_monsterinsights_sitenote_note":"","_monsterinsights_sitenote_category":0},"product_brand":[],"product_cat":[13590,12337],"product_tag":[],"class_list":{"0":"post-731213","1":"product","2":"type-product","3":"status-publish","5":"product_cat-arastirma-inceleme-politika-siyaset","6":"product_cat-politika-siyaset","7":"pa_cilt-ciltsiz","8":"pa_tur-kitap","9":"pa_yayinevi-yeditepe-yayinevi","10":"pa_yazar-halil-sen","12":"first","13":"instock","14":"sale","15":"shipping-taxable","16":"purchasable","17":"product-type-simple"},"_links":{"self":[{"href":"https:\/\/roveyayinevi.com.tr\/index.php\/wp-json\/wp\/v2\/product\/731213","targetHints":{"allow":["GET"]}}],"collection":[{"href":"https:\/\/roveyayinevi.com.tr\/index.php\/wp-json\/wp\/v2\/product"}],"about":[{"href":"https:\/\/roveyayinevi.com.tr\/index.php\/wp-json\/wp\/v2\/types\/product"}],"wp:attachment":[{"href":"https:\/\/roveyayinevi.com.tr\/index.php\/wp-json\/wp\/v2\/media?parent=731213"}],"wp:term":[{"taxonomy":"product_brand","embeddable":true,"href":"https:\/\/roveyayinevi.com.tr\/index.php\/wp-json\/wp\/v2\/product_brand?post=731213"},{"taxonomy":"product_cat","embeddable":true,"href":"https:\/\/roveyayinevi.com.tr\/index.php\/wp-json\/wp\/v2\/product_cat?post=731213"},{"taxonomy":"product_tag","embeddable":true,"href":"https:\/\/roveyayinevi.com.tr\/index.php\/wp-json\/wp\/v2\/product_tag?post=731213"}],"curies":[{"name":"wp","href":"https:\/\/api.w.org\/{rel}","templated":true}]}}