{"id":731212,"date":"2025-08-27T21:27:24","date_gmt":"2025-08-27T18:27:24","guid":{"rendered":"https:\/\/roveyayinevi.com.tr\/index.php\/urun\/daes-ideoloji-ve-yontem\/"},"modified":"2026-04-16T02:39:02","modified_gmt":"2026-04-15T23:39:02","slug":"daes-ideoloji-ve-yontem","status":"publish","type":"product","link":"https:\/\/roveyayinevi.com.tr\/index.php\/urun\/daes-ideoloji-ve-yontem\/","title":{"rendered":"Dae\u015f \u0130deoloji ve Y\u00f6ntem"},"content":{"rendered":"<p>DAE\u015e, El-Kaide\u2019nin b\u00fcnyesinden \u00e7\u0131km\u0131\u015f bir ter\u00f6r \u00f6rg\u00fct\u00fcd\u00fcr. ABD\u2019nin Irak\u2019tan \u00e7ekilmesiyle birlikte \u2018Irak \u0130slam Devleti\u2019 ad\u0131yla b\u00f6lgede g\u00fc\u00e7 kazanm\u0131\u015f, Musul\u2019u i\u015fgal etmesiyle de d\u00fcnya g\u00fcndemine oturmu\u015ftur. 2011\u2019de ba\u015flayan Suriye i\u00e7 sava\u015f\u0131n\u0131 kullanarak k\u0131sa zamanda Suriye ve Irak\u2019\u0131n bir b\u00f6l\u00fcm\u00fcnde teritoryal bir h\u00e2kimiyet kurmu\u015ftur. Ancak T\u00fcrkiye\u2019nin d\u00fczenledi\u011fi harek\u00e2tlar ve uluslararas\u0131 koalisyonun hava sald\u0131r\u0131lar\u0131yla \u00f6nemli darbeler alm\u0131\u015ft\u0131r.DAE\u015e\u2019in stratejisinde ve hedefinde T\u00fcrkiye de \u00f6nemli bir yer tutmaktad\u0131r. T\u00fcrkiye, DAE\u015e tehdidi ile bulundu\u011fu co\u011frafi konum nedeniyle do\u011frudan kar\u015f\u0131 kar\u015f\u0131ya kalan, \u00f6rg\u00fctle m\u00fccadelede en \u00e7ok \u00e7aba harcayan ve bedel \u00f6deyen \u00fclkedir. Elinizdeki kitap yerli ve yabanc\u0131 \u00e7ok say\u0131da kayna\u011f\u0131n kullan\u0131m\u0131yla DAE\u015e hakk\u0131nda haz\u0131rlanan olduk\u00e7a kapsaml\u0131 bir \u00e7al\u0131\u015fmad\u0131r. Ayr\u0131ca \u00f6rg\u00fct\u00fcn rapor, kitap, vesika, foto\u011fraf, video ve ses kayd\u0131 gibi materyallerinden de yararlan\u0131lm\u0131\u015ft\u0131r. DAE\u015e\u2019in ortaya \u00e7\u0131k\u0131\u015f\u0131, liderleri, ideolojisi, geli\u015fimi, stratejisi, eylemleri ve propaganda faaliyetleri hakk\u0131nda ayr\u0131nt\u0131l\u0131 bir inceleme sunulmaktad\u0131r.<\/p>\n","protected":false},"excerpt":{"rendered":"<p>DAE\u015e, El-Kaide\u2019nin b\u00fcnyesinden \u00e7\u0131km\u0131\u015f bir ter\u00f6r \u00f6rg\u00fct\u00fcd\u00fcr. ABD\u2019nin Irak\u2019tan \u00e7ekilmesiyle birlikte \u2018Irak \u0130slam Devleti\u2019 ad\u0131yla b\u00f6lgede g\u00fc\u00e7 kazanm\u0131\u015f, Musul\u2019u i\u015fgal etmesiyle de d\u00fcnya g\u00fcndemine oturmu\u015ftur. 2011\u2019de<span class=\"excerpt-hellip\"> [\u2026]<\/span><\/p>\n","protected":false},"featured_media":0,"template":"","meta":{"_monsterinsights_skip_tracking":false,"_monsterinsights_sitenote_active":false,"_monsterinsights_sitenote_note":"","_monsterinsights_sitenote_category":0},"product_brand":[],"product_cat":[13590,12337],"product_tag":[],"class_list":{"0":"post-731212","1":"product","2":"type-product","3":"status-publish","5":"product_cat-arastirma-inceleme-politika-siyaset","6":"product_cat-politika-siyaset","7":"pa_cilt-ciltsiz","8":"pa_tur-kitap","9":"pa_yayinevi-yeditepe-yayinevi","10":"pa_yazar-ihsan-bozkurt","12":"first","13":"instock","14":"sale","15":"shipping-taxable","16":"purchasable","17":"product-type-simple"},"_links":{"self":[{"href":"https:\/\/roveyayinevi.com.tr\/index.php\/wp-json\/wp\/v2\/product\/731212","targetHints":{"allow":["GET"]}}],"collection":[{"href":"https:\/\/roveyayinevi.com.tr\/index.php\/wp-json\/wp\/v2\/product"}],"about":[{"href":"https:\/\/roveyayinevi.com.tr\/index.php\/wp-json\/wp\/v2\/types\/product"}],"wp:attachment":[{"href":"https:\/\/roveyayinevi.com.tr\/index.php\/wp-json\/wp\/v2\/media?parent=731212"}],"wp:term":[{"taxonomy":"product_brand","embeddable":true,"href":"https:\/\/roveyayinevi.com.tr\/index.php\/wp-json\/wp\/v2\/product_brand?post=731212"},{"taxonomy":"product_cat","embeddable":true,"href":"https:\/\/roveyayinevi.com.tr\/index.php\/wp-json\/wp\/v2\/product_cat?post=731212"},{"taxonomy":"product_tag","embeddable":true,"href":"https:\/\/roveyayinevi.com.tr\/index.php\/wp-json\/wp\/v2\/product_tag?post=731212"}],"curies":[{"name":"wp","href":"https:\/\/api.w.org\/{rel}","templated":true}]}}