{"id":731205,"date":"2025-08-27T21:27:19","date_gmt":"2025-08-27T18:27:19","guid":{"rendered":"https:\/\/roveyayinevi.com.tr\/index.php\/urun\/kucuk-mucizeler\/"},"modified":"2026-04-16T02:39:02","modified_gmt":"2026-04-15T23:39:02","slug":"kucuk-mucizeler","status":"publish","type":"product","link":"https:\/\/roveyayinevi.com.tr\/index.php\/urun\/kucuk-mucizeler\/","title":{"rendered":"K\u00fc\u00e7\u00fck Mucizeler"},"content":{"rendered":"<p>Hayat mucizelerle doluydu. Bazen k\u00fc\u00e7\u00fck bir kalpte, bazen bir kar tanesinde, bazen y\u0131ld\u0131zlar\u0131n aras\u0131nda&#8230; Bazen de tam yan\u0131 ba\u015f\u0131m\u0131zda!    Sahip oldu\u011fum k\u00fc\u00e7\u00fck mucizenin ad\u0131yd\u0131 Pamir Ege. Huzuru, ne\u015feyi, sevgiyi hissetmek i\u00e7in sadece ona bakmak, bazen yaln\u0131zca onu d\u00fc\u015f\u00fcnmek bile yetiyordu. Ufac\u0131k bedeniyle zor g\u00fcnleri atlatmam i\u00e7in bana g\u00fc\u00e7 vermi\u015fti. Bana bir aile vermi\u015f, en iyi arkada\u015f\u0131m olmu\u015ftu. Beni k\u0131r\u0131lgan, \u00e7aresiz, gencecik bir k\u0131zdan; cesur ve g\u00fc\u00e7l\u00fc bir kad\u0131na d\u00f6n\u00fc\u015ft\u00fcrm\u00fc\u015ft\u00fc. Annesini kimsesizlikten kurtaran, ona ya\u015famak i\u00e7in bir neden veren bir bebek.   Benim bebe\u011fim.  Birlikte iyiydik. Birlikte g\u00fcvendeydik. Birer karde\u015ften farks\u0131z olan iki deli arkada\u015fa ve hepimize annelik eden tatl\u0131 bir kad\u0131na sahiptik. Ba\u015fka birine ihtiyac\u0131m olmad\u0131\u011f\u0131n\u0131 san\u0131yordum. Bir daha bir adama g\u00fcvenemeyece\u011fimi, kalbimi a\u015fka a\u00e7amayaca\u011f\u0131m\u0131 san\u0131yordum. Ta ki Doruk Atao\u011flu\u2019yla kar\u015f\u0131la\u015fana dek.  Doruk etraf\u0131mdaki varl\u0131\u011f\u0131yla kalbimin kilitli kap\u0131lar\u0131n\u0131 her g\u00fcn biraz daha zorlarken ge\u00e7mi\u015fteki k\u0131rg\u0131nl\u0131klar\u0131mla sava\u015fmak istememi sa\u011fl\u0131yordu. Bir vaat de\u011ferindeki s\u00f6zleriyle beni ku\u015fat\u0131yor, ona g\u00fcvenmem i\u00e7in t\u00fcm y\u00fcre\u011fini ortaya seriyordu. B\u00fct\u00fcn bunlar nas\u0131l sonu\u00e7lanacak merak ediyordum. \u0130kimizin varaca\u011f\u0131 yer neresiydi?  <\/p>\n","protected":false},"excerpt":{"rendered":"<p>Hayat mucizelerle doluydu. Bazen k\u00fc\u00e7\u00fck bir kalpte, bazen bir kar tanesinde, bazen y\u0131ld\u0131zlar\u0131n aras\u0131nda&#8230; Bazen de tam yan\u0131 ba\u015f\u0131m\u0131zda! Sahip oldu\u011fum k\u00fc\u00e7\u00fck mucizenin ad\u0131yd\u0131 Pamir Ege.<span class=\"excerpt-hellip\"> [\u2026]<\/span><\/p>\n","protected":false},"featured_media":0,"template":"","meta":{"_monsterinsights_skip_tracking":false,"_monsterinsights_sitenote_active":false,"_monsterinsights_sitenote_note":"","_monsterinsights_sitenote_category":0},"product_brand":[],"product_cat":[12291,12711],"product_tag":[],"class_list":{"0":"post-731205","1":"product","2":"type-product","3":"status-publish","5":"product_cat-edebiyat","6":"product_cat-roman-oyku","7":"pa_cilt-ciltsiz","8":"pa_tur-kitap","9":"pa_yayinevi-ren-kitap","10":"pa_yazar-betul-guclu","12":"first","13":"instock","14":"sale","15":"shipping-taxable","16":"purchasable","17":"product-type-simple"},"_links":{"self":[{"href":"https:\/\/roveyayinevi.com.tr\/index.php\/wp-json\/wp\/v2\/product\/731205","targetHints":{"allow":["GET"]}}],"collection":[{"href":"https:\/\/roveyayinevi.com.tr\/index.php\/wp-json\/wp\/v2\/product"}],"about":[{"href":"https:\/\/roveyayinevi.com.tr\/index.php\/wp-json\/wp\/v2\/types\/product"}],"wp:attachment":[{"href":"https:\/\/roveyayinevi.com.tr\/index.php\/wp-json\/wp\/v2\/media?parent=731205"}],"wp:term":[{"taxonomy":"product_brand","embeddable":true,"href":"https:\/\/roveyayinevi.com.tr\/index.php\/wp-json\/wp\/v2\/product_brand?post=731205"},{"taxonomy":"product_cat","embeddable":true,"href":"https:\/\/roveyayinevi.com.tr\/index.php\/wp-json\/wp\/v2\/product_cat?post=731205"},{"taxonomy":"product_tag","embeddable":true,"href":"https:\/\/roveyayinevi.com.tr\/index.php\/wp-json\/wp\/v2\/product_tag?post=731205"}],"curies":[{"name":"wp","href":"https:\/\/api.w.org\/{rel}","templated":true}]}}