{"id":731204,"date":"2025-08-27T21:27:18","date_gmt":"2025-08-27T18:27:18","guid":{"rendered":"https:\/\/roveyayinevi.com.tr\/index.php\/urun\/leningrad-kusatilmis-bir-sehrin-trajedisi-1941-1944\/"},"modified":"2026-04-16T02:39:02","modified_gmt":"2026-04-15T23:39:02","slug":"leningrad-kusatilmis-bir-sehrin-trajedisi-1941-1944","status":"publish","type":"product","link":"https:\/\/roveyayinevi.com.tr\/index.php\/urun\/leningrad-kusatilmis-bir-sehrin-trajedisi-1941-1944\/","title":{"rendered":"Leningrad &#8211; Ku\u015fat\u0131lm\u0131\u015f Bir \u015eehrin Trajedisi 1941 &#8211; 1944"},"content":{"rendered":"<p>8 Eyl\u00fcl 1941\u2019de, Hitler\u2019in ordular\u0131 Sovyetler Birli\u011fine sald\u0131rd\u0131ktan on bir hafta sonra, Leningrad ku\u015fatma alt\u0131na al\u0131nm\u0131\u015ft\u0131. Alman ku\u015fatmas\u0131 iki bu\u00e7uk sene boyunca devam etti. II. D\u00fcnya Sava\u015f\u0131n\u0131n, tarih\u00e7ilerin dikkatinden ka\u00e7an bu cephesinde, neredeyse bir milyon Leningradl\u0131 a\u00e7l\u0131\u011f\u0131n pen\u00e7esinde can verdi. Anna Reid; g\u00fcn y\u00fcz\u00fcne yeni \u00e7\u0131km\u0131\u015f g\u00fcnl\u00fckleri, ku\u015fatmay\u0131 bizzat ya\u015fam\u0131\u015f tan\u0131klarla yap\u0131lan m\u00fcl\u00e2katlar\u0131, Sovyet devlet belgelerini ve daha bir\u00e7ok \u00e7e\u015fitli kayna\u011f\u0131 bir araya getiriyor ve okuyucusuna ku\u015fatman\u0131n her bir an\u0131n\u0131 t\u00fcm ger\u00e7ekli\u011fiyle resmeden, etkileyici bir \u00e7al\u0131\u015fma sunuyor. \u00d6l\u00fcrs\u00fcn ve ge\u00e7er, fakat bir dakika sonra yine gelir, yine \u0131sl\u0131k \u00e7alar ve \u00f6l\u00fcrs\u00fcn, yeniden do\u011fars\u0131n, ferahlayarak i\u00e7 \u00e7ekersin, sonra yeniden ve yeniden \u00f6l\u00fcrs\u00fcn. Bu ne kadar s\u00fcrecek?&#8230; Beni tek seferde \u00f6ld\u00fcr\u00fcn, g\u00fcnde birka\u00e7 kez par\u00e7a par\u00e7a de\u011fil! Leningrad: Ku\u015fat\u0131lm\u0131\u015f Bir \u015eehrin Trajedisi 1941-1944; sava\u015f\u0131, askeri ya da siyasi tarih dilinin \u00f6tesinde, insan g\u00f6z\u00fcnden g\u00f6steren ve hissettiren s\u0131ra d\u0131\u015f\u0131 bir eser.<\/p>\n","protected":false},"excerpt":{"rendered":"<p>8 Eyl\u00fcl 1941\u2019de, Hitler\u2019in ordular\u0131 Sovyetler Birli\u011fine sald\u0131rd\u0131ktan on bir hafta sonra, Leningrad ku\u015fatma alt\u0131na al\u0131nm\u0131\u015ft\u0131. Alman ku\u015fatmas\u0131 iki bu\u00e7uk sene boyunca devam etti. II. D\u00fcnya<span class=\"excerpt-hellip\"> [\u2026]<\/span><\/p>\n","protected":false},"featured_media":0,"template":"","meta":{"_monsterinsights_skip_tracking":false,"_monsterinsights_sitenote_active":false,"_monsterinsights_sitenote_note":"","_monsterinsights_sitenote_category":0},"product_brand":[],"product_cat":[12305,12304],"product_tag":[],"class_list":{"0":"post-731204","1":"product","2":"type-product","3":"status-publish","5":"product_cat-dunya-tarihi","6":"product_cat-tarih","7":"pa_cilt-ciltsiz","8":"pa_tur-kitap","9":"pa_yayinevi-vakifbank-kultur-yayinlari","10":"pa_yazar-anna-reid","12":"first","13":"instock","14":"sale","15":"shipping-taxable","16":"purchasable","17":"product-type-simple"},"_links":{"self":[{"href":"https:\/\/roveyayinevi.com.tr\/index.php\/wp-json\/wp\/v2\/product\/731204","targetHints":{"allow":["GET"]}}],"collection":[{"href":"https:\/\/roveyayinevi.com.tr\/index.php\/wp-json\/wp\/v2\/product"}],"about":[{"href":"https:\/\/roveyayinevi.com.tr\/index.php\/wp-json\/wp\/v2\/types\/product"}],"wp:attachment":[{"href":"https:\/\/roveyayinevi.com.tr\/index.php\/wp-json\/wp\/v2\/media?parent=731204"}],"wp:term":[{"taxonomy":"product_brand","embeddable":true,"href":"https:\/\/roveyayinevi.com.tr\/index.php\/wp-json\/wp\/v2\/product_brand?post=731204"},{"taxonomy":"product_cat","embeddable":true,"href":"https:\/\/roveyayinevi.com.tr\/index.php\/wp-json\/wp\/v2\/product_cat?post=731204"},{"taxonomy":"product_tag","embeddable":true,"href":"https:\/\/roveyayinevi.com.tr\/index.php\/wp-json\/wp\/v2\/product_tag?post=731204"}],"curies":[{"name":"wp","href":"https:\/\/api.w.org\/{rel}","templated":true}]}}