{"id":731203,"date":"2025-08-27T21:27:17","date_gmt":"2025-08-27T18:27:17","guid":{"rendered":"https:\/\/roveyayinevi.com.tr\/index.php\/urun\/besir-aga-osmanli-hareminin-bas-hadim-agasi\/"},"modified":"2026-04-16T02:39:02","modified_gmt":"2026-04-15T23:39:02","slug":"besir-aga-osmanli-hareminin-bas-hadim-agasi","status":"publish","type":"product","link":"https:\/\/roveyayinevi.com.tr\/index.php\/urun\/besir-aga-osmanli-hareminin-bas-hadim-agasi\/","title":{"rendered":"Be\u015fir A\u011fa &#8211; Osmanl\u0131 Hareminin Ba\u015f Had\u0131m A\u011fas\u0131"},"content":{"rendered":"<p>Bu kitap, 18. y\u00fczy\u0131l\u0131n \u00f6nde gelen Osmanl\u0131 simalar\u0131ndan Hac\u0131 Be\u015fir A\u011fa\u2019n\u0131n Habe\u015fistan\u2019da ba\u015flayan, Osmanl\u0131 Kahire\u2019si ve Hicaz\u2019\u0131ndan ge\u00e7erek \u0130mparatorlu\u011fun ba\u015fkentine kadar uzanan, yakla\u015f\u0131k doksan y\u0131ll\u0131k hayat hik\u00e2yesini konu ediniyor. Had\u0131m edilmi\u015f siyahi bir k\u00f6le olan Be\u015fir A\u011fa, saray\u0131n ve siyasetin en \u00fcst mertebelerine eri\u015fmi\u015f; \u00fc\u00e7 sultan\u0131n hareminde, bir\u00e7ok \u015fehzadenin e\u011fitiminde g\u00f6rev alm\u0131\u015ft\u0131r. D\u00e2r\u00fcssa\u00e2de a\u011fal\u0131\u011f\u0131 makam\u0131nda 29 y\u0131l boyunca kalan Be\u015fir A\u011fa, \u0130mparatorlu\u011fun siyasi ve askeri meselelerinde rol alm\u0131\u015f, sadrazamlar\u0131n tayininde bile s\u00f6z sahibi olmu\u015ftur. Bug\u00fcn Ey\u00fcp Sultan T\u00fcrbesi\u2019nin yan\u0131nda medf\u00fbn olan Be\u015fir A\u011fa, gerek b\u00e2nisi oldu\u011fu k\u00fclliye, k\u00fct\u00fcphane ve hay\u0131r eserleriyle gerek ilim ehlini himaye etmesiyle, Osmanl\u0131 ilim ve k\u00fclt\u00fcr hayat\u0131nda da \u00f6nemli bir ki\u015filiktir. Osmanl\u0131 tarih\u00e7isi Prof. Jane Hathaway\u2019in Be\u015fir A\u011fa: Osmanl\u0131 Hareminin Ba\u015f Had\u0131m A\u011fas\u0131 ba\u015fl\u0131kl\u0131 eseri, \u00fclkemizdeki ara\u015ft\u0131rmalar\u0131n ihmal etti\u011fi, oryantalist yakla\u015f\u0131mlar\u0131n istismar etti\u011fi bu hayat\u0131 birincil kaynaklar\u0131 kullanarak yeniden in\u015fa ediyor ve daha kapsaml\u0131 biyografilerin temelini at\u0131yor.<\/p>\n","protected":false},"excerpt":{"rendered":"<p>Bu kitap, 18. y\u00fczy\u0131l\u0131n \u00f6nde gelen Osmanl\u0131 simalar\u0131ndan Hac\u0131 Be\u015fir A\u011fa\u2019n\u0131n Habe\u015fistan\u2019da ba\u015flayan, Osmanl\u0131 Kahire\u2019si ve Hicaz\u2019\u0131ndan ge\u00e7erek \u0130mparatorlu\u011fun ba\u015fkentine kadar uzanan, yakla\u015f\u0131k doksan y\u0131ll\u0131k hayat<span class=\"excerpt-hellip\"> [\u2026]<\/span><\/p>\n","protected":false},"featured_media":0,"template":"","meta":{"_monsterinsights_skip_tracking":false,"_monsterinsights_sitenote_active":false,"_monsterinsights_sitenote_note":"","_monsterinsights_sitenote_category":0},"product_brand":[],"product_cat":[14009,12291],"product_tag":[],"class_list":{"0":"post-731203","1":"product","2":"type-product","3":"status-publish","5":"product_cat-biyografi-otobiyografi-edebiyat","6":"product_cat-edebiyat","7":"pa_cilt-ciltsiz","8":"pa_tur-kitap","9":"pa_yayinevi-vakifbank-kultur-yayinlari","10":"pa_yazar-jane-hathaway","12":"first","13":"instock","14":"sale","15":"shipping-taxable","16":"purchasable","17":"product-type-simple"},"_links":{"self":[{"href":"https:\/\/roveyayinevi.com.tr\/index.php\/wp-json\/wp\/v2\/product\/731203","targetHints":{"allow":["GET"]}}],"collection":[{"href":"https:\/\/roveyayinevi.com.tr\/index.php\/wp-json\/wp\/v2\/product"}],"about":[{"href":"https:\/\/roveyayinevi.com.tr\/index.php\/wp-json\/wp\/v2\/types\/product"}],"wp:attachment":[{"href":"https:\/\/roveyayinevi.com.tr\/index.php\/wp-json\/wp\/v2\/media?parent=731203"}],"wp:term":[{"taxonomy":"product_brand","embeddable":true,"href":"https:\/\/roveyayinevi.com.tr\/index.php\/wp-json\/wp\/v2\/product_brand?post=731203"},{"taxonomy":"product_cat","embeddable":true,"href":"https:\/\/roveyayinevi.com.tr\/index.php\/wp-json\/wp\/v2\/product_cat?post=731203"},{"taxonomy":"product_tag","embeddable":true,"href":"https:\/\/roveyayinevi.com.tr\/index.php\/wp-json\/wp\/v2\/product_tag?post=731203"}],"curies":[{"name":"wp","href":"https:\/\/api.w.org\/{rel}","templated":true}]}}