{"id":731202,"date":"2025-08-27T21:27:16","date_gmt":"2025-08-27T18:27:16","guid":{"rendered":"https:\/\/roveyayinevi.com.tr\/index.php\/urun\/iki-soz\/"},"modified":"2026-04-16T02:39:02","modified_gmt":"2026-04-15T23:39:02","slug":"iki-soz","status":"publish","type":"product","link":"https:\/\/roveyayinevi.com.tr\/index.php\/urun\/iki-soz\/","title":{"rendered":"\u0130ki S\u00f6z"},"content":{"rendered":"<p>\u0130nsan olmaktan yorulur bazen insan. Hayat yorar, a\u015fk yorar, yaln\u0131zl\u0131k yorar, kalabal\u0131k yorar, gelen yorar, giden yorar&#8230; Sana sunulan hi\u00e7bir \u015feye al\u0131\u015fma bu y\u00fczden. Terk edenler yorar&#8230; Daha az g\u00fcvenmeye, daha az sevmeye ve daha az inanmaya tecr\u00fcbe diyorlar. Ama bu tecr\u00fcbe de\u011fil, tecr\u00fcbeyi do\u011fru kullanamamakt\u0131r. Daha az g\u00fcvenmek, g\u00fcven sorunu yarat\u0131r. Gerekti\u011fi kadar g\u00fcvenmelisin. Daha az sevmek yaln\u0131zl\u0131\u011f\u0131 getirir. Hak etti\u011fi kadar sevmelisin. Daha az inanmak inanc\u0131n\u0131 zedeler. Neye ne kadar inanman gerek, onu bilmelisin. \u0130nsanlar terk edilerek terk etmeyi, aldanarak aldatmay\u0131 \u00f6\u011freniyorlar. Oysa terk edilen sadakati, aldat\u0131lan d\u00fcr\u00fcstl\u00fc\u011f\u00fc \u00f6\u011frenmelidir. Hayat\u0131n getirdi\u011fi sevin\u00e7 ve mutluluklar\u0131 nas\u0131l kabul ediyorsak, onun sunaca\u011f\u0131 kederleri de ayn\u0131 olgunlukla kabul etmeliyiz. Bu d\u00fcnya bir imtihan d\u00fcnyas\u0131. Kaderimize yaz\u0131lan her keder, dayanma, sabretme ve inanma g\u00fcc\u00fcm\u00fcz\u00fc s\u0131nar. Y\u0131k\u0131lm\u0131\u015f, aldanm\u0131\u015f, incinmi\u015f, k\u0131r\u0131lm\u0131\u015f olabilirsin. Umutlar\u0131n t\u00fckenmi\u015f de olabilir. Bu kaderindir. Kader seni s\u00fcrekli dener. Cevab\u0131n\u0131 bilmedi\u011fini sand\u0131\u011f\u0131n bir soru gibi gelir. Oysa Rabb&#8217;in o sorunun cevab\u0131n\u0131 \u00e7oktan vermi\u015ftir. Ve onun senin durumundakilere verdi\u011fi en iyi cevap gece-g\u00fcnd\u00fcz ili\u015fkisidir. Geceyi ve g\u00fcnd\u00fcz\u00fc d\u00fc\u015f\u00fcn \u015fimdi. Ve \u015funu: Her yeni g\u00fcn, bitmi\u015f bir gecenin ard\u0131ndan ba\u015flar ve \u015fahitlik etti\u011fimiz biti\u015fler, g\u00f6remedi\u011fimiz nelerin ba\u015flang\u0131c\u0131d\u0131r kim bilir&#8230;\u015eiirleri ve romanlar\u0131yla kalplerinize dokunan Kahraman Tazeo\u011flu, &#8220;\u0130ki S\u00f6z&#8221; ile sizi yine duygusal bir yolculu\u011fa davet ediyor.<\/p>\n","protected":false},"excerpt":{"rendered":"<p>\u0130nsan olmaktan yorulur bazen insan. Hayat yorar, a\u015fk yorar, yaln\u0131zl\u0131k yorar, kalabal\u0131k yorar, gelen yorar, giden yorar&#8230; Sana sunulan hi\u00e7bir \u015feye al\u0131\u015fma bu y\u00fczden. Terk edenler<span class=\"excerpt-hellip\"> [\u2026]<\/span><\/p>\n","protected":false},"featured_media":0,"template":"","meta":{"_monsterinsights_skip_tracking":false,"_monsterinsights_sitenote_active":false,"_monsterinsights_sitenote_note":"","_monsterinsights_sitenote_category":0},"product_brand":[],"product_cat":[12291,12711],"product_tag":[],"class_list":{"0":"post-731202","1":"product","2":"type-product","3":"status-publish","5":"product_cat-edebiyat","6":"product_cat-roman-oyku","7":"pa_cilt-ciltsiz","8":"pa_tur-kitap","9":"pa_yayinevi-yediveren-yayinlari","10":"pa_yazar-kahraman-tazeoglu","12":"first","13":"instock","14":"sale","15":"shipping-taxable","16":"purchasable","17":"product-type-simple"},"_links":{"self":[{"href":"https:\/\/roveyayinevi.com.tr\/index.php\/wp-json\/wp\/v2\/product\/731202","targetHints":{"allow":["GET"]}}],"collection":[{"href":"https:\/\/roveyayinevi.com.tr\/index.php\/wp-json\/wp\/v2\/product"}],"about":[{"href":"https:\/\/roveyayinevi.com.tr\/index.php\/wp-json\/wp\/v2\/types\/product"}],"wp:attachment":[{"href":"https:\/\/roveyayinevi.com.tr\/index.php\/wp-json\/wp\/v2\/media?parent=731202"}],"wp:term":[{"taxonomy":"product_brand","embeddable":true,"href":"https:\/\/roveyayinevi.com.tr\/index.php\/wp-json\/wp\/v2\/product_brand?post=731202"},{"taxonomy":"product_cat","embeddable":true,"href":"https:\/\/roveyayinevi.com.tr\/index.php\/wp-json\/wp\/v2\/product_cat?post=731202"},{"taxonomy":"product_tag","embeddable":true,"href":"https:\/\/roveyayinevi.com.tr\/index.php\/wp-json\/wp\/v2\/product_tag?post=731202"}],"curies":[{"name":"wp","href":"https:\/\/api.w.org\/{rel}","templated":true}]}}