{"id":731201,"date":"2025-08-27T21:27:15","date_gmt":"2025-08-27T18:27:15","guid":{"rendered":"https:\/\/roveyayinevi.com.tr\/index.php\/urun\/eyvallah-2\/"},"modified":"2026-04-16T02:39:02","modified_gmt":"2026-04-15T23:39:02","slug":"eyvallah-2","status":"publish","type":"product","link":"https:\/\/roveyayinevi.com.tr\/index.php\/urun\/eyvallah-2\/","title":{"rendered":"Eyvallah"},"content":{"rendered":"<p>O benim i\u00e7in ge\u00e7mi\u015fe an\u0131t b\u0131rak\u0131lacak kadar de\u011ferli; ge\u00e7mi\u015fte b\u0131rak\u0131lamayacak kadar gereklidir.Unutuyorum her seferinde neresinde kalm\u0131\u015ft\u0131k ayr\u0131l\u0131\u011f\u0131n?Bana geldi\u011fin yol, a\u015fk izlerinle doluydu. Bir dolu a\u015fk\u0131n izini \u00f6rt\u00fcyordu \u015fiirlerin. Gelmek eylemi p\u00f6rs\u00fcm\u00fc\u015ft\u00fc ad\u0131mlar\u0131nda&#8230; Oysa ben, geli\u015fini \u2018\u2018milat\u2019\u2019 sayacak kadar ba\u015fl\u0131yordum a\u015fka&#8230;Yolumdan d\u00f6nemedi\u011fim i\u00e7in de\u011fil, seninle hi\u00e7bir yolda y\u00fcr\u00fcyemeyece\u011fimi bildi\u011fim i\u00e7in gidiyorum. Yery\u00fcz\u00fcn\u00fcn b\u00fct\u00fcn a\u015fklar\u0131 senin ve beni unutabilirsin!Sol yan\u0131ma yatsam seni uyusam, hep r\u00fcyada kalsam&#8230;Ama i\u00e7ime dokundun bir kere. Parmak izlerin duruyor bak\u0131\u015flar\u0131mda. Nereye baksam senden bir iz b\u0131rak\u0131yorum.Ben senin, ka\u00e7mak istedi\u011finde a\u00e7abilece\u011fin ve sonras\u0131nda d\u00fcnyan\u0131n y\u00fcz\u00fcne \u00e7arp\u0131p gidebilece\u011fin bir kap\u0131y\u0131m!Gel, a\u00e7 ve ka\u00e7&#8230;S\u00f6yle sevgili \u015fimdi hayat\u0131nda bir kay\u0131p m\u0131y\u0131m? Bulunmaz&#8230;A\u00e7\u0131k bir yara m\u0131y\u0131m? Sar\u0131lmaz&#8230;Tehlikeli bir yol muyum? Gidilmez&#8230;\u015eiirleri ve romanlar\u0131yla kalplerinize dokunan Kahraman Tazeo\u011flu, &#8220;Eyvallah&#8221; ile sizi yine duygusal bir yolculu\u011fa davet ediyor.<\/p>\n","protected":false},"excerpt":{"rendered":"<p>O benim i\u00e7in ge\u00e7mi\u015fe an\u0131t b\u0131rak\u0131lacak kadar de\u011ferli; ge\u00e7mi\u015fte b\u0131rak\u0131lamayacak kadar gereklidir.Unutuyorum her seferinde neresinde kalm\u0131\u015ft\u0131k ayr\u0131l\u0131\u011f\u0131n?Bana geldi\u011fin yol, a\u015fk izlerinle doluydu. Bir dolu a\u015fk\u0131n izini<span class=\"excerpt-hellip\"> [\u2026]<\/span><\/p>\n","protected":false},"featured_media":0,"template":"","meta":{"_monsterinsights_skip_tracking":false,"_monsterinsights_sitenote_active":false,"_monsterinsights_sitenote_note":"","_monsterinsights_sitenote_category":0},"product_brand":[],"product_cat":[12291,12711],"product_tag":[],"class_list":{"0":"post-731201","1":"product","2":"type-product","3":"status-publish","5":"product_cat-edebiyat","6":"product_cat-roman-oyku","7":"pa_cilt-ciltsiz","8":"pa_tur-kitap","9":"pa_yayinevi-yediveren-yayinlari","10":"pa_yazar-kahraman-tazeoglu","12":"first","13":"instock","14":"sale","15":"shipping-taxable","16":"purchasable","17":"product-type-simple"},"_links":{"self":[{"href":"https:\/\/roveyayinevi.com.tr\/index.php\/wp-json\/wp\/v2\/product\/731201","targetHints":{"allow":["GET"]}}],"collection":[{"href":"https:\/\/roveyayinevi.com.tr\/index.php\/wp-json\/wp\/v2\/product"}],"about":[{"href":"https:\/\/roveyayinevi.com.tr\/index.php\/wp-json\/wp\/v2\/types\/product"}],"wp:attachment":[{"href":"https:\/\/roveyayinevi.com.tr\/index.php\/wp-json\/wp\/v2\/media?parent=731201"}],"wp:term":[{"taxonomy":"product_brand","embeddable":true,"href":"https:\/\/roveyayinevi.com.tr\/index.php\/wp-json\/wp\/v2\/product_brand?post=731201"},{"taxonomy":"product_cat","embeddable":true,"href":"https:\/\/roveyayinevi.com.tr\/index.php\/wp-json\/wp\/v2\/product_cat?post=731201"},{"taxonomy":"product_tag","embeddable":true,"href":"https:\/\/roveyayinevi.com.tr\/index.php\/wp-json\/wp\/v2\/product_tag?post=731201"}],"curies":[{"name":"wp","href":"https:\/\/api.w.org\/{rel}","templated":true}]}}