{"id":731200,"date":"2025-08-27T21:27:14","date_gmt":"2025-08-27T18:27:14","guid":{"rendered":"https:\/\/roveyayinevi.com.tr\/index.php\/urun\/mor-2\/"},"modified":"2026-04-16T02:39:02","modified_gmt":"2026-04-15T23:39:02","slug":"mor-2","status":"publish","type":"product","link":"https:\/\/roveyayinevi.com.tr\/index.php\/urun\/mor-2\/","title":{"rendered":"Mor"},"content":{"rendered":"<p>Kimi seviyorsan kalbinin \u00fclkesi oras\u0131 oluyor. Sonra bir g\u00fcn g\u00f6zlerine bir bak\u0131yorsun; orada yoksun! Onunla kaybetti\u011fini onsuz nas\u0131l bulaca\u011f\u0131n\u0131 bile \u00f6\u011fretmeden gidiyor. &#8220;A\u015fk\u0131n sa\u011f olsun&#8221; diyemiyorsun. Koca bir orman yan\u0131yor i\u00e7inde ama bir tek sen k\u00fcl oluyorsun. Sadece bir insan\u0131 de\u011fil kirpiklerinden hayata tutundu\u011fun bir a\u015fk\u0131 kaybediyorsun. A\u011fl\u0131yorsun. Kimi g\u00f6zya\u015flar\u0131 yana\u011f\u0131n\u0131 \u0131slat\u0131rken ge\u00e7mi\u015fini temizler. Temizleniyorsun. Kendini, do\u011fuma iki canla girip yapayaln\u0131z \u00e7\u0131kan bir anne gibi hissediyorsun. Sana ait olan\u0131 do\u011fururken kaybediyorsun. Ama hi\u00e7bir zaman onu i\u00e7inde \u00f6ld\u00fcremiyorsun. Kalbinden \u00e7\u0131karamad\u0131\u011f\u0131n\u0131 kabrine kadar g\u00f6t\u00fcr\u00fcyorsun. Zaten o i\u00e7imizde \u00f6ld\u00fcremediklerimiz de\u011fil midir bizi sevmediklerimizle ya\u015famaya mahk\u00fbm eden?\u0130nsan yaln\u0131zca mutlu oldu\u011fu zaman dilimine hayat diyor&#8230; Gerisi ya\u015famaya \u00e7al\u0131\u015fmak. Unutma! Hayal etti\u011fin kadar hayal, ger\u00e7ekle\u015ftirebildi\u011fin kadar ger\u00e7eksindir. Baz\u0131 \u015feyleri de\u011fi\u015ftirebilmek i\u00e7inse bildik ac\u0131lar\u0131 yeniden ya\u015faman gerekir. Ve kimsenin mutsuzlu\u011fu hayat\u0131 kadar uzun s\u00fcrmemelidir.\u015eiirleri ve romanlar\u0131yla kalplerinize dokunan Kahraman Tazeo\u011flu, &#8220;Mor&#8221; ile sizi yine duygusal bir yolculu\u011fa davet ediyor.MOR-G kitab\u0131 ile birlikte&#8230;<\/p>\n","protected":false},"excerpt":{"rendered":"<p>Kimi seviyorsan kalbinin \u00fclkesi oras\u0131 oluyor. Sonra bir g\u00fcn g\u00f6zlerine bir bak\u0131yorsun; orada yoksun! Onunla kaybetti\u011fini onsuz nas\u0131l bulaca\u011f\u0131n\u0131 bile \u00f6\u011fretmeden gidiyor. &#8220;A\u015fk\u0131n sa\u011f olsun&#8221; diyemiyorsun.<span class=\"excerpt-hellip\"> [\u2026]<\/span><\/p>\n","protected":false},"featured_media":0,"template":"","meta":{"_monsterinsights_skip_tracking":false,"_monsterinsights_sitenote_active":false,"_monsterinsights_sitenote_note":"","_monsterinsights_sitenote_category":0},"product_brand":[],"product_cat":[12291,12711],"product_tag":[],"class_list":{"0":"post-731200","1":"product","2":"type-product","3":"status-publish","5":"product_cat-edebiyat","6":"product_cat-roman-oyku","7":"pa_cilt-ciltsiz","8":"pa_tur-kitap","9":"pa_yayinevi-yediveren-yayinlari","10":"pa_yazar-kahraman-tazeoglu-m-h-kan","12":"first","13":"instock","14":"sale","15":"shipping-taxable","16":"purchasable","17":"product-type-simple"},"_links":{"self":[{"href":"https:\/\/roveyayinevi.com.tr\/index.php\/wp-json\/wp\/v2\/product\/731200","targetHints":{"allow":["GET"]}}],"collection":[{"href":"https:\/\/roveyayinevi.com.tr\/index.php\/wp-json\/wp\/v2\/product"}],"about":[{"href":"https:\/\/roveyayinevi.com.tr\/index.php\/wp-json\/wp\/v2\/types\/product"}],"wp:attachment":[{"href":"https:\/\/roveyayinevi.com.tr\/index.php\/wp-json\/wp\/v2\/media?parent=731200"}],"wp:term":[{"taxonomy":"product_brand","embeddable":true,"href":"https:\/\/roveyayinevi.com.tr\/index.php\/wp-json\/wp\/v2\/product_brand?post=731200"},{"taxonomy":"product_cat","embeddable":true,"href":"https:\/\/roveyayinevi.com.tr\/index.php\/wp-json\/wp\/v2\/product_cat?post=731200"},{"taxonomy":"product_tag","embeddable":true,"href":"https:\/\/roveyayinevi.com.tr\/index.php\/wp-json\/wp\/v2\/product_tag?post=731200"}],"curies":[{"name":"wp","href":"https:\/\/api.w.org\/{rel}","templated":true}]}}