{"id":731192,"date":"2025-08-27T21:27:06","date_gmt":"2025-08-27T18:27:06","guid":{"rendered":"https:\/\/roveyayinevi.com.tr\/index.php\/urun\/bir-turk-diplomatinin-evrak-i-siyasiyyesi\/"},"modified":"2026-04-16T02:39:02","modified_gmt":"2026-04-15T23:39:02","slug":"bir-turk-diplomatinin-evrak-i-siyasiyyesi","status":"publish","type":"product","link":"https:\/\/roveyayinevi.com.tr\/index.php\/urun\/bir-turk-diplomatinin-evrak-i-siyasiyyesi\/","title":{"rendered":"Bir T\u00fcrk Diplomat\u0131n\u0131n Evrak-\u0131 Siyasiyyesi"},"content":{"rendered":"<p>Tanzimat, Osmanl\u0131 Devleti\u2019nde \u00f6nemli d\u00f6n\u00fc\u015f\u00fcmlerin ba\u015flang\u0131\u00e7 noktas\u0131d\u0131r. Bu d\u00f6nemde devletin s\u00fcregelen eski d\u00fczen ve klasik uygulamalar\u0131n\u0131n yerine sistemi yeniden yap\u0131land\u0131rmay\u0131 hedefleyen bir anlay\u0131\u015f tezah\u00fcr etmi\u015f ve bu anlay\u0131\u015f\u0131n gerekleri in\u015fa edilmeye \u00e7al\u0131\u015f\u0131lm\u0131\u015ft\u0131r.Bu d\u00f6nemin tezah\u00fcr\u00fcn\u00fc en iyi g\u00f6zlemleyebilece\u011fimiz ki\u015filerden biri de Mustafa Re\u015fid Pa\u015fa\u2019d\u0131r. Ya\u015fanan d\u00f6n\u00fc\u015f\u00fcmleri okuyabilece\u011fimiz en yak\u0131n tan\u0131\u011f\u0131n kendi evrak\u0131n\u0131 kaleme alan Safiye Sultanzade Mehmed Salahaddin, Mustafa Re\u015fid Pa\u015fa\u2019n\u0131n 12 siyasi evrak\u0131n\u0131 tertip ederek ne\u015fretmi\u015ftir.Sat\u0131r aralar\u0131, pa\u015fan\u0131n g\u00fcndemindeki konulara bak\u0131\u015f a\u00e7\u0131s\u0131n\u0131 yans\u0131tan bilgileri ihtiva etmekte, d\u00f6nemsel tutumlar\u0131, kendi gelgitleri ve muhatab\u0131n zihniyetine dair ipu\u00e7lar\u0131 ile \u00fczerinden ne kadar zaman ge\u00e7erse ge\u00e7sin yeniden d\u00fc\u015f\u00fcn\u00fclmesi gereken \u00f6zel bir d\u00f6nemi g\u00fcn y\u00fcz\u00fcne \u00e7\u0131karmaktad\u0131r.<\/p>\n","protected":false},"excerpt":{"rendered":"<p>Tanzimat, Osmanl\u0131 Devleti\u2019nde \u00f6nemli d\u00f6n\u00fc\u015f\u00fcmlerin ba\u015flang\u0131\u00e7 noktas\u0131d\u0131r. Bu d\u00f6nemde devletin s\u00fcregelen eski d\u00fczen ve klasik uygulamalar\u0131n\u0131n yerine sistemi yeniden yap\u0131land\u0131rmay\u0131 hedefleyen bir anlay\u0131\u015f tezah\u00fcr etmi\u015f ve<span class=\"excerpt-hellip\"> [\u2026]<\/span><\/p>\n","protected":false},"featured_media":0,"template":"","meta":{"_monsterinsights_skip_tracking":false,"_monsterinsights_sitenote_active":false,"_monsterinsights_sitenote_note":"","_monsterinsights_sitenote_category":0},"product_brand":[],"product_cat":[13946,12304],"product_tag":[],"class_list":{"0":"post-731192","1":"product","2":"type-product","3":"status-publish","5":"product_cat-biyografi-otobiyografi","6":"product_cat-tarih","7":"pa_cilt-ciltsiz","8":"pa_tur-kitap","9":"pa_yayinevi-yeditepe-yayinevi","10":"pa_yazar-mehmed-salahaddin","12":"first","13":"instock","14":"sale","15":"shipping-taxable","16":"purchasable","17":"product-type-simple"},"_links":{"self":[{"href":"https:\/\/roveyayinevi.com.tr\/index.php\/wp-json\/wp\/v2\/product\/731192","targetHints":{"allow":["GET"]}}],"collection":[{"href":"https:\/\/roveyayinevi.com.tr\/index.php\/wp-json\/wp\/v2\/product"}],"about":[{"href":"https:\/\/roveyayinevi.com.tr\/index.php\/wp-json\/wp\/v2\/types\/product"}],"wp:attachment":[{"href":"https:\/\/roveyayinevi.com.tr\/index.php\/wp-json\/wp\/v2\/media?parent=731192"}],"wp:term":[{"taxonomy":"product_brand","embeddable":true,"href":"https:\/\/roveyayinevi.com.tr\/index.php\/wp-json\/wp\/v2\/product_brand?post=731192"},{"taxonomy":"product_cat","embeddable":true,"href":"https:\/\/roveyayinevi.com.tr\/index.php\/wp-json\/wp\/v2\/product_cat?post=731192"},{"taxonomy":"product_tag","embeddable":true,"href":"https:\/\/roveyayinevi.com.tr\/index.php\/wp-json\/wp\/v2\/product_tag?post=731192"}],"curies":[{"name":"wp","href":"https:\/\/api.w.org\/{rel}","templated":true}]}}