{"id":731191,"date":"2025-08-27T21:27:05","date_gmt":"2025-08-27T18:27:05","guid":{"rendered":"https:\/\/roveyayinevi.com.tr\/index.php\/urun\/husrev-gerede\/"},"modified":"2026-04-16T02:39:02","modified_gmt":"2026-04-15T23:39:02","slug":"husrev-gerede","status":"publish","type":"product","link":"https:\/\/roveyayinevi.com.tr\/index.php\/urun\/husrev-gerede\/","title":{"rendered":"H\u00fcsrev Gerede"},"content":{"rendered":"<p>Mustafa Kemal Pa\u015fa\u2019n\u0131n \u201cilk ink\u0131lap ve m\u00fc\u015fkilat arkada\u015f\u0131m\u201d olarak and\u0131\u011f\u0131 H\u00fcsrev Gerede, \u00f6nemli g\u00f6revlerde bulunmu\u015f tarihi bir \u015fahsiyettir. Milli M\u00fccadele ve Cumhuriyet d\u00f6neminin \u00f6ne \u00e7\u0131kan isimlerinden biri olan H\u00fcsrev Gerede, Mustafa Kemal Pa\u015fa\u2019n\u0131n 9. Ordu M\u00fcfetti\u015fi olarak Anadolu\u2019ya hareket etti\u011fi g\u00fcnlerden Cumhuriyet\u2019in ilan\u0131na dek yan\u0131nda bulunmu\u015ftur. 1923 y\u0131l\u0131 sonras\u0131 di\u011fer devletlerle ili\u015fkilerini geli\u015ftirmek isteyen T\u00fcrkiye Cumhuriyeti, \u00e7e\u015fitli \u00fclkelerde el\u00e7ilikler ihdas etmi\u015ftir. H\u00fcsrev Gerede de el\u00e7iliklerde g\u00f6revlendirilen isimlerden biri olmu\u015ftur. Uzun y\u0131llar boyunca s\u00fcrd\u00fcrd\u00fc\u011f\u00fc b\u00fcy\u00fckel\u00e7ilik g\u00f6revi boyunca bir\u00e7ok hadiseye \u015fahitlik etmi\u015ftir. Tahran, Tokyo, Berlin ve Rio de Janerio gibi d\u00fcnyan\u0131n d\u00f6rt bir yan\u0131nda yer alan \u015fehirlerde y\u00fcr\u00fctt\u00fc\u011f\u00fc g\u00f6revlerini, \u0130kinci D\u00fcnya Sava\u015f\u0131 y\u0131llar\u0131na dek s\u00fcrd\u00fcrm\u00fc\u015ft\u00fcr.Dolay\u0131s\u0131yla bu kitap, 20. y\u00fczy\u0131lda ger\u00e7ekle\u015fen iki b\u00fcy\u00fck d\u00fcnya sava\u015f\u0131 aras\u0131ndaki d\u00f6nemde ya\u015fanan geli\u015fmeleri ve geli\u015fmeler kar\u015f\u0131s\u0131nda verilen reflesklere farkl\u0131 bir perspektiften bakmaya imk\u00e2n sa\u011flamaktad\u0131r. Bir biyografi \u00e7al\u0131\u015fmas\u0131 olmas\u0131 sebebiyle bu kitap, i\u00e7inde bar\u0131nd\u0131rd\u0131\u011f\u0131 anekdotlarla, d\u00f6nemin anla\u015f\u0131lmas\u0131 a\u00e7\u0131s\u0131ndan olduk\u00e7a \u00f6nem ta\u015f\u0131maktad\u0131r.<\/p>\n","protected":false},"excerpt":{"rendered":"<p>Mustafa Kemal Pa\u015fa\u2019n\u0131n \u201cilk ink\u0131lap ve m\u00fc\u015fkilat arkada\u015f\u0131m\u201d olarak and\u0131\u011f\u0131 H\u00fcsrev Gerede, \u00f6nemli g\u00f6revlerde bulunmu\u015f tarihi bir \u015fahsiyettir. Milli M\u00fccadele ve Cumhuriyet d\u00f6neminin \u00f6ne \u00e7\u0131kan isimlerinden<span class=\"excerpt-hellip\"> [\u2026]<\/span><\/p>\n","protected":false},"featured_media":0,"template":"","meta":{"_monsterinsights_skip_tracking":false,"_monsterinsights_sitenote_active":false,"_monsterinsights_sitenote_note":"","_monsterinsights_sitenote_category":0},"product_brand":[],"product_cat":[12370,12304],"product_tag":[],"class_list":{"0":"post-731191","1":"product","2":"type-product","3":"status-publish","5":"product_cat-arastirma-inceleme","6":"product_cat-tarih","7":"pa_cilt-ciltsiz","8":"pa_tur-kitap","9":"pa_yayinevi-yeditepe-yayinevi","10":"pa_yazar-cansu-karakus","12":"first","13":"instock","14":"sale","15":"shipping-taxable","16":"purchasable","17":"product-type-simple"},"_links":{"self":[{"href":"https:\/\/roveyayinevi.com.tr\/index.php\/wp-json\/wp\/v2\/product\/731191","targetHints":{"allow":["GET"]}}],"collection":[{"href":"https:\/\/roveyayinevi.com.tr\/index.php\/wp-json\/wp\/v2\/product"}],"about":[{"href":"https:\/\/roveyayinevi.com.tr\/index.php\/wp-json\/wp\/v2\/types\/product"}],"wp:attachment":[{"href":"https:\/\/roveyayinevi.com.tr\/index.php\/wp-json\/wp\/v2\/media?parent=731191"}],"wp:term":[{"taxonomy":"product_brand","embeddable":true,"href":"https:\/\/roveyayinevi.com.tr\/index.php\/wp-json\/wp\/v2\/product_brand?post=731191"},{"taxonomy":"product_cat","embeddable":true,"href":"https:\/\/roveyayinevi.com.tr\/index.php\/wp-json\/wp\/v2\/product_cat?post=731191"},{"taxonomy":"product_tag","embeddable":true,"href":"https:\/\/roveyayinevi.com.tr\/index.php\/wp-json\/wp\/v2\/product_tag?post=731191"}],"curies":[{"name":"wp","href":"https:\/\/api.w.org\/{rel}","templated":true}]}}