{"id":731189,"date":"2025-08-27T21:27:03","date_gmt":"2025-08-27T18:27:03","guid":{"rendered":"https:\/\/roveyayinevi.com.tr\/index.php\/urun\/yeraltindan-notlar-17\/"},"modified":"2026-04-16T02:39:01","modified_gmt":"2026-04-15T23:39:01","slug":"yeraltindan-notlar-17","status":"publish","type":"product","link":"https:\/\/roveyayinevi.com.tr\/index.php\/urun\/yeraltindan-notlar-17\/","title":{"rendered":"Yeralt\u0131ndan Notlar"},"content":{"rendered":"<p>Yeralt\u0131ndan Notlar, Dostoyevski&#8217;nin 1864&#8217;te yay\u0131mlanm\u0131\u015f hikayesidir. Bir\u00e7ok ki\u015fi taraf\u0131ndan ilk varolu\u015f\u00e7u eser olarak kabul edilen hikaye, on dokuzuncu y\u00fczy\u0131l\u0131n ortalar\u0131nda Petersburg&#8217;da yeralt\u0131na \u00e7ekilip insanlar\u0131n d\u00fcnyas\u0131n\u0131 k\u00fc\u00e7\u00fcmseyerek ya\u015fayan isimsiz emekli bir memurun, yani di\u011fer bir deyi\u015fle &#8220;yeralt\u0131 adam\u0131n\u0131n&#8221; an\u0131lar\u0131ndan bir al\u0131nt\u0131d\u0131r. Dostoyevski, kahraman\u0131n\u0131n durumunu ve d\u00fc\u015f\u00fcncelerini etkileyici bir \u015fekilde a\u00e7\u0131klayarak yeralt\u0131 insan\u0131n\u0131n fikirlerinin karma\u015fas\u0131n\u0131, ruhundaki derin \u00e7eli\u015fkileri ortaya koyar.<\/p>\n","protected":false},"excerpt":{"rendered":"<p>Yeralt\u0131ndan Notlar, Dostoyevski&#8217;nin 1864&#8217;te yay\u0131mlanm\u0131\u015f hikayesidir. Bir\u00e7ok ki\u015fi taraf\u0131ndan ilk varolu\u015f\u00e7u eser olarak kabul edilen hikaye, on dokuzuncu y\u00fczy\u0131l\u0131n ortalar\u0131nda Petersburg&#8217;da yeralt\u0131na \u00e7ekilip insanlar\u0131n d\u00fcnyas\u0131n\u0131 k\u00fc\u00e7\u00fcmseyerek<span class=\"excerpt-hellip\"> [\u2026]<\/span><\/p>\n","protected":false},"featured_media":0,"template":"","meta":{"_monsterinsights_skip_tracking":false,"_monsterinsights_sitenote_active":false,"_monsterinsights_sitenote_note":"","_monsterinsights_sitenote_category":0},"product_brand":[],"product_cat":[12291,13570],"product_tag":[],"class_list":{"0":"post-731189","1":"product","2":"type-product","3":"status-publish","5":"product_cat-edebiyat","6":"product_cat-rus-edebiyati","7":"pa_cilt-ciltsiz","8":"pa_tur-kitap","9":"pa_yayinevi-bilgi-yayinevi","10":"pa_yazar-fyodor-mihaylovic-dostoyevski","12":"first","13":"instock","14":"sale","15":"shipping-taxable","16":"purchasable","17":"product-type-simple"},"_links":{"self":[{"href":"https:\/\/roveyayinevi.com.tr\/index.php\/wp-json\/wp\/v2\/product\/731189","targetHints":{"allow":["GET"]}}],"collection":[{"href":"https:\/\/roveyayinevi.com.tr\/index.php\/wp-json\/wp\/v2\/product"}],"about":[{"href":"https:\/\/roveyayinevi.com.tr\/index.php\/wp-json\/wp\/v2\/types\/product"}],"wp:attachment":[{"href":"https:\/\/roveyayinevi.com.tr\/index.php\/wp-json\/wp\/v2\/media?parent=731189"}],"wp:term":[{"taxonomy":"product_brand","embeddable":true,"href":"https:\/\/roveyayinevi.com.tr\/index.php\/wp-json\/wp\/v2\/product_brand?post=731189"},{"taxonomy":"product_cat","embeddable":true,"href":"https:\/\/roveyayinevi.com.tr\/index.php\/wp-json\/wp\/v2\/product_cat?post=731189"},{"taxonomy":"product_tag","embeddable":true,"href":"https:\/\/roveyayinevi.com.tr\/index.php\/wp-json\/wp\/v2\/product_tag?post=731189"}],"curies":[{"name":"wp","href":"https:\/\/api.w.org\/{rel}","templated":true}]}}