{"id":731185,"date":"2025-08-27T21:27:00","date_gmt":"2025-08-27T18:27:00","guid":{"rendered":"https:\/\/roveyayinevi.com.tr\/index.php\/urun\/ben-seyh-bedreddin\/"},"modified":"2026-04-16T02:39:01","modified_gmt":"2026-04-15T23:39:01","slug":"ben-seyh-bedreddin","status":"publish","type":"product","link":"https:\/\/roveyayinevi.com.tr\/index.php\/urun\/ben-seyh-bedreddin\/","title":{"rendered":"Ben \u015eeyh Bedreddin"},"content":{"rendered":"<p>Osmanl\u0131 \u0130mparatorlu\u011fu\u2019na bakt\u0131\u011f\u0131m\u0131zda g\u00fcn\u00fcm\u00fcz\u00fcn \u2018malzeme\u2019si olan baz\u0131 olaylar\u0131n ya da \u015fah\u0131slar\u0131n h\u00e2l\u00e2 konu\u015ftu\u011funu g\u00f6r\u00fcr\u00fcz, \u015eeyh Bedreddin gibi.Onun devrimci paranteze al\u0131nmas\u0131 \u2018romantik kom\u00fcnist\u2019 N\u00e2z\u0131m Hikmet\u2019in 1936\u2019da yazd\u0131\u011f\u0131 Simavne Kad\u0131s\u0131 O\u011flu \u015eeyh Bedreddin Destan\u0131\u2019yla ba\u015flar ve bu kurgu, ger\u00e7e\u011fin yerine ge\u00e7er, Bedreddin Mahmud, \u2018\u00e7\u00f6z\u00fclemeyen bir tarih problemi\u2019ne d\u00f6n\u00fc\u015f\u00fcr. Samet Alt\u0131nta\u015f, tarihin yanl\u0131\u015f taraf\u0131na d\u00fc\u015fen Rumeli \u00e7ocu\u011fu \u015eeyh Bedreddin\u2019i, Seyyid H\u00fcseyin Ahlat\u00ee\u2019nin m\u00fcridini, Musa \u00c7elebi\u2019nin kazaskerini, melamet h\u0131rkas\u0131na gizlenen Varid\u00e2t\u2019\u0131, \u0130mparatorlu\u011fun ilk sufi direni\u015fini, \u2018d\u00fcn\u00fc bug\u00fcne ba\u011flayarak\u2019 anlat\u0131yor. Ben \u015eeyh Bedreddin, her \u015fey ben ya\u015farken oldu!<\/p>\n","protected":false},"excerpt":{"rendered":"<p>Osmanl\u0131 \u0130mparatorlu\u011fu\u2019na bakt\u0131\u011f\u0131m\u0131zda g\u00fcn\u00fcm\u00fcz\u00fcn \u2018malzeme\u2019si olan baz\u0131 olaylar\u0131n ya da \u015fah\u0131slar\u0131n h\u00e2l\u00e2 konu\u015ftu\u011funu g\u00f6r\u00fcr\u00fcz, \u015eeyh Bedreddin gibi.Onun devrimci paranteze al\u0131nmas\u0131 \u2018romantik kom\u00fcnist\u2019 N\u00e2z\u0131m Hikmet\u2019in 1936\u2019da yazd\u0131\u011f\u0131<span class=\"excerpt-hellip\"> [\u2026]<\/span><\/p>\n","protected":false},"featured_media":0,"template":"","meta":{"_monsterinsights_skip_tracking":false,"_monsterinsights_sitenote_active":false,"_monsterinsights_sitenote_note":"","_monsterinsights_sitenote_category":0},"product_brand":[],"product_cat":[20039,13488],"product_tag":[],"class_list":{"0":"post-731185","1":"product","2":"type-product","3":"status-publish","5":"product_cat-kultur-tarihi","6":"product_cat-toplum-ve-insan","7":"pa_cilt-ciltsiz","8":"pa_tur-kitap","9":"pa_yayinevi-timas-yayinlari","10":"pa_yazar-samet-altintas","12":"first","13":"instock","14":"sale","15":"shipping-taxable","16":"purchasable","17":"product-type-simple"},"_links":{"self":[{"href":"https:\/\/roveyayinevi.com.tr\/index.php\/wp-json\/wp\/v2\/product\/731185","targetHints":{"allow":["GET"]}}],"collection":[{"href":"https:\/\/roveyayinevi.com.tr\/index.php\/wp-json\/wp\/v2\/product"}],"about":[{"href":"https:\/\/roveyayinevi.com.tr\/index.php\/wp-json\/wp\/v2\/types\/product"}],"wp:attachment":[{"href":"https:\/\/roveyayinevi.com.tr\/index.php\/wp-json\/wp\/v2\/media?parent=731185"}],"wp:term":[{"taxonomy":"product_brand","embeddable":true,"href":"https:\/\/roveyayinevi.com.tr\/index.php\/wp-json\/wp\/v2\/product_brand?post=731185"},{"taxonomy":"product_cat","embeddable":true,"href":"https:\/\/roveyayinevi.com.tr\/index.php\/wp-json\/wp\/v2\/product_cat?post=731185"},{"taxonomy":"product_tag","embeddable":true,"href":"https:\/\/roveyayinevi.com.tr\/index.php\/wp-json\/wp\/v2\/product_tag?post=731185"}],"curies":[{"name":"wp","href":"https:\/\/api.w.org\/{rel}","templated":true}]}}