{"id":731183,"date":"2025-08-27T21:26:58","date_gmt":"2025-08-27T18:26:58","guid":{"rendered":"https:\/\/roveyayinevi.com.tr\/index.php\/urun\/erken-cumhuriyet-doneminde-turk-sovyet-ekonomik-iliskileri\/"},"modified":"2026-04-16T02:39:01","modified_gmt":"2026-04-15T23:39:01","slug":"erken-cumhuriyet-doneminde-turk-sovyet-ekonomik-iliskileri","status":"publish","type":"product","link":"https:\/\/roveyayinevi.com.tr\/index.php\/urun\/erken-cumhuriyet-doneminde-turk-sovyet-ekonomik-iliskileri\/","title":{"rendered":"Erken Cumhuriyet D\u00f6neminde &#8211; T\u00fcrk &#8211; Sovyet Ekonomik \u0130li\u015fkileri"},"content":{"rendered":"<p>Sovyet ar\u015fiv belgelerinden elde edilen belgelere dayal\u0131, zahmetli ve zor bir \u00e7al\u0131\u015fman\u0131n \u00fcr\u00fcn\u00fc olan bu kitap, yak\u0131n d\u00f6nem T\u00fcrkiye ve d\u00fcnya tarihi \u00e7al\u0131\u015fan ara\u015ft\u0131rmac\u0131lar i\u00e7in \u00f6nemli bir kaynakt\u0131r. Ayn\u0131 zamanda, bug\u00fcn\u00fc kavraman\u0131n ge\u00e7mi\u015fi anlamaktan ge\u00e7ti\u011fini inanan t\u00fcm merakl\u0131 zihinler i\u00e7in de okumas\u0131 \u00e7ok keyifli ve \u00f6\u011fretici bir eserdir.Prof. Dr. R. Funda BarbarosEge \u00dcniversitesi, \u0130ktisat B\u00f6l\u00fcm\u00fcBu kitap erken Cumhuriyet tarihinin \u00f6nemli bir konusuna \u0131\u015f\u0131k tutmaktad\u0131r. Erdal Bilgi\u00e7, derinlemesine ara\u015ft\u0131rd\u0131\u011f\u0131 Rus ar\u015fivlerinden daha \u00f6nce g\u00f6r\u00fclmemi\u015f vesikalar\u0131 ustal\u0131kla kullan\u0131yor. T\u00fcrkiye\u2019nin Kurtulu\u015f Sava\u015f\u0131 sonras\u0131nda ekonomisini nas\u0131l toparlad\u0131\u011f\u0131n\u0131 ve Sovyetler Birli\u011fi T\u00fcrkiye ili\u015fkilerinin Atat\u00fcrk d\u00f6neminde nas\u0131l geli\u015fti\u011fini anlamak isteyen herkes i\u00e7in okunmas\u0131 gereken bir kitap.Dr. Samuel HirstBilkent \u00dcniversitesi, Uluslararas\u0131 \u0130li\u015fkiler B\u00f6l\u00fcm\u00fcErken Cumhuriyet D\u00f6nemi \u0130ktisat Tarihi \u00fczerine ara\u015ft\u0131rmalar\u0131n ve yay\u0131nlar\u0131n artmas\u0131 sevindiricidir. Erdal Bilgi\u00e7\u2019in kitab\u0131 bu ba\u011flamda \u00f6nemli oldu\u011fu gibi T\u00fcrkiye\u2019nin yabanc\u0131 \u00fclkelerle iktisadi ili\u015fkilerini inceleyen \u00e7al\u0131\u015fmalar \u00e7ok az oldu\u011fu i\u00e7in ayr\u0131ca de\u011fer ta\u015f\u0131maktad\u0131r. Sovyetler Birli\u011fi ar\u015fiv belgelerine dayanmas\u0131 ise bu de\u011feri art\u0131rmaktad\u0131r.Dr. Murat Koralt\u00fcrkMarmara \u00dcniversitesi, \u0130ktisat B\u00f6l\u00fcm\u00fcErdal Bilgi\u00e7\u2019in Erken Cumhuriyet D\u00f6neminde T\u00fcrk-Sovyet Ekonomik \u0130li\u015fkileri ba\u015fl\u0131kl\u0131 kitab\u0131 \u00fclkemizde hen\u00fcz yeni filizlenen Rus tarih literat\u00fcr\u00fcne \u00e7ok \u00f6nemli katk\u0131lar yapan bir eser. Bilgi\u00e7, Rus ar\u015fiv vesikalar\u0131 \u0131\u015f\u0131\u011f\u0131nda Ankara ve Moskova h\u00fck\u00fcmetlerinin neden ve nas\u0131l beraber \u00e7al\u0131\u015ft\u0131klar\u0131n\u0131 okuyuculara ince detaylarla aktar\u0131yor. \u0130ki sava\u015f aras\u0131 d\u00f6nemin dinamiklerini ve Cumhuriyetin ilk y\u0131llar\u0131n\u0131 anlamak isteyenler i\u00e7in de\u011ferli ve faydal\u0131 bir kitap.Dr. Onur \u0130\u015f\u00e7iBilkent \u00dcniversitesi, Uluslararas\u0131 \u0130li\u015fkiler B\u00f6l\u00fcm\u00fc<\/p>\n","protected":false},"excerpt":{"rendered":"<p>Sovyet ar\u015fiv belgelerinden elde edilen belgelere dayal\u0131, zahmetli ve zor bir \u00e7al\u0131\u015fman\u0131n \u00fcr\u00fcn\u00fc olan bu kitap, yak\u0131n d\u00f6nem T\u00fcrkiye ve d\u00fcnya tarihi \u00e7al\u0131\u015fan ara\u015ft\u0131rmac\u0131lar i\u00e7in \u00f6nemli<span class=\"excerpt-hellip\"> [\u2026]<\/span><\/p>\n","protected":false},"featured_media":0,"template":"","meta":{"_monsterinsights_skip_tracking":false,"_monsterinsights_sitenote_active":false,"_monsterinsights_sitenote_note":"","_monsterinsights_sitenote_category":0},"product_brand":[],"product_cat":[14841,13043],"product_tag":[],"class_list":{"0":"post-731183","1":"product","2":"type-product","3":"status-publish","5":"product_cat-arastirma-inceleme-kuram","6":"product_cat-ekonomi","7":"pa_cilt-ciltsiz","8":"pa_tur-kitap","9":"pa_yayinevi-efil-yayinevi","10":"pa_yazar-erdal-bilgic","12":"first","13":"instock","14":"sale","15":"shipping-taxable","16":"purchasable","17":"product-type-simple"},"_links":{"self":[{"href":"https:\/\/roveyayinevi.com.tr\/index.php\/wp-json\/wp\/v2\/product\/731183","targetHints":{"allow":["GET"]}}],"collection":[{"href":"https:\/\/roveyayinevi.com.tr\/index.php\/wp-json\/wp\/v2\/product"}],"about":[{"href":"https:\/\/roveyayinevi.com.tr\/index.php\/wp-json\/wp\/v2\/types\/product"}],"wp:attachment":[{"href":"https:\/\/roveyayinevi.com.tr\/index.php\/wp-json\/wp\/v2\/media?parent=731183"}],"wp:term":[{"taxonomy":"product_brand","embeddable":true,"href":"https:\/\/roveyayinevi.com.tr\/index.php\/wp-json\/wp\/v2\/product_brand?post=731183"},{"taxonomy":"product_cat","embeddable":true,"href":"https:\/\/roveyayinevi.com.tr\/index.php\/wp-json\/wp\/v2\/product_cat?post=731183"},{"taxonomy":"product_tag","embeddable":true,"href":"https:\/\/roveyayinevi.com.tr\/index.php\/wp-json\/wp\/v2\/product_tag?post=731183"}],"curies":[{"name":"wp","href":"https:\/\/api.w.org\/{rel}","templated":true}]}}