{"id":731182,"date":"2025-08-27T21:26:58","date_gmt":"2025-08-27T18:26:58","guid":{"rendered":"https:\/\/roveyayinevi.com.tr\/index.php\/urun\/ekonomi-tikirinda\/"},"modified":"2026-04-16T02:39:01","modified_gmt":"2026-04-15T23:39:01","slug":"ekonomi-tikirinda","status":"publish","type":"product","link":"https:\/\/roveyayinevi.com.tr\/index.php\/urun\/ekonomi-tikirinda\/","title":{"rendered":"Ekonomi T\u0131k\u0131r\u0131nda"},"content":{"rendered":"<p>Gazeteci Sedat Pi\u015firici, yay\u0131n koordinat\u00f6r\u00fc oldu\u011fu Medyascope\u2019ta, 7 Ocak 2019\u2019da, Timur Sel\u00e7uk\u2019un eserinden esinlenerek \u2018Ekonomi T\u0131k\u0131r\u0131nda\u2019 ad\u0131n\u0131 verdi\u011fi haftal\u0131k ekonomi analizi program\u0131na ba\u015flad\u0131. Ba\u015fl\u0131\u011f\u0131 \u201cBetonarme Ekonomisinin Sonu\u201d olan ilk analiz, T\u00fcrkiye\u2019nin bir ekonomik krize yuvarland\u0131\u011f\u0131n\u0131 tespit ediyordu. Aradan ge\u00e7en iki y\u0131l bir ay sekiz g\u00fcn sonra, 772. g\u00fcnde yay\u0131nlanan \u201cReformdan Anayasaya\u201d ba\u015fl\u0131kl\u0131 105. analiz ise kriz i\u00e7indeki T\u00fcrkiye ekonomisinde bir d\u00f6nemin sona erip yeni bir d\u00f6nemin ba\u015flad\u0131\u011f\u0131n\u0131n alt\u0131n\u0131 \u00e7iziyordu.Bu kitap, 105 analizin 73\u2019\u00fcn\u00fc i\u00e7eriyor. Analizler, g\u00fcncel ekonomik, toplumsal ve siyasal geli\u015fmelerden, ba\u015fta T\u00fcrkiye \u0130statistik Kurumu (T\u00dc\u0130K) ve T\u00fcrkiye Cumhuriyet Merkez Bankas\u0131 (TCMB) olmak \u00fczere kamu kurumlar\u0131n\u0131n, yan\u0131 s\u0131ra ba\u015fta T\u00dcS\u0130AD, TOBB, \u0130SO olmak \u00fczere i\u015f d\u00fcnyas\u0131n\u0131n sivil toplum kurulu\u015flar\u0131n\u0131n, yine ba\u015fta D\u0130SK ve T\u00fcrk-\u0130\u015f olmak \u00fczere emek d\u00fcnyas\u0131n\u0131n sivil toplum kurulu\u015flar\u0131n\u0131n yay\u0131nlad\u0131\u011f\u0131 verilerden ve onlar\u0131n \u00e7e\u015fitli d\u00fczeylerdeki s\u00f6zc\u00fclerinin a\u00e7\u0131klamalar\u0131ndan ve elbette siyasi iktidar\u0131n ve muhalefetin s\u00f6zc\u00fclerinin beyanatlar\u0131ndan yola \u00e7\u0131karak, kriz i\u00e7indeki T\u00fcrkiye ekonomisinde bir d\u00f6nemin net ve ayr\u0131nt\u0131l\u0131 foto\u011fraf\u0131n\u0131 sunuyor.<\/p>\n","protected":false},"excerpt":{"rendered":"<p>Gazeteci Sedat Pi\u015firici, yay\u0131n koordinat\u00f6r\u00fc oldu\u011fu Medyascope\u2019ta, 7 Ocak 2019\u2019da, Timur Sel\u00e7uk\u2019un eserinden esinlenerek \u2018Ekonomi T\u0131k\u0131r\u0131nda\u2019 ad\u0131n\u0131 verdi\u011fi haftal\u0131k ekonomi analizi program\u0131na ba\u015flad\u0131. Ba\u015fl\u0131\u011f\u0131 \u201cBetonarme Ekonomisinin<span class=\"excerpt-hellip\"> [\u2026]<\/span><\/p>\n","protected":false},"featured_media":0,"template":"","meta":{"_monsterinsights_skip_tracking":false,"_monsterinsights_sitenote_active":false,"_monsterinsights_sitenote_note":"","_monsterinsights_sitenote_category":0},"product_brand":[],"product_cat":[14841,13043],"product_tag":[],"class_list":{"0":"post-731182","1":"product","2":"type-product","3":"status-publish","5":"product_cat-arastirma-inceleme-kuram","6":"product_cat-ekonomi","7":"pa_cilt-ciltsiz","8":"pa_tur-kitap","9":"pa_yayinevi-efil-yayinevi","10":"pa_yazar-sedat-pisirici","12":"first","13":"instock","14":"sale","15":"shipping-taxable","16":"purchasable","17":"product-type-simple"},"_links":{"self":[{"href":"https:\/\/roveyayinevi.com.tr\/index.php\/wp-json\/wp\/v2\/product\/731182","targetHints":{"allow":["GET"]}}],"collection":[{"href":"https:\/\/roveyayinevi.com.tr\/index.php\/wp-json\/wp\/v2\/product"}],"about":[{"href":"https:\/\/roveyayinevi.com.tr\/index.php\/wp-json\/wp\/v2\/types\/product"}],"wp:attachment":[{"href":"https:\/\/roveyayinevi.com.tr\/index.php\/wp-json\/wp\/v2\/media?parent=731182"}],"wp:term":[{"taxonomy":"product_brand","embeddable":true,"href":"https:\/\/roveyayinevi.com.tr\/index.php\/wp-json\/wp\/v2\/product_brand?post=731182"},{"taxonomy":"product_cat","embeddable":true,"href":"https:\/\/roveyayinevi.com.tr\/index.php\/wp-json\/wp\/v2\/product_cat?post=731182"},{"taxonomy":"product_tag","embeddable":true,"href":"https:\/\/roveyayinevi.com.tr\/index.php\/wp-json\/wp\/v2\/product_tag?post=731182"}],"curies":[{"name":"wp","href":"https:\/\/api.w.org\/{rel}","templated":true}]}}