{"id":731181,"date":"2025-08-27T21:26:57","date_gmt":"2025-08-27T18:26:57","guid":{"rendered":"https:\/\/roveyayinevi.com.tr\/index.php\/urun\/kalan-saglar\/"},"modified":"2026-04-16T02:39:01","modified_gmt":"2026-04-15T23:39:01","slug":"kalan-saglar","status":"publish","type":"product","link":"https:\/\/roveyayinevi.com.tr\/index.php\/urun\/kalan-saglar\/","title":{"rendered":"Kalan Sa\u011flar"},"content":{"rendered":"<p>\u00d6zg\u00fcn bir sesle okuyucuyu kar\u015f\u0131layan Tuba Kaplan\u2019\u0131n yeni \u015fiir kitab\u0131 Kalan Sa\u011flar, g\u00fcndelik hayatta g\u00f6zden ka\u00e7anlar\u0131, arada kalm\u0131\u015f ve b\u00f6l\u00fcnm\u00fc\u015fleri ortaya d\u00f6k\u00fcyor.\u201cona bir b\u0131\u00e7ak verseler elini kana bulayacak bana bir b\u0131\u00e7ak verseler bir me\u015feyi soyar\u0131m ancak\u201dDizelerde nirengi noktas\u0131 olan sars\u0131nt\u0131n\u0131n izi ger\u00e7ekli\u011fi g\u00f6lgelemiyor. S\u0131rt\u0131m\u0131zda buz k\u00fctlesiyle rota hep yeniden ba\u015flamaya al\u0131n\u0131yor.\u201ckirac\u0131 oldu\u011fumu unutarak \u00e7i\u00e7ekler al\u0131yorum her seferinde eve al\u0131\u015f\u0131yor kamyonda \u00f6l\u00fcyorlar. \u201d<\/p>\n","protected":false},"excerpt":{"rendered":"<p>\u00d6zg\u00fcn bir sesle okuyucuyu kar\u015f\u0131layan Tuba Kaplan\u2019\u0131n yeni \u015fiir kitab\u0131 Kalan Sa\u011flar, g\u00fcndelik hayatta g\u00f6zden ka\u00e7anlar\u0131, arada kalm\u0131\u015f ve b\u00f6l\u00fcnm\u00fc\u015fleri ortaya d\u00f6k\u00fcyor.\u201cona bir b\u0131\u00e7ak verseler elini<span class=\"excerpt-hellip\"> [\u2026]<\/span><\/p>\n","protected":false},"featured_media":0,"template":"","meta":{"_monsterinsights_skip_tracking":false,"_monsterinsights_sitenote_active":false,"_monsterinsights_sitenote_note":"","_monsterinsights_sitenote_category":0},"product_brand":[],"product_cat":[12291,12509],"product_tag":[],"class_list":{"0":"post-731181","1":"product","2":"type-product","3":"status-publish","5":"product_cat-edebiyat","6":"product_cat-siir","7":"pa_cilt-ciltsiz","8":"pa_tur-kitap","9":"pa_yayinevi-muhit-kitap","10":"pa_yazar-tuba-kaplan","12":"first","13":"instock","14":"sale","15":"shipping-taxable","16":"purchasable","17":"product-type-simple"},"_links":{"self":[{"href":"https:\/\/roveyayinevi.com.tr\/index.php\/wp-json\/wp\/v2\/product\/731181","targetHints":{"allow":["GET"]}}],"collection":[{"href":"https:\/\/roveyayinevi.com.tr\/index.php\/wp-json\/wp\/v2\/product"}],"about":[{"href":"https:\/\/roveyayinevi.com.tr\/index.php\/wp-json\/wp\/v2\/types\/product"}],"wp:attachment":[{"href":"https:\/\/roveyayinevi.com.tr\/index.php\/wp-json\/wp\/v2\/media?parent=731181"}],"wp:term":[{"taxonomy":"product_brand","embeddable":true,"href":"https:\/\/roveyayinevi.com.tr\/index.php\/wp-json\/wp\/v2\/product_brand?post=731181"},{"taxonomy":"product_cat","embeddable":true,"href":"https:\/\/roveyayinevi.com.tr\/index.php\/wp-json\/wp\/v2\/product_cat?post=731181"},{"taxonomy":"product_tag","embeddable":true,"href":"https:\/\/roveyayinevi.com.tr\/index.php\/wp-json\/wp\/v2\/product_tag?post=731181"}],"curies":[{"name":"wp","href":"https:\/\/api.w.org\/{rel}","templated":true}]}}