{"id":731180,"date":"2025-08-27T21:26:56","date_gmt":"2025-08-27T18:26:56","guid":{"rendered":"https:\/\/roveyayinevi.com.tr\/index.php\/urun\/ella-ve-owen-3-sovalyeler-ejderhalara-karsi-ciltli\/"},"modified":"2026-04-16T02:39:01","modified_gmt":"2026-04-15T23:39:01","slug":"ella-ve-owen-3-sovalyeler-ejderhalara-karsi-ciltli","status":"publish","type":"product","link":"https:\/\/roveyayinevi.com.tr\/index.php\/urun\/ella-ve-owen-3-sovalyeler-ejderhalara-karsi-ciltli\/","title":{"rendered":"Ella ve Owen 3 &#8211; \u015e\u00f6valyeler Ejderhalara Kar\u015f\u0131 (Ciltli)"},"content":{"rendered":"<p>Ella ve Owen&#8217;\u0131n \u00fc\u00e7\u00fcnc\u00fc maceras\u0131na haz\u0131r m\u0131s\u0131n\u0131z? K\u00fc\u00e7\u00fck ejderhalar\u0131m\u0131z bu kez de Korku Da\u011f\u0131&#8217;n\u0131n yanl\u0131\u015f taraf\u0131na d\u00fc\u015f\u00fcyorlar ve kar\u015f\u0131lar\u0131n ejderha d\u00fc\u015fman\u0131, parlak z\u0131rhl\u0131 \u015f\u00f6valyeler \u00e7\u0131k\u0131yor. Ba\u015flar\u0131 yine belada! Bakal\u0131m minik dostlar\u0131m\u0131z kalelerle ve \u015f\u00f6valyelerle dolu Korku Da\u011f\u0131&#8217;ndan eve <\/p>\n","protected":false},"excerpt":{"rendered":"<p>Ella ve Owen&#8217;\u0131n \u00fc\u00e7\u00fcnc\u00fc maceras\u0131na haz\u0131r m\u0131s\u0131n\u0131z? K\u00fc\u00e7\u00fck ejderhalar\u0131m\u0131z bu kez de Korku Da\u011f\u0131&#8217;n\u0131n yanl\u0131\u015f taraf\u0131na d\u00fc\u015f\u00fcyorlar ve kar\u015f\u0131lar\u0131n ejderha d\u00fc\u015fman\u0131, parlak z\u0131rhl\u0131 \u015f\u00f6valyeler \u00e7\u0131k\u0131yor. Ba\u015flar\u0131<span class=\"excerpt-hellip\"> [\u2026]<\/span><\/p>\n","protected":false},"featured_media":0,"template":"","meta":{"_monsterinsights_skip_tracking":false,"_monsterinsights_sitenote_active":false,"_monsterinsights_sitenote_note":"","_monsterinsights_sitenote_category":0},"product_brand":[],"product_cat":[12275,12274],"product_tag":[],"class_list":{"0":"post-731180","1":"product","2":"type-product","3":"status-publish","5":"product_cat-6-12-yas-kitaplari","6":"product_cat-cocuk-ve-genclik-kitaplari","7":"pa_cilt-ciltli","8":"pa_tur-kitap","9":"pa_yayinevi-babil-kitap","10":"pa_yazar-jaden-kent","12":"first","13":"instock","14":"sale","15":"shipping-taxable","16":"purchasable","17":"product-type-simple"},"_links":{"self":[{"href":"https:\/\/roveyayinevi.com.tr\/index.php\/wp-json\/wp\/v2\/product\/731180","targetHints":{"allow":["GET"]}}],"collection":[{"href":"https:\/\/roveyayinevi.com.tr\/index.php\/wp-json\/wp\/v2\/product"}],"about":[{"href":"https:\/\/roveyayinevi.com.tr\/index.php\/wp-json\/wp\/v2\/types\/product"}],"wp:attachment":[{"href":"https:\/\/roveyayinevi.com.tr\/index.php\/wp-json\/wp\/v2\/media?parent=731180"}],"wp:term":[{"taxonomy":"product_brand","embeddable":true,"href":"https:\/\/roveyayinevi.com.tr\/index.php\/wp-json\/wp\/v2\/product_brand?post=731180"},{"taxonomy":"product_cat","embeddable":true,"href":"https:\/\/roveyayinevi.com.tr\/index.php\/wp-json\/wp\/v2\/product_cat?post=731180"},{"taxonomy":"product_tag","embeddable":true,"href":"https:\/\/roveyayinevi.com.tr\/index.php\/wp-json\/wp\/v2\/product_tag?post=731180"}],"curies":[{"name":"wp","href":"https:\/\/api.w.org\/{rel}","templated":true}]}}