{"id":731179,"date":"2025-08-27T21:26:55","date_gmt":"2025-08-27T18:26:55","guid":{"rendered":"https:\/\/roveyayinevi.com.tr\/index.php\/urun\/ella-ve-owen-4-kotu-balkabagi-pastasi-karsilastirmasi-ciltli\/"},"modified":"2026-04-16T02:39:01","modified_gmt":"2026-04-15T23:39:01","slug":"ella-ve-owen-4-kotu-balkabagi-pastasi-karsilastirmasi-ciltli","status":"publish","type":"product","link":"https:\/\/roveyayinevi.com.tr\/index.php\/urun\/ella-ve-owen-4-kotu-balkabagi-pastasi-karsilastirmasi-ciltli\/","title":{"rendered":"Ella ve Owen 4 &#8211; K\u00f6t\u00fc Balkaba\u011f\u0131 Pastas\u0131 Kar\u015f\u0131la\u015ft\u0131rmas\u0131 (Ciltli)"},"content":{"rendered":"<p>Ella Owen&#8217;\u0131n d\u00f6rd\u00fcnc\u00fc maceras\u0131nda minik ejderhalar\u0131m\u0131z\u0131n kar\u015f\u0131s\u0131na bu kez de korkun\u00e7 Bal Kaba\u011f\u0131 Kral\u0131, a\u00e7 bir \u00f6r\u00fcmcek ve bir cad\u0131 \u00e7\u0131k\u0131yor! Gecenin bir vakti d\u0131\u015far\u0131da kalan kahramanlar\u0131m\u0131z yollar\u0131n\u0131 kaybetmi\u015fken, uzaktan gelen bir \u0131\u015f\u0131k Ella&#8217;n\u0131n dikkatini \u00e7ekiyor. I\u015f\u0131\u011fa do\u011fru ilerleyen dostlar\u0131m\u0131z, sonunda k\u00f6t\u00fc kalpli Bal Kaba\u011f\u0131 Kral\u0131, \u00f6r\u00fcmcek ve cad\u0131yla kar\u015f\u0131la\u015f\u0131yorlar. Bakal\u0131m onlar\u0131 atlat\u0131p eve d\u00f6n\u00fc\u015f yolunu bulabilecekler mi?<\/p>\n","protected":false},"excerpt":{"rendered":"<p>Ella Owen&#8217;\u0131n d\u00f6rd\u00fcnc\u00fc maceras\u0131nda minik ejderhalar\u0131m\u0131z\u0131n kar\u015f\u0131s\u0131na bu kez de korkun\u00e7 Bal Kaba\u011f\u0131 Kral\u0131, a\u00e7 bir \u00f6r\u00fcmcek ve bir cad\u0131 \u00e7\u0131k\u0131yor! Gecenin bir vakti d\u0131\u015far\u0131da kalan<span class=\"excerpt-hellip\"> [\u2026]<\/span><\/p>\n","protected":false},"featured_media":0,"template":"","meta":{"_monsterinsights_skip_tracking":false,"_monsterinsights_sitenote_active":false,"_monsterinsights_sitenote_note":"","_monsterinsights_sitenote_category":0},"product_brand":[],"product_cat":[12275,12274],"product_tag":[],"class_list":{"0":"post-731179","1":"product","2":"type-product","3":"status-publish","5":"product_cat-6-12-yas-kitaplari","6":"product_cat-cocuk-ve-genclik-kitaplari","7":"pa_cilt-ciltli","8":"pa_tur-kitap","9":"pa_yayinevi-babil-kitap","10":"pa_yazar-jaden-kent","12":"first","13":"instock","14":"sale","15":"shipping-taxable","16":"purchasable","17":"product-type-simple"},"_links":{"self":[{"href":"https:\/\/roveyayinevi.com.tr\/index.php\/wp-json\/wp\/v2\/product\/731179","targetHints":{"allow":["GET"]}}],"collection":[{"href":"https:\/\/roveyayinevi.com.tr\/index.php\/wp-json\/wp\/v2\/product"}],"about":[{"href":"https:\/\/roveyayinevi.com.tr\/index.php\/wp-json\/wp\/v2\/types\/product"}],"wp:attachment":[{"href":"https:\/\/roveyayinevi.com.tr\/index.php\/wp-json\/wp\/v2\/media?parent=731179"}],"wp:term":[{"taxonomy":"product_brand","embeddable":true,"href":"https:\/\/roveyayinevi.com.tr\/index.php\/wp-json\/wp\/v2\/product_brand?post=731179"},{"taxonomy":"product_cat","embeddable":true,"href":"https:\/\/roveyayinevi.com.tr\/index.php\/wp-json\/wp\/v2\/product_cat?post=731179"},{"taxonomy":"product_tag","embeddable":true,"href":"https:\/\/roveyayinevi.com.tr\/index.php\/wp-json\/wp\/v2\/product_tag?post=731179"}],"curies":[{"name":"wp","href":"https:\/\/api.w.org\/{rel}","templated":true}]}}