{"id":731178,"date":"2025-08-27T21:26:54","date_gmt":"2025-08-27T18:26:54","guid":{"rendered":"https:\/\/roveyayinevi.com.tr\/index.php\/urun\/berthe-georges-gaulisden-mektuplar\/"},"modified":"2026-04-16T02:39:01","modified_gmt":"2026-04-15T23:39:01","slug":"berthe-georges-gaulisden-mektuplar","status":"publish","type":"product","link":"https:\/\/roveyayinevi.com.tr\/index.php\/urun\/berthe-georges-gaulisden-mektuplar\/","title":{"rendered":"Berthe Georges Gaulis&#8217;den Mektuplar"},"content":{"rendered":"<p>Elinizdeki kitab\u0131n belkemi\u011fini, Berthe Georges-Gaulis\u2019nin Fransa\u2019n\u0131n Fas Valisi Mare\u015fal Hubert Lyautey\u2019ye 1919-1928 aras\u0131nda yazd\u0131\u011f\u0131, Cumhuriyet\u2019in ilk m\u00fchendislerinden Fuat Pekin\u2019in \u00f6zel ar\u015fivinden k\u0131z\u0131 Aliye Pekin \u00c7elik\u2019in g\u00fcn y\u00fcz\u00fcne \u00e7\u0131kard\u0131\u011f\u0131 ve ilk defa yay\u0131mlanan mektuplar olu\u015fturuyor. Bu mektuplara, yaz\u0131\u015fmalar\u0131n taraflar\u0131 hakk\u0131nda Zeynep Kocab\u0131y\u0131ko\u011flu \u00c7e\u00e7en\u2019in kaleme ald\u0131\u011f\u0131 ayr\u0131nt\u0131l\u0131 biyografiler e\u015flik ediyor ve Cemil Ko\u00e7ak\u2019\u0131n sunu\u015f metni d\u00f6nemin kapsaml\u0131 bir panoramas\u0131n\u0131 \u00e7iziyor.I. D\u00fcnya Sava\u015f\u0131 \u00f6ncesinde \u0130stanbul\u2019da ya\u015fam\u0131\u015f ve Kurtulu\u015f Sava\u015f\u0131 y\u0131llar\u0131nda gazeteci kimli\u011fiyle Anadolu\u2019yu pek \u00e7ok kez ziyaret etmi\u015f Gaulis\u2019nin do\u011frudan tan\u0131kl\u0131klar i\u00e7eren mektuplar\u0131, o d\u00f6nemde Fransa\u2019n\u0131n Ortado\u011fu ve T\u00fcrkiye siyasetine \u0131\u015f\u0131k tutarak bu politik hatt\u0131n g\u00fcndelik yans\u0131malar\u0131n\u0131 aktar\u0131yor, di\u011fer yandan da 1920\u2019lerde bir Frans\u0131z kad\u0131n\u0131n siyasi hayattaki etkin rol\u00fcne ili\u015fkin fikir veriyor.\u201cGaulis\u2019nin haberleri, beklentileri, \u00fcmitleri k\u0131smen yanl\u0131\u015f \u00e7\u0131km\u0131\u015f olabilir, hi\u00e7 \u00f6nemli de\u011fil; ama biz tam o sat\u0131rlar\u0131 yazd\u0131\u011f\u0131 s\u0131rada ona bunlar\u0131 yazd\u0131racak ko\u015fullar\u0131 g\u00f6z\u00fcm\u00fcz\u00fcn \u00f6n\u00fcnden ge\u00e7irmeyi al\u0131\u015fkanl\u0131k haline getirmeliyiz. Mektuplar\u0131n tarihi \u00f6nemi de tam olarak burada yat\u0131yor zaten.\u201d <\/p>\n","protected":false},"excerpt":{"rendered":"<p>Elinizdeki kitab\u0131n belkemi\u011fini, Berthe Georges-Gaulis\u2019nin Fransa\u2019n\u0131n Fas Valisi Mare\u015fal Hubert Lyautey\u2019ye 1919-1928 aras\u0131nda yazd\u0131\u011f\u0131, Cumhuriyet\u2019in ilk m\u00fchendislerinden Fuat Pekin\u2019in \u00f6zel ar\u015fivinden k\u0131z\u0131 Aliye Pekin \u00c7elik\u2019in g\u00fcn<span class=\"excerpt-hellip\"> [\u2026]<\/span><\/p>\n","protected":false},"featured_media":0,"template":"","meta":{"_monsterinsights_skip_tracking":false,"_monsterinsights_sitenote_active":false,"_monsterinsights_sitenote_note":"","_monsterinsights_sitenote_category":0},"product_brand":[],"product_cat":[12370,12304],"product_tag":[],"class_list":{"0":"post-731178","1":"product","2":"type-product","3":"status-publish","5":"product_cat-arastirma-inceleme","6":"product_cat-tarih","7":"pa_cilt-ciltsiz","8":"pa_tur-kitap","9":"pa_yayinevi-koc-universitesi-yayinlari","10":"pa_yazar-aliye-pekin-celik-zeynep-kocabiyikoglu-cecen","12":"first","13":"instock","14":"sale","15":"shipping-taxable","16":"purchasable","17":"product-type-simple"},"_links":{"self":[{"href":"https:\/\/roveyayinevi.com.tr\/index.php\/wp-json\/wp\/v2\/product\/731178","targetHints":{"allow":["GET"]}}],"collection":[{"href":"https:\/\/roveyayinevi.com.tr\/index.php\/wp-json\/wp\/v2\/product"}],"about":[{"href":"https:\/\/roveyayinevi.com.tr\/index.php\/wp-json\/wp\/v2\/types\/product"}],"wp:attachment":[{"href":"https:\/\/roveyayinevi.com.tr\/index.php\/wp-json\/wp\/v2\/media?parent=731178"}],"wp:term":[{"taxonomy":"product_brand","embeddable":true,"href":"https:\/\/roveyayinevi.com.tr\/index.php\/wp-json\/wp\/v2\/product_brand?post=731178"},{"taxonomy":"product_cat","embeddable":true,"href":"https:\/\/roveyayinevi.com.tr\/index.php\/wp-json\/wp\/v2\/product_cat?post=731178"},{"taxonomy":"product_tag","embeddable":true,"href":"https:\/\/roveyayinevi.com.tr\/index.php\/wp-json\/wp\/v2\/product_tag?post=731178"}],"curies":[{"name":"wp","href":"https:\/\/api.w.org\/{rel}","templated":true}]}}