{"id":731177,"date":"2025-08-27T21:26:53","date_gmt":"2025-08-27T18:26:53","guid":{"rendered":"https:\/\/roveyayinevi.com.tr\/index.php\/urun\/ayrintili-mizrap-yonleri-ve-suslemeleriyle-ud-alistirmalari\/"},"modified":"2026-04-16T02:39:01","modified_gmt":"2026-04-15T23:39:01","slug":"ayrintili-mizrap-yonleri-ve-suslemeleriyle-ud-alistirmalari","status":"publish","type":"product","link":"https:\/\/roveyayinevi.com.tr\/index.php\/urun\/ayrintili-mizrap-yonleri-ve-suslemeleriyle-ud-alistirmalari\/","title":{"rendered":"Ayr\u0131nt\u0131l\u0131 M\u0131zrap Y\u00f6nleri Ve S\u00fcslemeleriyle Ud Al\u0131\u015ft\u0131rmalar\u0131"},"content":{"rendered":"<p>T\u00fcrk m\u00fbsik\u00eesi saz icrac\u0131lar\u0131 kadim T\u00fcrk m\u00fbsik\u00eesi gelene\u011finin aktar\u0131m\u0131nda ve geli\u015fmesinde her daim \u00f6nc\u00fc olmu\u015flard\u0131r. \u00c7alg\u0131lar\u0131m\u0131z, Anadolu edvarlar\u0131ndan, sistemci okula ve g\u00fcn\u00fcm\u00fcz modern nazariyat yakla\u015f\u0131mlar\u0131na kadar bir silsile olarak devam eden ve \u00e7alg\u0131lar \u00fczerinden geli\u015ftirilen T\u00fcrk m\u00fbsik\u00eesi ses sistemlerinin olu\u015fturulmas\u0131nda \u00f6nemli rol oynam\u0131\u015ft\u0131r. \u00d6zellikle ud \u00fczerinden yap\u0131lan ses sistemi ve nazariyat a\u00e7\u0131klamalar\u0131 bu \u00e7alg\u0131ya verilen de\u011feri de g\u00f6stermektedir.  Bu nedenle bir m\u00fbsik\u00eenin temel arac\u0131 olarak kabul edilen \u00e7alg\u0131lar\u0131n, e\u011fitimi ve \u00f6\u011fretimi ayr\u0131 bir hassasiyet konusudur. \u00c7alg\u0131 repertuvar\u0131n\u0131n olu\u015fturulmas\u0131 ve \u00e7alg\u0131 \u00e7alanlar\u0131n \u00fcst\u00fcn vas\u0131fl\u0131 icrac\u0131lar olmas\u0131 ge\u00e7irecekleri e\u011fitim s\u00fcre\u00e7lerine ba\u011fl\u0131d\u0131r.  M\u00fbsik\u00eemizde usta-\u00e7\u0131rak ili\u015fkisine dayal\u0131 me\u015fk sisteminin yan\u0131 s\u0131ra okullu m\u00fczik e\u011fitimi s\u00fcrecinin de bulunmas\u0131 yeti\u015fen \u00e7alg\u0131 icrac\u0131lar\u0131 i\u00e7in \u00f6nemli bir f\u0131rsatt\u0131r.  Bu s\u00fcre\u00e7te T\u00fcrk m\u00fbsik\u00eesinin en \u00f6nemli ihtiyac\u0131 \u00e7alg\u0131 \u00f6\u011fretim materyallerinin olu\u015fturulmas\u0131 ve haz\u0131rlanmas\u0131d\u0131r. Metot, al\u0131\u015ft\u0131rma kitab\u0131, makam seyirleri, \u00e7alg\u0131 et\u00fctleri gibi kitaplar yeni icrac\u0131lar\u0131n e\u011fitiminde yol g\u00f6sterici, fikir verici ve geli\u015ftirici materyaller olarak hizmet etmektedir.  Ancak T\u00fcrk \u00e7alg\u0131lar\u0131n\u0131n \u00f6\u011fretimi i\u00e7in haz\u0131rlanan materyallerin say\u0131s\u0131 olduk\u00e7a azd\u0131r. Zengin makam, us\u00fbl ve repertuvara s\u00e2hip T\u00fcrk m\u00fbsik\u00eesinin, ulusal ve uluslararas\u0131 alanda s\u00f6z s\u00e2hibi icrac\u0131lar\u0131n\u0131n yeti\u015ftirilebilmesi, tecr\u00fcbenin aktar\u0131m\u0131 ve yeni materyallerin haz\u0131rlanmas\u0131yla m\u00fcmk\u00fcn olacakt\u0131r. \u00c7alg\u0131 \u00f6\u011fretimimiz ad\u0131na yap\u0131lan her t\u00fcrl\u00fc \u00e7al\u0131\u015fmalar bu nedenle \u00e7ok \u00f6nemli ve de\u011ferlidir. K\u0131ymetli \u00f6\u011frencim Dr. Ali Kerim \u00d6ner\u2019in hassasiyet g\u00f6sterdi\u011fi, heyecanla ve emek vererek haz\u0131rlad\u0131\u011f\u0131 ve ud e\u011fitiminin farkl\u0131 tekniklerini i\u00e7eren \u00e7al\u0131\u015fmalar\u0131n yer ald\u0131\u011f\u0131 bu kitab\u0131n\u0131n ud icrac\u0131lar\u0131na faydal\u0131 olaca\u011f\u0131n\u0131 ve yeni ufuklar a\u00e7aca\u011f\u0131n\u0131 d\u00fc\u015f\u00fcn\u00fcyorum. Hay\u0131rl\u0131 olmas\u0131 dileklerimle\u2026 <\/p>\n","protected":false},"excerpt":{"rendered":"<p>T\u00fcrk m\u00fbsik\u00eesi saz icrac\u0131lar\u0131 kadim T\u00fcrk m\u00fbsik\u00eesi gelene\u011finin aktar\u0131m\u0131nda ve geli\u015fmesinde her daim \u00f6nc\u00fc olmu\u015flard\u0131r. \u00c7alg\u0131lar\u0131m\u0131z, Anadolu edvarlar\u0131ndan, sistemci okula ve g\u00fcn\u00fcm\u00fcz modern nazariyat yakla\u015f\u0131mlar\u0131na kadar<span class=\"excerpt-hellip\"> [\u2026]<\/span><\/p>\n","protected":false},"featured_media":0,"template":"","meta":{"_monsterinsights_skip_tracking":false,"_monsterinsights_sitenote_active":false,"_monsterinsights_sitenote_note":"","_monsterinsights_sitenote_category":0},"product_brand":[],"product_cat":[14556,20810],"product_tag":[],"class_list":{"0":"post-731177","1":"product","2":"type-product","3":"status-publish","5":"product_cat-muzik","6":"product_cat-ogrenim-kitaplari","7":"pa_cilt-ciltsiz","8":"pa_tur-kitap","9":"pa_yayinevi-muzik-egitimi-yayinlari","10":"pa_yazar-ali-kerim-oner","12":"first","13":"instock","14":"sale","15":"shipping-taxable","16":"purchasable","17":"product-type-simple"},"_links":{"self":[{"href":"https:\/\/roveyayinevi.com.tr\/index.php\/wp-json\/wp\/v2\/product\/731177","targetHints":{"allow":["GET"]}}],"collection":[{"href":"https:\/\/roveyayinevi.com.tr\/index.php\/wp-json\/wp\/v2\/product"}],"about":[{"href":"https:\/\/roveyayinevi.com.tr\/index.php\/wp-json\/wp\/v2\/types\/product"}],"wp:attachment":[{"href":"https:\/\/roveyayinevi.com.tr\/index.php\/wp-json\/wp\/v2\/media?parent=731177"}],"wp:term":[{"taxonomy":"product_brand","embeddable":true,"href":"https:\/\/roveyayinevi.com.tr\/index.php\/wp-json\/wp\/v2\/product_brand?post=731177"},{"taxonomy":"product_cat","embeddable":true,"href":"https:\/\/roveyayinevi.com.tr\/index.php\/wp-json\/wp\/v2\/product_cat?post=731177"},{"taxonomy":"product_tag","embeddable":true,"href":"https:\/\/roveyayinevi.com.tr\/index.php\/wp-json\/wp\/v2\/product_tag?post=731177"}],"curies":[{"name":"wp","href":"https:\/\/api.w.org\/{rel}","templated":true}]}}