{"id":731172,"date":"2025-08-27T21:26:49","date_gmt":"2025-08-27T18:26:49","guid":{"rendered":"https:\/\/roveyayinevi.com.tr\/index.php\/urun\/mor-kulhani-besteci-cengiz-tanc\/"},"modified":"2026-04-16T02:39:01","modified_gmt":"2026-04-15T23:39:01","slug":"mor-kulhani-besteci-cengiz-tanc","status":"publish","type":"product","link":"https:\/\/roveyayinevi.com.tr\/index.php\/urun\/mor-kulhani-besteci-cengiz-tanc\/","title":{"rendered":"Mor K\u00fclhani Besteci Cengiz Tan\u00e7"},"content":{"rendered":"<p>Cengiz Tan\u00e7 (1933-1997), geli\u015ftirdi\u011fi kendine \u00f6zg\u00fc soyut yaz\u0131 tarz\u0131 ile yenilik\u00e7i m\u00fczi\u011fin kap\u0131lar\u0131n\u0131 a\u00e7an say\u0131l\u0131 bestecimizden biridir. Bu anlamda bir \u00f6nc\u00fc, bir u\u00e7beyi oldu\u011fu s\u00f6ylenebilir. Cumhuriyet d\u00f6nemi m\u00fczik tarihimizde yapt\u0131\u011f\u0131 hizmetler ve besteleriyle \u00f6nemli bir yeri olmas\u0131na kar\u015f\u0131n, erken \u00f6l\u00fcm\u00fcnden sonra yap\u0131tlar\u0131 ve kendisinin unutulmaya y\u00fcz tutmas\u0131 \u00fcz\u00fcc\u00fcd\u00fcr. Tan\u00e7&#8217;\u0131n ya\u015fam \u00f6yk\u00fcs\u00fc, 2. D\u00fcnya Harbi \u00f6ncesi T\u00fcrkiye&#8217;nin ekonomik ve toplumsal durumuna, e\u011fitim ya\u015fam\u0131na, 1936&#8217;da kurulan ilk konservatuvar\u0131n e\u011fitim ve sosyal ortam\u0131na da \u0131\u015f\u0131k tutmaktad\u0131r.Muammer Sun ve \u0130lhan Baran&#8217;la birlikte Adnan Saygun&#8217;un mezun etti\u011fi ilk \u00fc\u00e7 \u00f6\u011frenciden biri olan Tan\u00e7&#8217;\u0131n, konservatuvarda, TRT&#8217;de, operada g\u00f6revli oldu\u011fu d\u00f6nemde ya\u015fad\u0131klar\u0131, 12 Mart&#8217;ta ba\u015f\u0131na gelenler, Devlet Sanat\u00e7\u0131l\u0131\u011f\u0131 konusunda koydu\u011fu tav\u0131r, yurt d\u0131\u015f\u0131nda elde etti\u011fi ba\u015far\u0131lar, T\u00fcrk k\u00fclt\u00fcr\u00fc ve m\u00fczi\u011fi hakk\u0131ndaki g\u00f6r\u00fc\u015fleri, bilinen ve bilinmeyen t\u00fcm yap\u0131tlar\u0131, hakk\u0131ndaki anlat\u0131 ve de\u011ferlendirmeler, bu kitab\u0131n i\u00e7eri\u011fini olu\u015fturmaktad\u0131r.K\u00fclt\u00fcr ve sanat yazar\u0131, y\u0131llar\u0131n usta gazetecisi \u015eefik Kahramankaptan taraf\u0131ndan \u00e2deta roman gibi kolay okunur bir \u00fcslupla yaz\u0131lm\u0131\u015f olan bu kitap, Cengiz Tan\u00e7&#8217;\u0131n g\u00fcn\u00fcm\u00fcz ku\u015faklar\u0131 taraf\u0131ndan \u00f6\u011frenilmesine, an\u0131s\u0131n\u0131n ya\u015fat\u0131lmas\u0131na \u00f6nemli bir katk\u0131 sa\u011flayacakt\u0131r. <\/p>\n","protected":false},"excerpt":{"rendered":"<p>Cengiz Tan\u00e7 (1933-1997), geli\u015ftirdi\u011fi kendine \u00f6zg\u00fc soyut yaz\u0131 tarz\u0131 ile yenilik\u00e7i m\u00fczi\u011fin kap\u0131lar\u0131n\u0131 a\u00e7an say\u0131l\u0131 bestecimizden biridir. Bu anlamda bir \u00f6nc\u00fc, bir u\u00e7beyi oldu\u011fu s\u00f6ylenebilir. Cumhuriyet<span class=\"excerpt-hellip\"> [\u2026]<\/span><\/p>\n","protected":false},"featured_media":0,"template":"","meta":{"_monsterinsights_skip_tracking":false,"_monsterinsights_sitenote_active":false,"_monsterinsights_sitenote_note":"","_monsterinsights_sitenote_category":0},"product_brand":[],"product_cat":[14009,12291],"product_tag":[],"class_list":{"0":"post-731172","1":"product","2":"type-product","3":"status-publish","5":"product_cat-biyografi-otobiyografi-edebiyat","6":"product_cat-edebiyat","7":"pa_cilt-ciltsiz","8":"pa_tur-kitap","9":"pa_yayinevi-cumhuriyet-kitaplari","10":"pa_yazar-sefik-kahramankaptan","12":"first","13":"instock","14":"sale","15":"shipping-taxable","16":"purchasable","17":"product-type-simple"},"_links":{"self":[{"href":"https:\/\/roveyayinevi.com.tr\/index.php\/wp-json\/wp\/v2\/product\/731172","targetHints":{"allow":["GET"]}}],"collection":[{"href":"https:\/\/roveyayinevi.com.tr\/index.php\/wp-json\/wp\/v2\/product"}],"about":[{"href":"https:\/\/roveyayinevi.com.tr\/index.php\/wp-json\/wp\/v2\/types\/product"}],"wp:attachment":[{"href":"https:\/\/roveyayinevi.com.tr\/index.php\/wp-json\/wp\/v2\/media?parent=731172"}],"wp:term":[{"taxonomy":"product_brand","embeddable":true,"href":"https:\/\/roveyayinevi.com.tr\/index.php\/wp-json\/wp\/v2\/product_brand?post=731172"},{"taxonomy":"product_cat","embeddable":true,"href":"https:\/\/roveyayinevi.com.tr\/index.php\/wp-json\/wp\/v2\/product_cat?post=731172"},{"taxonomy":"product_tag","embeddable":true,"href":"https:\/\/roveyayinevi.com.tr\/index.php\/wp-json\/wp\/v2\/product_tag?post=731172"}],"curies":[{"name":"wp","href":"https:\/\/api.w.org\/{rel}","templated":true}]}}