{"id":731170,"date":"2025-08-27T21:26:48","date_gmt":"2025-08-27T18:26:48","guid":{"rendered":"https:\/\/roveyayinevi.com.tr\/index.php\/urun\/rus-carligi-ve-osmanli-imparatorlugu-modernlesme-surecleri\/"},"modified":"2026-04-16T02:39:01","modified_gmt":"2026-04-15T23:39:01","slug":"rus-carligi-ve-osmanli-imparatorlugu-modernlesme-surecleri","status":"publish","type":"product","link":"https:\/\/roveyayinevi.com.tr\/index.php\/urun\/rus-carligi-ve-osmanli-imparatorlugu-modernlesme-surecleri\/","title":{"rendered":"Rus \u00c7arl\u0131\u011f\u0131 Ve Osmanl\u0131 \u0130mparatorlu\u011fu Modernle\u015fme S\u00fcre\u00e7leri"},"content":{"rendered":"<p>Bu ara\u015ft\u0131rma, modernle\u015fme olgusu \u00e7er\u00e7evesinde, Osmanl\u0131 ve Rus \u0130mparatorluklar\u0131\u2019n\u0131n ya\u015fam\u0131\u015f olduklar\u0131, siyasal, toplumsal ve ekonomik d\u00f6n\u00fc\u015f\u00fcmler ile bu d\u00f6n\u00fc\u015f\u00fcm\u00fcn temelinde yer alan i\u00e7 ve d\u0131\u015f dinamiklerin etkilerinin irdelenmesi yoluyla incelenmesine y\u00f6nelik bir kar\u015f\u0131la\u015ft\u0131rmal\u0131 tarih \u00e7al\u0131\u015fmas\u0131d\u0131r. Bu kapsamda, Rusya\u2019da ya\u015fanan modernle\u015fme s\u00fcreci ve bu s\u00fcrece kar\u015f\u0131 toplumda olu\u015fan tepkiler incelenirken, ayn\u0131 zamanda Osmanl\u0131 \u0130mparatorlu\u011fu\u2019nda ya\u015fanan paralel ve farkl\u0131 geli\u015fmeler konu edilmektedir. \u00c7al\u0131\u015fman\u0131n konusu olarak Rus ve T\u00fcrk modernle\u015fme s\u00fcre\u00e7lerinin se\u00e7ilmi\u015f olma nedeni ise, daha \u00f6nce incelenmemi\u015f bir konu olmas\u0131 ve ta\u015f\u0131d\u0131\u011f\u0131 \u00f6nemdir. <\/p>\n","protected":false},"excerpt":{"rendered":"<p>Bu ara\u015ft\u0131rma, modernle\u015fme olgusu \u00e7er\u00e7evesinde, Osmanl\u0131 ve Rus \u0130mparatorluklar\u0131\u2019n\u0131n ya\u015fam\u0131\u015f olduklar\u0131, siyasal, toplumsal ve ekonomik d\u00f6n\u00fc\u015f\u00fcmler ile bu d\u00f6n\u00fc\u015f\u00fcm\u00fcn temelinde yer alan i\u00e7 ve d\u0131\u015f dinamiklerin<span class=\"excerpt-hellip\"> [\u2026]<\/span><\/p>\n","protected":false},"featured_media":0,"template":"","meta":{"_monsterinsights_skip_tracking":false,"_monsterinsights_sitenote_active":false,"_monsterinsights_sitenote_note":"","_monsterinsights_sitenote_category":0},"product_brand":[],"product_cat":[13517,12304],"product_tag":[],"class_list":{"0":"post-731170","1":"product","2":"type-product","3":"status-publish","5":"product_cat-osmanli-tarihi","6":"product_cat-tarih","7":"pa_cilt-ciltsiz","8":"pa_tur-kitap","9":"pa_yayinevi-berikan-yayinlari","10":"pa_yazar-dilek-yigit-yuksel","12":"first","13":"instock","14":"sale","15":"shipping-taxable","16":"purchasable","17":"product-type-simple"},"_links":{"self":[{"href":"https:\/\/roveyayinevi.com.tr\/index.php\/wp-json\/wp\/v2\/product\/731170","targetHints":{"allow":["GET"]}}],"collection":[{"href":"https:\/\/roveyayinevi.com.tr\/index.php\/wp-json\/wp\/v2\/product"}],"about":[{"href":"https:\/\/roveyayinevi.com.tr\/index.php\/wp-json\/wp\/v2\/types\/product"}],"wp:attachment":[{"href":"https:\/\/roveyayinevi.com.tr\/index.php\/wp-json\/wp\/v2\/media?parent=731170"}],"wp:term":[{"taxonomy":"product_brand","embeddable":true,"href":"https:\/\/roveyayinevi.com.tr\/index.php\/wp-json\/wp\/v2\/product_brand?post=731170"},{"taxonomy":"product_cat","embeddable":true,"href":"https:\/\/roveyayinevi.com.tr\/index.php\/wp-json\/wp\/v2\/product_cat?post=731170"},{"taxonomy":"product_tag","embeddable":true,"href":"https:\/\/roveyayinevi.com.tr\/index.php\/wp-json\/wp\/v2\/product_tag?post=731170"}],"curies":[{"name":"wp","href":"https:\/\/api.w.org\/{rel}","templated":true}]}}