{"id":731169,"date":"2025-08-27T21:26:47","date_gmt":"2025-08-27T18:26:47","guid":{"rendered":"https:\/\/roveyayinevi.com.tr\/index.php\/urun\/kirk-sehir\/"},"modified":"2026-04-16T02:39:01","modified_gmt":"2026-04-15T23:39:01","slug":"kirk-sehir","status":"publish","type":"product","link":"https:\/\/roveyayinevi.com.tr\/index.php\/urun\/kirk-sehir\/","title":{"rendered":"K\u0131rk \u015eehir"},"content":{"rendered":"<p>Nas\u0131l bir yerde ya\u015famak isterdiniz? M. Tevfik G\u00f6ksu; Ahmet Emre Bilgili\u2019den Ali Ural\u2019a, Arif Ay\u2019dan Aykut Ertu\u011frul\u2019a, Cihan Akta\u015f\u2019tan Nurullah Gen\u00e7\u2019e, Sad\u0131k Yals\u0131zu\u00e7anlar\u2019dan Sibel Eraslan\u2019a\u2026 K\u0131rk usta yazara hayallerindeki \u015fehri sordu. Bu muntazam \u015fehirlerde her an her \u015feyle kar\u015f\u0131la\u015fabilirsiniz. K\u0131rk \u015eehir, ihmal etti\u011fimiz hayal g\u00fcc\u00fcm\u00fcz\u00fc yeniden canland\u0131rman\u0131n yan\u0131nda bize M\u00fcsl\u00fcman \u015fehrinin g\u00fczel ve unuttu\u011fumuz hasletlerini de hat\u0131rlat\u0131yor.Bu \u015fehirde ya\u015famaya ba\u015flad\u0131ktan sonra, ge\u00e7mi\u015fin bir \u00e7\u0131rp\u0131da silinir ve defalarca yeniden yaz\u0131l\u0131rd\u0131. En sonunda hangisine sahiplik etmek istersen hik\u00e2yen o olurdu art\u0131k.<\/p>\n","protected":false},"excerpt":{"rendered":"<p>Nas\u0131l bir yerde ya\u015famak isterdiniz? M. Tevfik G\u00f6ksu; Ahmet Emre Bilgili\u2019den Ali Ural\u2019a, Arif Ay\u2019dan Aykut Ertu\u011frul\u2019a, Cihan Akta\u015f\u2019tan Nurullah Gen\u00e7\u2019e, Sad\u0131k Yals\u0131zu\u00e7anlar\u2019dan Sibel Eraslan\u2019a\u2026 K\u0131rk<span class=\"excerpt-hellip\"> [\u2026]<\/span><\/p>\n","protected":false},"featured_media":0,"template":"","meta":{"_monsterinsights_skip_tracking":false,"_monsterinsights_sitenote_active":false,"_monsterinsights_sitenote_note":"","_monsterinsights_sitenote_category":0},"product_brand":[],"product_cat":[12777,12291],"product_tag":[],"class_list":{"0":"post-731169","1":"product","2":"type-product","3":"status-publish","5":"product_cat-deneme","6":"product_cat-edebiyat","7":"pa_cilt-ciltsiz","8":"pa_tur-kitap","9":"pa_yayinevi-muhit-kitap","10":"pa_yazar-m-tevfik-goksu","12":"first","13":"instock","14":"sale","15":"shipping-taxable","16":"purchasable","17":"product-type-simple"},"_links":{"self":[{"href":"https:\/\/roveyayinevi.com.tr\/index.php\/wp-json\/wp\/v2\/product\/731169","targetHints":{"allow":["GET"]}}],"collection":[{"href":"https:\/\/roveyayinevi.com.tr\/index.php\/wp-json\/wp\/v2\/product"}],"about":[{"href":"https:\/\/roveyayinevi.com.tr\/index.php\/wp-json\/wp\/v2\/types\/product"}],"wp:attachment":[{"href":"https:\/\/roveyayinevi.com.tr\/index.php\/wp-json\/wp\/v2\/media?parent=731169"}],"wp:term":[{"taxonomy":"product_brand","embeddable":true,"href":"https:\/\/roveyayinevi.com.tr\/index.php\/wp-json\/wp\/v2\/product_brand?post=731169"},{"taxonomy":"product_cat","embeddable":true,"href":"https:\/\/roveyayinevi.com.tr\/index.php\/wp-json\/wp\/v2\/product_cat?post=731169"},{"taxonomy":"product_tag","embeddable":true,"href":"https:\/\/roveyayinevi.com.tr\/index.php\/wp-json\/wp\/v2\/product_tag?post=731169"}],"curies":[{"name":"wp","href":"https:\/\/api.w.org\/{rel}","templated":true}]}}