{"id":731167,"date":"2025-08-27T21:26:45","date_gmt":"2025-08-27T18:26:45","guid":{"rendered":"https:\/\/roveyayinevi.com.tr\/index.php\/urun\/soz-mulkunun-sultani-baki\/"},"modified":"2026-04-16T02:39:01","modified_gmt":"2026-04-15T23:39:01","slug":"soz-mulkunun-sultani-baki","status":"publish","type":"product","link":"https:\/\/roveyayinevi.com.tr\/index.php\/urun\/soz-mulkunun-sultani-baki\/","title":{"rendered":"S\u00f6z M\u00fclk\u00fcn\u00fcn Sultan\u0131 Baki"},"content":{"rendered":"<p>T\u00fcrk \u015fiirinin zirvelerinden Baki, Prof. Dr. Muhsin Macit taraf\u0131ndan k\u0131ymetli bir kitapla yeniden hat\u0131rlat\u0131ld\u0131. \u0130lmiye s\u0131n\u0131f\u0131n\u0131n m\u00fchim bir \u015fahsiyeti, \u015fairlerin sultan\u0131, padi\u015fahlar\u0131n g\u00f6zdesi Baki, ad\u0131 yar\u0131nlara kalan k\u0131ymetli bir \u015fairdir. Onun uzak as\u0131rlar\u0131n ard\u0131ndan bize yans\u0131yan sesi, ahenkli; g\u00f6lgesi uzundur. Kanuni ve Mimar Sinan gibi Baki de sadece bir devrin de\u011fil b\u00fct\u00fcn Osmanl\u0131 \u00e7a\u011flar\u0131n\u0131n y\u00fcz ak\u0131d\u0131r. D\u00f6rt padi\u015fah devrini g\u00f6rm\u00fc\u015f olmas\u0131na ra\u011fmen akl\u0131m\u0131za hep Kanuni\u2019nin ihti\u015fam\u0131yla gelir. Davud\u00ee sesinde ve m\u0131sralar\u0131ndaki par\u0131lt\u0131l\u0131 tezyinatta daima bu g\u00f6rkem ve biraz da g\u00f6steri\u015f merak\u0131 sezilir. Hayat\u0131yla sanat\u0131n\u0131 de\u011fil, sanat\u0131yla hayat\u0131n\u0131 in\u015fa edip ortas\u0131na yerle\u015fmi\u015f izlenimi verir.Sanatk\u00e2rl\u0131kla zanaatk\u00e2rl\u0131\u011f\u0131n s\u0131n\u0131rlar\u0131n\u0131n tam olarak ayr\u0131\u015fmad\u0131\u011f\u0131 bir \u00e7a\u011fda her iki tecr\u00fcbeyi medrese e\u011fitimiyle ta\u00e7land\u0131ran Baki, adeta kelimelerle oynar. Sanat\u0131n\u0131 besleyen kanallar\u0131 geni\u015fletir. A\u015finas\u0131 oldu\u011fumuz pek \u00e7ok kelime, kazand\u0131\u011f\u0131 \u00e7a\u011fr\u0131\u015f\u0131m kabiliyetiyle ikinci bir hayata kavu\u015fur.B\u00f6yle bir \u015fair, bir devrin de\u011fil b\u00fct\u00fcn as\u0131rlar\u0131n g\u00f6zdesidir. G\u00fcn\u00fcm\u00fcz okuru i\u00e7in de anla\u015f\u0131lmas\u0131, hat\u0131rlanmas\u0131, \u015fiirlerinin \u00fcslup ve anlam \u00f6zelliklerinin dile getirilmesi elzem bir hizmettir. Prof. Dr. Muhsin Macit, bu sahan\u0131n k\u0131ymetli akademisyeni olarak Baki\u2019yi yeniden g\u00fcndemimize ta\u015f\u0131m\u0131\u015f, zirvenin g\u00fczelli\u011fini bug\u00fcne yans\u0131tm\u0131\u015ft\u0131r.Kitapta, Baki\u2019nin hayat\u0131 ve eserlerinin yan\u0131nda \u015fiirlerinden se\u00e7meler ve bunlar\u0131n a\u00e7\u0131klanmas\u0131 derli toplu bir kitapla kar\u015f\u0131 kar\u015f\u0131ya oldu\u011fumuzu g\u00f6steriyor. Bu kitapta Baki\u2019nin sanat anlay\u0131\u015f\u0131n\u0131n farkl\u0131 y\u00f6nlerini ve \u00fcslubunun b\u00fct\u00fcn inceliklerini g\u00f6rmek de m\u00fcmk\u00fcn.Muhit Kitap taraf\u0131ndan yay\u0131nlanan S\u00f6z M\u00fclk\u00fcn\u00fcn Sultan\u0131: Baki adl\u0131 eser, Baki\u2019yi tan\u0131mak i\u00e7in b\u00fct\u00fcn ipu\u00e7lar\u0131n\u0131 veriyor.<\/p>\n","protected":false},"excerpt":{"rendered":"<p>T\u00fcrk \u015fiirinin zirvelerinden Baki, Prof. Dr. Muhsin Macit taraf\u0131ndan k\u0131ymetli bir kitapla yeniden hat\u0131rlat\u0131ld\u0131. \u0130lmiye s\u0131n\u0131f\u0131n\u0131n m\u00fchim bir \u015fahsiyeti, \u015fairlerin sultan\u0131, padi\u015fahlar\u0131n g\u00f6zdesi Baki, ad\u0131 yar\u0131nlara<span class=\"excerpt-hellip\"> [\u2026]<\/span><\/p>\n","protected":false},"featured_media":0,"template":"","meta":{"_monsterinsights_skip_tracking":false,"_monsterinsights_sitenote_active":false,"_monsterinsights_sitenote_note":"","_monsterinsights_sitenote_category":0},"product_brand":[],"product_cat":[12777,12291],"product_tag":[],"class_list":{"0":"post-731167","1":"product","2":"type-product","3":"status-publish","5":"product_cat-deneme","6":"product_cat-edebiyat","7":"pa_cilt-ciltsiz","8":"pa_tur-kitap","9":"pa_yayinevi-muhit-kitap","10":"pa_yazar-muhsin-macit","12":"first","13":"instock","14":"sale","15":"shipping-taxable","16":"purchasable","17":"product-type-simple"},"_links":{"self":[{"href":"https:\/\/roveyayinevi.com.tr\/index.php\/wp-json\/wp\/v2\/product\/731167","targetHints":{"allow":["GET"]}}],"collection":[{"href":"https:\/\/roveyayinevi.com.tr\/index.php\/wp-json\/wp\/v2\/product"}],"about":[{"href":"https:\/\/roveyayinevi.com.tr\/index.php\/wp-json\/wp\/v2\/types\/product"}],"wp:attachment":[{"href":"https:\/\/roveyayinevi.com.tr\/index.php\/wp-json\/wp\/v2\/media?parent=731167"}],"wp:term":[{"taxonomy":"product_brand","embeddable":true,"href":"https:\/\/roveyayinevi.com.tr\/index.php\/wp-json\/wp\/v2\/product_brand?post=731167"},{"taxonomy":"product_cat","embeddable":true,"href":"https:\/\/roveyayinevi.com.tr\/index.php\/wp-json\/wp\/v2\/product_cat?post=731167"},{"taxonomy":"product_tag","embeddable":true,"href":"https:\/\/roveyayinevi.com.tr\/index.php\/wp-json\/wp\/v2\/product_tag?post=731167"}],"curies":[{"name":"wp","href":"https:\/\/api.w.org\/{rel}","templated":true}]}}