{"id":731166,"date":"2025-08-27T21:26:43","date_gmt":"2025-08-27T18:26:43","guid":{"rendered":"https:\/\/roveyayinevi.com.tr\/index.php\/urun\/bir-yuruyus-senfonisi\/"},"modified":"2026-04-16T02:39:01","modified_gmt":"2026-04-15T23:39:01","slug":"bir-yuruyus-senfonisi","status":"publish","type":"product","link":"https:\/\/roveyayinevi.com.tr\/index.php\/urun\/bir-yuruyus-senfonisi\/","title":{"rendered":"Bir Y\u00fcr\u00fcy\u00fc\u015f Senfonisi"},"content":{"rendered":"<p>De\u011ferlerin t\u00fcketildi\u011fi bir \u00e7a\u011fda Arif Ay, Nuri Pakdil\u2019in putk\u0131r\u0131c\u0131 \u0130brahim\u00ee y\u00fcr\u00fcy\u00fc\u015f\u00fcn\u00fcn kolay anla\u015f\u0131lmayaca\u011fn\u0131 g\u00f6r\u00fcyordu. Yar\u0131m y\u00fczy\u0131la yakla\u015fan \u015fahitli\u011fi onu Nuri Pakdil\u2019in yazd\u0131klar\u0131n\u0131 \u015ferh etmeye, a\u00e7\u0131mlamaya g\u00f6t\u00fcrd\u00fc.Bir Y\u00fcr\u00fcy\u00fc\u015f Senfonisi ile Osmanl\u0131 Simit\u00e7iler Kas\u00eedesi\u2019nin her beytini Pakdil\u2019in sanat ve d\u00fc\u015f\u00fcnce d\u00fcnyas\u0131na girmek isteyecek nitelikli okura rehber olacak bir \u015fekilde a\u00e7t\u0131, a\u00e7\u0131klad\u0131. Eliot\u2019tan S\u00fcmb\u00fclzade Vehb\u00ee\u2019ye, Dede Korkut\u2019tan Kierkegaard\u2019a, putk\u0131r\u0131c\u0131 Hz. \u0130brahim\u2019den ezeli ve ebedi biricik \u00f6nderimiz Hz. Muhammed\u2019e; Kud\u00fcs\u2019ten Paris\u2019e, minareleriyle uyanan \u0130stanbul\u2019dan bal\u0131 sabra d\u00f6n\u00fc\u015ft\u00fcren Bitlis\u2019e, simidin tarihinden k\u00f6y \u00e7ocuklar\u0131n\u0131n ayran tas\u0131na, dua ve medhiyeden putperestlere kar\u015f\u0131 bu\u011fza, yery\u00fcz\u00fc a\u011f\u0131d\u0131ndan Mekke mar\u015f\u0131na Pakdil\u2019in simgelerle dolu d\u00fcnyas\u0131n\u0131n kodlar\u0131n\u0131 veriyor okura.Nuri Pakdil Usta\u2019n\u0131n yay\u0131nland\u0131k\u00e7a her ay okuyup kesip saklad\u0131\u011f\u0131 ve be\u011fenisini de Arif Ay\u2019a s\u0131k s\u0131k ifade etti\u011fi bu k\u0131lavuz yaz\u0131lar sizi ba\u015fka bir \u00e2leme g\u00f6t\u00fcrecek.<\/p>\n","protected":false},"excerpt":{"rendered":"<p>De\u011ferlerin t\u00fcketildi\u011fi bir \u00e7a\u011fda Arif Ay, Nuri Pakdil\u2019in putk\u0131r\u0131c\u0131 \u0130brahim\u00ee y\u00fcr\u00fcy\u00fc\u015f\u00fcn\u00fcn kolay anla\u015f\u0131lmayaca\u011fn\u0131 g\u00f6r\u00fcyordu. Yar\u0131m y\u00fczy\u0131la yakla\u015fan \u015fahitli\u011fi onu Nuri Pakdil\u2019in yazd\u0131klar\u0131n\u0131 \u015ferh etmeye, a\u00e7\u0131mlamaya g\u00f6t\u00fcrd\u00fc.Bir<span class=\"excerpt-hellip\"> [\u2026]<\/span><\/p>\n","protected":false},"featured_media":0,"template":"","meta":{"_monsterinsights_skip_tracking":false,"_monsterinsights_sitenote_active":false,"_monsterinsights_sitenote_note":"","_monsterinsights_sitenote_category":0},"product_brand":[],"product_cat":[12777,12291],"product_tag":[],"class_list":{"0":"post-731166","1":"product","2":"type-product","3":"status-publish","5":"product_cat-deneme","6":"product_cat-edebiyat","7":"pa_cilt-ciltsiz","8":"pa_tur-kitap","9":"pa_yayinevi-muhit-kitap","10":"pa_yazar-arif-ay","12":"first","13":"instock","14":"sale","15":"shipping-taxable","16":"purchasable","17":"product-type-simple"},"_links":{"self":[{"href":"https:\/\/roveyayinevi.com.tr\/index.php\/wp-json\/wp\/v2\/product\/731166","targetHints":{"allow":["GET"]}}],"collection":[{"href":"https:\/\/roveyayinevi.com.tr\/index.php\/wp-json\/wp\/v2\/product"}],"about":[{"href":"https:\/\/roveyayinevi.com.tr\/index.php\/wp-json\/wp\/v2\/types\/product"}],"wp:attachment":[{"href":"https:\/\/roveyayinevi.com.tr\/index.php\/wp-json\/wp\/v2\/media?parent=731166"}],"wp:term":[{"taxonomy":"product_brand","embeddable":true,"href":"https:\/\/roveyayinevi.com.tr\/index.php\/wp-json\/wp\/v2\/product_brand?post=731166"},{"taxonomy":"product_cat","embeddable":true,"href":"https:\/\/roveyayinevi.com.tr\/index.php\/wp-json\/wp\/v2\/product_cat?post=731166"},{"taxonomy":"product_tag","embeddable":true,"href":"https:\/\/roveyayinevi.com.tr\/index.php\/wp-json\/wp\/v2\/product_tag?post=731166"}],"curies":[{"name":"wp","href":"https:\/\/api.w.org\/{rel}","templated":true}]}}