{"id":731165,"date":"2025-08-27T21:26:42","date_gmt":"2025-08-27T18:26:42","guid":{"rendered":"https:\/\/roveyayinevi.com.tr\/index.php\/urun\/dunyanin-en-yalniz-yerinde\/"},"modified":"2026-04-13T02:47:44","modified_gmt":"2026-04-12T23:47:44","slug":"dunyanin-en-yalniz-yerinde","status":"publish","type":"product","link":"https:\/\/roveyayinevi.com.tr\/index.php\/urun\/dunyanin-en-yalniz-yerinde\/","title":{"rendered":"D\u00fcnyan\u0131n En Yaln\u0131z Yerinde"},"content":{"rendered":"<p>Muhit Kitap, edebiyat\u0131m\u0131z\u0131n k\u0131ymetli ismi Mustafa Ruhi \u015eirin\u2019in olgunluk d\u00f6nemi eserleriniyay\u0131mlamaya devam ediyor.D\u00fcnyan\u0131n En Yaln\u0131z Yerinde, y\u00fcz bir r\u00fcyadan olu\u015fan bir r\u00fcya kitab\u0131d\u0131r. Hayal g\u00fcc\u00fcn\u00fcn, berrak bir kalbin, saf bir akl\u0131n s\u0131n\u0131rs\u0131zl\u0131\u011f\u0131d\u0131r Mustafa Ruhi \u015eirin\u2019in r\u00fcyalar\u0131. \u0130\u00e7inde ve kendisinde b\u00fcy\u00fcmeyen bir \u00e7ocu\u011fun co\u015fkusu ve u\u00e7suz bucaks\u0131zl\u0131\u011f\u0131 bu sefer yazar\u0131n s\u0131n\u0131rs\u0131z anlat\u0131m\u0131yla okuru ku\u015fat\u0131yor.\u201cR\u00fcyamda sanc\u0131lar\u0131m\u0131 dindiren alabal\u0131\u011f\u0131 tutan kimdi\u201d? diye soran yazar\u0131n \u00e7ocukluk hat\u0131ra ve an\u0131lar\u0131n i\u00e7 i\u00e7e sindi\u011fi D\u00fcnyan\u0131n En Yaln\u0131z Yerinde, \u015fairane bir dille okuyucuyu bekliyor.<\/p>\n","protected":false},"excerpt":{"rendered":"<p>Muhit Kitap, edebiyat\u0131m\u0131z\u0131n k\u0131ymetli ismi Mustafa Ruhi \u015eirin\u2019in olgunluk d\u00f6nemi eserleriniyay\u0131mlamaya devam ediyor.D\u00fcnyan\u0131n En Yaln\u0131z Yerinde, y\u00fcz bir r\u00fcyadan olu\u015fan bir r\u00fcya kitab\u0131d\u0131r. Hayal g\u00fcc\u00fcn\u00fcn, berrak<span class=\"excerpt-hellip\"> [\u2026]<\/span><\/p>\n","protected":false},"featured_media":0,"template":"","meta":{"_monsterinsights_skip_tracking":false,"_monsterinsights_sitenote_active":false,"_monsterinsights_sitenote_note":"","_monsterinsights_sitenote_category":0},"product_brand":[],"product_cat":[12291,12711],"product_tag":[],"class_list":{"0":"post-731165","1":"product","2":"type-product","3":"status-publish","5":"product_cat-edebiyat","6":"product_cat-roman-oyku","7":"pa_cilt-ciltsiz","8":"pa_tur-kitap","9":"pa_yayinevi-muhit-kitap","10":"pa_yazar-mustafa-ruhi-sirin","12":"first","13":"instock","14":"sale","15":"shipping-taxable","16":"purchasable","17":"product-type-simple"},"_links":{"self":[{"href":"https:\/\/roveyayinevi.com.tr\/index.php\/wp-json\/wp\/v2\/product\/731165","targetHints":{"allow":["GET"]}}],"collection":[{"href":"https:\/\/roveyayinevi.com.tr\/index.php\/wp-json\/wp\/v2\/product"}],"about":[{"href":"https:\/\/roveyayinevi.com.tr\/index.php\/wp-json\/wp\/v2\/types\/product"}],"wp:attachment":[{"href":"https:\/\/roveyayinevi.com.tr\/index.php\/wp-json\/wp\/v2\/media?parent=731165"}],"wp:term":[{"taxonomy":"product_brand","embeddable":true,"href":"https:\/\/roveyayinevi.com.tr\/index.php\/wp-json\/wp\/v2\/product_brand?post=731165"},{"taxonomy":"product_cat","embeddable":true,"href":"https:\/\/roveyayinevi.com.tr\/index.php\/wp-json\/wp\/v2\/product_cat?post=731165"},{"taxonomy":"product_tag","embeddable":true,"href":"https:\/\/roveyayinevi.com.tr\/index.php\/wp-json\/wp\/v2\/product_tag?post=731165"}],"curies":[{"name":"wp","href":"https:\/\/api.w.org\/{rel}","templated":true}]}}