{"id":731164,"date":"2025-08-27T21:26:42","date_gmt":"2025-08-27T18:26:42","guid":{"rendered":"https:\/\/roveyayinevi.com.tr\/index.php\/urun\/hub\/"},"modified":"2026-04-16T02:39:01","modified_gmt":"2026-04-15T23:39:01","slug":"hub","status":"publish","type":"product","link":"https:\/\/roveyayinevi.com.tr\/index.php\/urun\/hub\/","title":{"rendered":"Hub"},"content":{"rendered":"<p>Kalem ve k\u00e2\u011f\u0131d\u0131n ilk olarak bulu\u015fmas\u0131ndan g\u00fcn\u00fcm\u00fcz dijital \u00e7a\u011f\u0131na kadar insanlar bir\u00e7ok eser kaleme alm\u0131\u015ft\u0131r ve bu ilerleyi\u015f h\u0131zl\u0131 bir \u015fekilde devam etmektedir. Ge\u00e7mi\u015ften g\u00fcn\u00fcm\u00fcze d\u00fcnya klasiklerinden tutun y\u00fcz binlerce kitap yaz\u0131lm\u0131\u015ft\u0131r. Bu eserlere akl\u0131selim ve mutmain bir kalple bak\u0131ld\u0131\u011f\u0131nda ne kadar bo\u015f ve bele\u015f olduklar\u0131 a\u015fik\u00e2rd\u0131r. Bu eserler insanlar\u0131n kalplerine, ruhlar\u0131na, hislerine suni, sahte duygular pompalamaktad\u0131r. \u0130nsano\u011flu yarat\u0131l\u0131\u015f itibariyle duygusal, bir o kadar da zay\u0131ft\u0131r. \u0130nsan\u0131n y\u00fcre\u011findeki ve ruhundaki yaralar\u0131na sahte duygu k\u0131r\u0131nt\u0131lar\u0131 asla merhem olamaz. Aksine bu, yaran\u0131n enfeksiyon kapmas\u0131na neden olur. Bu da insan\u0131n (manevi) kalbinde ve ruhunda bir\u00e7ok hastal\u0131kl\u0131 k\u00f6t\u00fc duygulara neden olur. Ge\u00e7mi\u015fte ve g\u00fcn\u00fcm\u00fczde bir\u00e7ok edebiyat, felsefe romanlar\u0131, \u015fiir, \u015fark\u0131 kaleme al\u0131nm\u0131\u015ft\u0131r. Bunlar\u0131 yazanlar\u0131n \u00e7o\u011fu \u00f6lm\u00fc\u015f, bir k\u0131sm\u0131 da hayatlar\u0131na devam etmektedir. Kendini yazar, ayd\u0131n, filozof zanneden bu ahmak ve m\u00fcsveddeler hem kendilerini hem de okuyucular\u0131n\u0131 yava\u015f yava\u015f helake s\u00fcr\u00fcklemektedir. Bu eserde afaki ve suni bilgiler bulunmamakla beraber, kalpler yaln\u0131zca Allah azze ve celle Hazretleri\u2019ni anmakla huzur bulur. <\/p>\n","protected":false},"excerpt":{"rendered":"<p>Kalem ve k\u00e2\u011f\u0131d\u0131n ilk olarak bulu\u015fmas\u0131ndan g\u00fcn\u00fcm\u00fcz dijital \u00e7a\u011f\u0131na kadar insanlar bir\u00e7ok eser kaleme alm\u0131\u015ft\u0131r ve bu ilerleyi\u015f h\u0131zl\u0131 bir \u015fekilde devam etmektedir. Ge\u00e7mi\u015ften g\u00fcn\u00fcm\u00fcze d\u00fcnya<span class=\"excerpt-hellip\"> [\u2026]<\/span><\/p>\n","protected":false},"featured_media":0,"template":"","meta":{"_monsterinsights_skip_tracking":false,"_monsterinsights_sitenote_active":false,"_monsterinsights_sitenote_note":"","_monsterinsights_sitenote_category":0},"product_brand":[],"product_cat":[16038,12388],"product_tag":[],"class_list":{"0":"post-731164","1":"product","2":"type-product","3":"status-publish","5":"product_cat-arastirma-inceleme-referans-felsefe","6":"product_cat-felsefe","7":"pa_cilt-ciltsiz","8":"pa_tur-kitap","9":"pa_yayinevi-luna-yayinlari","10":"pa_yazar-mehmet-ozer","12":"first","13":"instock","14":"sale","15":"shipping-taxable","16":"purchasable","17":"product-type-simple"},"_links":{"self":[{"href":"https:\/\/roveyayinevi.com.tr\/index.php\/wp-json\/wp\/v2\/product\/731164","targetHints":{"allow":["GET"]}}],"collection":[{"href":"https:\/\/roveyayinevi.com.tr\/index.php\/wp-json\/wp\/v2\/product"}],"about":[{"href":"https:\/\/roveyayinevi.com.tr\/index.php\/wp-json\/wp\/v2\/types\/product"}],"wp:attachment":[{"href":"https:\/\/roveyayinevi.com.tr\/index.php\/wp-json\/wp\/v2\/media?parent=731164"}],"wp:term":[{"taxonomy":"product_brand","embeddable":true,"href":"https:\/\/roveyayinevi.com.tr\/index.php\/wp-json\/wp\/v2\/product_brand?post=731164"},{"taxonomy":"product_cat","embeddable":true,"href":"https:\/\/roveyayinevi.com.tr\/index.php\/wp-json\/wp\/v2\/product_cat?post=731164"},{"taxonomy":"product_tag","embeddable":true,"href":"https:\/\/roveyayinevi.com.tr\/index.php\/wp-json\/wp\/v2\/product_tag?post=731164"}],"curies":[{"name":"wp","href":"https:\/\/api.w.org\/{rel}","templated":true}]}}