{"id":731162,"date":"2025-08-27T21:26:40","date_gmt":"2025-08-27T18:26:40","guid":{"rendered":"https:\/\/roveyayinevi.com.tr\/index.php\/urun\/japon-mitolojisi-2\/"},"modified":"2025-12-30T10:40:04","modified_gmt":"2025-12-30T07:40:04","slug":"japon-mitolojisi-2","status":"publish","type":"product","link":"https:\/\/roveyayinevi.com.tr\/index.php\/urun\/japon-mitolojisi-2\/","title":{"rendered":"Japon Mitolojisi"},"content":{"rendered":"<p>Mitolojiler tamamen hayal \u00fcr\u00fcn\u00fc m\u00fcyd\u00fc, yoksa ba\u015fka d\u00fcnyalar\u0131n hik\u00e2yeleri miydi? Bir\u00e7ok farkl\u0131 k\u00fclt\u00fcr\u00fcn ve co\u011frafyan\u0131n mitolojisini tek tek ele alacak dizimizin yedinci kitab\u0131,\u201cDo\u011fan G\u00fcne\u015fin \u00dclkesi\u201d Japonya\u2019n\u0131n mitolojisi\u2026Evrenin ve insan\u0131n k\u00f6keni, do\u011fayla ili\u015fkili hikayeler, ya\u015famla \u00f6l\u00fcm, insan\u0131n \u00e7evresiyle ili\u015fkisi gibi pek \u00e7ok konuya e\u011filen Japon mitolojisi, zengin co\u011frafyas\u0131na dayanan k\u00f6klerini Budizmle daha da zenginle\u015ftirmi\u015f, y\u00fczy\u0131llar boyunca t\u00fcm d\u00fcnyan\u0131n ilgisini \u00fczerine \u00e7ekmi\u015ftir. Japon k\u00fclt\u00fcr\u00fc alan\u0131nda \u00e7ok \u00f6nemli bir ara\u015ft\u0131rmac\u0131 olan Masaharu Anesaki\u2019nin Japon mitolojisini b\u00fct\u00fcn y\u00f6nleriyle ele ald\u0131\u011f\u0131 bu kitap, hem ara\u015ft\u0131rmac\u0131lar hem de mitoloji merakl\u0131lar\u0131 i\u00e7in geni\u015f kapsaml\u0131 bir kaynak niteli\u011finde.<\/p>\n","protected":false},"excerpt":{"rendered":"<p>Mitolojiler tamamen hayal \u00fcr\u00fcn\u00fc m\u00fcyd\u00fc, yoksa ba\u015fka d\u00fcnyalar\u0131n hik\u00e2yeleri miydi? Bir\u00e7ok farkl\u0131 k\u00fclt\u00fcr\u00fcn ve co\u011frafyan\u0131n mitolojisini tek tek ele alacak dizimizin yedinci kitab\u0131,\u201cDo\u011fan G\u00fcne\u015fin \u00dclkesi\u201d Japonya\u2019n\u0131n<span class=\"excerpt-hellip\"> [\u2026]<\/span><\/p>\n","protected":false},"featured_media":0,"template":"","meta":{"_monsterinsights_skip_tracking":false,"_monsterinsights_sitenote_active":false,"_monsterinsights_sitenote_note":"","_monsterinsights_sitenote_category":0},"product_brand":[],"product_cat":[12718,12858],"product_tag":[],"class_list":{"0":"post-731162","1":"product","2":"type-product","3":"status-publish","5":"product_cat-din","6":"product_cat-mitolojiler","7":"pa_cilt-ciltsiz","8":"pa_tur-kitap","9":"pa_yayinevi-maya-kitap","10":"pa_yazar-masaharu-anesaki","12":"first","13":"instock","14":"sale","15":"shipping-taxable","16":"purchasable","17":"product-type-simple"},"_links":{"self":[{"href":"https:\/\/roveyayinevi.com.tr\/index.php\/wp-json\/wp\/v2\/product\/731162","targetHints":{"allow":["GET"]}}],"collection":[{"href":"https:\/\/roveyayinevi.com.tr\/index.php\/wp-json\/wp\/v2\/product"}],"about":[{"href":"https:\/\/roveyayinevi.com.tr\/index.php\/wp-json\/wp\/v2\/types\/product"}],"wp:attachment":[{"href":"https:\/\/roveyayinevi.com.tr\/index.php\/wp-json\/wp\/v2\/media?parent=731162"}],"wp:term":[{"taxonomy":"product_brand","embeddable":true,"href":"https:\/\/roveyayinevi.com.tr\/index.php\/wp-json\/wp\/v2\/product_brand?post=731162"},{"taxonomy":"product_cat","embeddable":true,"href":"https:\/\/roveyayinevi.com.tr\/index.php\/wp-json\/wp\/v2\/product_cat?post=731162"},{"taxonomy":"product_tag","embeddable":true,"href":"https:\/\/roveyayinevi.com.tr\/index.php\/wp-json\/wp\/v2\/product_tag?post=731162"}],"curies":[{"name":"wp","href":"https:\/\/api.w.org\/{rel}","templated":true}]}}