{"id":731159,"date":"2025-08-27T21:26:37","date_gmt":"2025-08-27T18:26:37","guid":{"rendered":"https:\/\/roveyayinevi.com.tr\/index.php\/urun\/rabbin-duana-cevap-verecek-ve-sen-de-hosnut-olacaksin\/"},"modified":"2026-04-16T02:39:01","modified_gmt":"2026-04-15T23:39:01","slug":"rabbin-duana-cevap-verecek-ve-sen-de-hosnut-olacaksin","status":"publish","type":"product","link":"https:\/\/roveyayinevi.com.tr\/index.php\/urun\/rabbin-duana-cevap-verecek-ve-sen-de-hosnut-olacaksin\/","title":{"rendered":"Rabb\u2019in Duana Cevap Verecek ve Sen de Ho\u015fnut Olacaks\u0131n"},"content":{"rendered":"<p>Hayat bu, mevsimi boldur. Bazen bahard\u0131r, envai renkli \u00e7i\u00e7ekle co\u015far insan\u0131n y\u00fcre\u011fi. Bazen kavurucu s\u0131cak, bazen f\u0131rt\u0131nal\u0131 sa\u011fanak&#8230; H\u00fcz\u00fcn mevsimleri zorludur muhakkak. Yol karanl\u0131kt\u0131r, g\u00f6r\u00fc\u015f sisli&#8230; D\u00fcnler \u00e7ok gerilerde, gelecekse belirsiz. Ne yana gidece\u011fini, ne yapaca\u011f\u0131n\u0131 bilemez insan. Duaya s\u0131\u011f\u0131n\u0131r en \u00e7ok. Bir yol, bir umut, bir \u00e7\u0131k\u0131\u015f arar duas\u0131nda. Belki sende de mevsim h\u00fcz\u00fcnd\u00fcr \u015fimdi. Belki sen de s\u0131\u011f\u0131nm\u0131\u015fs\u0131nd\u0131r duana. Belki g\u00f6nl\u00fcn yaral\u0131d\u0131r, belki \u015fifa dilemi\u015fsindir bedenine, belki r\u0131zk\u0131n i\u00e7in a\u00e7m\u0131\u015fs\u0131nd\u0131r ellerini. Kimseye duyuram\u0131yorsundur belki sesini ama emin ol Rabb\u2019in i\u015fitiyor diline d\u00f6kmedi\u011fin s\u00f6zlerini. Senden iyi biliyor derdini, endi\u015felenme. Seni bir duyan var! Yoksa bir i\u015faret mi bekliyorsun sesinin duyuldu\u011funa dair? \u0130\u015fte bu kitap \u00e7\u0131km\u0131\u015f bak kar\u015f\u0131na. Bil ki Rabb\u2019imin ikramlar\u0131 in\u015fallah sana yak\u0131nd\u0131r. O, rahmet ederek kurak topra\u011fa ya\u011fmuru ya\u011fd\u0131rd\u0131\u011f\u0131 gibi h\u00fcz\u00fcnl\u00fc g\u00f6n\u00fcllere ikram\u0131 sever. Yaln\u0131z, unutulmamal\u0131d\u0131r ki: \u201cVaktinden \u00f6nce bir \u015feyi elde etmeye \u00e7al\u0131\u015fan, onun yoklu\u011fuyla cezaland\u0131r\u0131l\u0131r.\u201d \u2013 Hz. Ali (as)   Ey h\u00fcz\u00fcn d\u00f6neminde rahmet ya\u011fmurunu bekleyen Can! Rabb\u2019in sana k\u00fcsmedi ve dar\u0131lmad\u0131 da. Rabb\u2019in duana cevap verecek ve sen de ho\u015fnut olacaks\u0131n.   <\/p>\n","protected":false},"excerpt":{"rendered":"<p>Hayat bu, mevsimi boldur. Bazen bahard\u0131r, envai renkli \u00e7i\u00e7ekle co\u015far insan\u0131n y\u00fcre\u011fi. Bazen kavurucu s\u0131cak, bazen f\u0131rt\u0131nal\u0131 sa\u011fanak&#8230; H\u00fcz\u00fcn mevsimleri zorludur muhakkak. Yol karanl\u0131kt\u0131r, g\u00f6r\u00fc\u015f sisli&#8230;<span class=\"excerpt-hellip\"> [\u2026]<\/span><\/p>\n","protected":false},"featured_media":0,"template":"","meta":{"_monsterinsights_skip_tracking":false,"_monsterinsights_sitenote_active":false,"_monsterinsights_sitenote_note":"","_monsterinsights_sitenote_category":0},"product_brand":[],"product_cat":[12718,12719,15238],"product_tag":[],"class_list":{"0":"post-731159","1":"product","2":"type-product","3":"status-publish","5":"product_cat-din","6":"product_cat-islam","7":"product_cat-tasavvuf","8":"pa_cilt-ciltsiz","9":"pa_tur-kitap","10":"pa_yayinevi-destek-yayinlari","11":"pa_yazar-ugur-kosar","13":"first","14":"instock","15":"sale","16":"shipping-taxable","17":"purchasable","18":"product-type-simple"},"_links":{"self":[{"href":"https:\/\/roveyayinevi.com.tr\/index.php\/wp-json\/wp\/v2\/product\/731159","targetHints":{"allow":["GET"]}}],"collection":[{"href":"https:\/\/roveyayinevi.com.tr\/index.php\/wp-json\/wp\/v2\/product"}],"about":[{"href":"https:\/\/roveyayinevi.com.tr\/index.php\/wp-json\/wp\/v2\/types\/product"}],"wp:attachment":[{"href":"https:\/\/roveyayinevi.com.tr\/index.php\/wp-json\/wp\/v2\/media?parent=731159"}],"wp:term":[{"taxonomy":"product_brand","embeddable":true,"href":"https:\/\/roveyayinevi.com.tr\/index.php\/wp-json\/wp\/v2\/product_brand?post=731159"},{"taxonomy":"product_cat","embeddable":true,"href":"https:\/\/roveyayinevi.com.tr\/index.php\/wp-json\/wp\/v2\/product_cat?post=731159"},{"taxonomy":"product_tag","embeddable":true,"href":"https:\/\/roveyayinevi.com.tr\/index.php\/wp-json\/wp\/v2\/product_tag?post=731159"}],"curies":[{"name":"wp","href":"https:\/\/api.w.org\/{rel}","templated":true}]}}