{"id":731158,"date":"2025-08-27T21:26:36","date_gmt":"2025-08-27T18:26:36","guid":{"rendered":"https:\/\/roveyayinevi.com.tr\/index.php\/urun\/jupiterin-mirasi-cilt-2\/"},"modified":"2026-04-16T02:39:01","modified_gmt":"2026-04-15T23:39:01","slug":"jupiterin-mirasi-cilt-2","status":"publish","type":"product","link":"https:\/\/roveyayinevi.com.tr\/index.php\/urun\/jupiterin-mirasi-cilt-2\/","title":{"rendered":"J\u00fcpiter\u2019in Miras\u0131 Cilt 2"},"content":{"rendered":"<p>\u0130hanete u\u011frad\u0131\u011f\u0131n\u0131 d\u00fc\u015f\u00fcnen G\u00f6ktilkisi, Birlik\u2019ten ayr\u0131lm\u0131\u015f ve g\u00f6zden kaybolmu\u015ftu. Sheldon, Europa\u2019dayken buldu\u011fu terk edilmi\u015f \u015fehrin ve vericinin gizemini \u00e7\u00f6zmeye \u00e7al\u0131\u015f\u0131rken Los Angeles\u2019tan yay\u0131lan halk isyanlar\u0131 b\u00fcy\u00fcyordu. Ba\u015fkan Yard\u0131mc\u0131s\u0131 ka\u00e7\u0131r\u0131ld\u0131\u011f\u0131 zaman ise \u00dctopyac\u0131 ile arkada\u015flar\u0131n\u0131n eski dostlar\u0131 ve yeni d\u00fc\u015fmanlar\u0131n\u0131n pe\u015fine d\u00fc\u015fmeleri gerekecekti. <\/p>\n","protected":false},"excerpt":{"rendered":"<p>\u0130hanete u\u011frad\u0131\u011f\u0131n\u0131 d\u00fc\u015f\u00fcnen G\u00f6ktilkisi, Birlik\u2019ten ayr\u0131lm\u0131\u015f ve g\u00f6zden kaybolmu\u015ftu. Sheldon, Europa\u2019dayken buldu\u011fu terk edilmi\u015f \u015fehrin ve vericinin gizemini \u00e7\u00f6zmeye \u00e7al\u0131\u015f\u0131rken Los Angeles\u2019tan yay\u0131lan halk isyanlar\u0131 b\u00fcy\u00fcyordu.<span class=\"excerpt-hellip\"> [\u2026]<\/span><\/p>\n","protected":false},"featured_media":0,"template":"","meta":{"_monsterinsights_skip_tracking":false,"_monsterinsights_sitenote_active":false,"_monsterinsights_sitenote_note":"","_monsterinsights_sitenote_category":0},"product_brand":[],"product_cat":[12689,12274],"product_tag":[],"class_list":{"0":"post-731158","1":"product","2":"type-product","3":"status-publish","5":"product_cat-cizgi-roman-cocuk-ve-genclik-kitaplari","6":"product_cat-cocuk-ve-genclik-kitaplari","7":"pa_cilt-ciltsiz","8":"pa_tur-kitap","9":"pa_yayinevi-ithaki-yayinlari","10":"pa_yazar-mark-millar","12":"first","13":"instock","14":"sale","15":"shipping-taxable","16":"purchasable","17":"product-type-simple"},"_links":{"self":[{"href":"https:\/\/roveyayinevi.com.tr\/index.php\/wp-json\/wp\/v2\/product\/731158","targetHints":{"allow":["GET"]}}],"collection":[{"href":"https:\/\/roveyayinevi.com.tr\/index.php\/wp-json\/wp\/v2\/product"}],"about":[{"href":"https:\/\/roveyayinevi.com.tr\/index.php\/wp-json\/wp\/v2\/types\/product"}],"wp:attachment":[{"href":"https:\/\/roveyayinevi.com.tr\/index.php\/wp-json\/wp\/v2\/media?parent=731158"}],"wp:term":[{"taxonomy":"product_brand","embeddable":true,"href":"https:\/\/roveyayinevi.com.tr\/index.php\/wp-json\/wp\/v2\/product_brand?post=731158"},{"taxonomy":"product_cat","embeddable":true,"href":"https:\/\/roveyayinevi.com.tr\/index.php\/wp-json\/wp\/v2\/product_cat?post=731158"},{"taxonomy":"product_tag","embeddable":true,"href":"https:\/\/roveyayinevi.com.tr\/index.php\/wp-json\/wp\/v2\/product_tag?post=731158"}],"curies":[{"name":"wp","href":"https:\/\/api.w.org\/{rel}","templated":true}]}}