{"id":731157,"date":"2025-08-27T21:26:36","date_gmt":"2025-08-27T18:26:36","guid":{"rendered":"https:\/\/roveyayinevi.com.tr\/index.php\/urun\/cevre-tarihi\/"},"modified":"2026-04-16T02:39:01","modified_gmt":"2026-04-15T23:39:01","slug":"cevre-tarihi","status":"publish","type":"product","link":"https:\/\/roveyayinevi.com.tr\/index.php\/urun\/cevre-tarihi\/","title":{"rendered":"\u00c7evre Tarihi"},"content":{"rendered":"<p>Co\u011frafya biliminin \u00e7a\u011fda\u015f d\u00f6nemde ele ald\u0131\u011f\u0131 insan-\u00e7evre ili\u015fkisini, tarihi co\u011frafya d\u00fcn, yani ge\u00e7mi\u015fte ele almaktad\u0131r. Ancak sorun \u015fu ki, ilgili literat\u00fcrde belirtildi\u011fi \u00fczere, \u00e7evre tarihi de ge\u00e7mi\u015fteki insan-\u00e7evre ili\u015fkisini ele al\u0131yorsa, o zaman tarihi co\u011frafya ile \u00e7evre tarihinin fark\u0131 nedir? Nas\u0131l birbirinden ayr\u0131lmal\u0131d\u0131r? Hatta tarihi ekolojinin de bu denklem dahilinde oldu\u011fu vurguland\u0131\u011f\u0131nda, karma\u015fa biraz daha geni\u015flemekte, konular ve kavramlar i\u00e7 i\u00e7e ge\u00e7mektedir. Buradan hareketle temelde \u0130ngilizce \u00e7evre tarihi literat\u00fcr\u00fc \u00fczerinden yap\u0131lan okumalar neticesinde kaleme al\u0131nan bu kitap; yazarlar\u0131n co\u011frafya, tarih, tarihi co\u011frafya, \u00e7evre tarihi ve di\u011fer ba\u011flant\u0131l\u0131 sahalara ait d\u00fc\u015f\u00fcnceleri \u00fczerine in\u015fa edilmi\u015ftir.Bu kitapta, insanl\u0131k tarihi kadar k\u00f6kl\u00fc olan insan\/toplum\/k\u00fclt\u00fcr-do\u011fa\/mekan\/\u00e7evre ili\u015fkisinin ge\u00e7mi\u015finin incelenmesi yollar\u0131 \u00fczerinde durulmakta; bu ba\u011flamda ad\u0131 ge\u00e7en unsurlar aras\u0131ndaki ili\u015fkiler, etkiler ve s\u00fcre\u00e7lerle ilgilenilmektedir. \u0130nsan-\u00e7evre ili\u015fkisinin gelece\u011fine y\u00f6nelik okumalar\u0131 da kapsayan kitapta, \u00f6zellikle \u00e7evre tarihi sahas\u0131na yo\u011funla\u015f\u0131larak, bir\u00e7ok a\u00e7\u0131dan tarihi co\u011frafya ile kar\u015f\u0131la\u015ft\u0131r\u0131lmakta ve yeri geldik\u00e7e de tarihi ekolojiye at\u0131flar yap\u0131lmaktad\u0131r.D\u00fcnya\u2019da 1970\u2019lerden itibaren ortaya \u00e7\u0131karak h\u0131zla geli\u015fen ara\u015ft\u0131rma sahalar\u0131ndan biri niteli\u011findeki \u201c\u00c7evre tarihi\/\u00c7evresel tarih\u201d, \u00fclkemiz i\u00e7in \u00e7ok daha yenidir. Dolay\u0131s\u0131yla T\u00fcrk\u00e7e telif eser niteli\u011finde \u201cilk\u201d kitap olan bu \u00e7al\u0131\u015fma, \u015fimdiye kadar yabanc\u0131 dillerden \u00e7evirisi yap\u0131lan birka\u00e7 \u00e7evre tarihi \u00e7al\u0131\u015fmas\u0131na katk\u0131 vermek ve alan\u0131 zenginle\u015ftirmek ad\u0131na \u00f6nemli bir giri\u015fimdir.<\/p>\n","protected":false},"excerpt":{"rendered":"<p>Co\u011frafya biliminin \u00e7a\u011fda\u015f d\u00f6nemde ele ald\u0131\u011f\u0131 insan-\u00e7evre ili\u015fkisini, tarihi co\u011frafya d\u00fcn, yani ge\u00e7mi\u015fte ele almaktad\u0131r. Ancak sorun \u015fu ki, ilgili literat\u00fcrde belirtildi\u011fi \u00fczere, \u00e7evre tarihi de<span class=\"excerpt-hellip\"> [\u2026]<\/span><\/p>\n","protected":false},"featured_media":0,"template":"","meta":{"_monsterinsights_skip_tracking":false,"_monsterinsights_sitenote_active":false,"_monsterinsights_sitenote_note":"","_monsterinsights_sitenote_category":0},"product_brand":[],"product_cat":[12312,12304],"product_tag":[],"class_list":{"0":"post-731157","1":"product","2":"type-product","3":"status-publish","5":"product_cat-diger","6":"product_cat-tarih","7":"pa_cilt-ciltsiz","8":"pa_tur-kitap","9":"pa_yayinevi-yeditepe-yayinevi","10":"pa_yazar-osman-gumuscu-sevil-top-yilmaz","12":"first","13":"instock","14":"sale","15":"shipping-taxable","16":"purchasable","17":"product-type-simple"},"_links":{"self":[{"href":"https:\/\/roveyayinevi.com.tr\/index.php\/wp-json\/wp\/v2\/product\/731157","targetHints":{"allow":["GET"]}}],"collection":[{"href":"https:\/\/roveyayinevi.com.tr\/index.php\/wp-json\/wp\/v2\/product"}],"about":[{"href":"https:\/\/roveyayinevi.com.tr\/index.php\/wp-json\/wp\/v2\/types\/product"}],"wp:attachment":[{"href":"https:\/\/roveyayinevi.com.tr\/index.php\/wp-json\/wp\/v2\/media?parent=731157"}],"wp:term":[{"taxonomy":"product_brand","embeddable":true,"href":"https:\/\/roveyayinevi.com.tr\/index.php\/wp-json\/wp\/v2\/product_brand?post=731157"},{"taxonomy":"product_cat","embeddable":true,"href":"https:\/\/roveyayinevi.com.tr\/index.php\/wp-json\/wp\/v2\/product_cat?post=731157"},{"taxonomy":"product_tag","embeddable":true,"href":"https:\/\/roveyayinevi.com.tr\/index.php\/wp-json\/wp\/v2\/product_tag?post=731157"}],"curies":[{"name":"wp","href":"https:\/\/api.w.org\/{rel}","templated":true}]}}