{"id":731154,"date":"2025-08-27T21:26:32","date_gmt":"2025-08-27T18:26:32","guid":{"rendered":"https:\/\/roveyayinevi.com.tr\/index.php\/urun\/muzelik-muzeler-eglenceli-sanat\/"},"modified":"2026-04-16T02:39:01","modified_gmt":"2026-04-15T23:39:01","slug":"muzelik-muzeler-eglenceli-sanat","status":"publish","type":"product","link":"https:\/\/roveyayinevi.com.tr\/index.php\/urun\/muzelik-muzeler-eglenceli-sanat\/","title":{"rendered":"M\u00fczelik M\u00fczeler &#8211; E\u011flenceli Sanat"},"content":{"rendered":"<p>Haydi, haz\u0131rlan; m\u00fczeye gidiyoruz! Tarihe e\u011flenceli bir ke\u015fif yolculu\u011fu seni bekliyor. Bu yolculukta hem T\u00fcrkiye&#8217;deki hem de d\u00fcnyadaki m\u00fczeleri daha yak\u0131ndan tan\u0131yacak, t\u00fcrlerine g\u00f6re m\u00fczelerin \u00f6zelliklerini \u00f6\u011freneceksin. Bitmedi! Kusursuz bir m\u00fcze ziyareti i\u00e7in alt\u0131n de\u011ferinde bilgilere sahip olacaks\u0131n.\u0130\u015fte cevab\u0131n\u0131 kitapta bulaca\u011f\u0131n baz\u0131 muhte\u015fem sorular: M\u00fcze kelimesinin k\u00f6keni neye dayan\u0131r?Neden m\u00fczeye gideriz?M\u00fcze ziyaretlerinde nelere dikkat etmeliyiz?M\u00fcze ziyaretlerinin derslere faydas\u0131 var m\u0131d\u0131r?Hangi m\u00fczelerde nelerle kar\u015f\u0131la\u015f\u0131r\u0131z?En verimli ziyareti ne zaman yap\u0131l\u0131r?M\u00fczede foto\u011fraf \u00e7ekerken nelere dikkat etmeliyiz?M\u00fcze ziyaretinden sonra neler yapmal\u0131y\u0131z?Seni, m\u00fczeler ve m\u00fcze ziyaretleri konusunda uzman yapacak bu sorular\u0131n cevaplar\u0131 ve daha fazlas\u0131 \u2018M\u00fczelik M\u00fczeler\u2019de.Haydi, \u015fimdi m\u00fcze zaman\u0131!<\/p>\n","protected":false},"excerpt":{"rendered":"<p>Haydi, haz\u0131rlan; m\u00fczeye gidiyoruz! Tarihe e\u011flenceli bir ke\u015fif yolculu\u011fu seni bekliyor. Bu yolculukta hem T\u00fcrkiye&#8217;deki hem de d\u00fcnyadaki m\u00fczeleri daha yak\u0131ndan tan\u0131yacak, t\u00fcrlerine g\u00f6re m\u00fczelerin \u00f6zelliklerini<span class=\"excerpt-hellip\"> [\u2026]<\/span><\/p>\n","protected":false},"featured_media":0,"template":"","meta":{"_monsterinsights_skip_tracking":false,"_monsterinsights_sitenote_active":false,"_monsterinsights_sitenote_note":"","_monsterinsights_sitenote_category":0},"product_brand":[],"product_cat":[12274,14573],"product_tag":[],"class_list":{"0":"post-731154","1":"product","2":"type-product","3":"status-publish","5":"product_cat-cocuk-ve-genclik-kitaplari","6":"product_cat-referans-kitaplar-cocuk-ve-genclik-kitaplari","7":"pa_cilt-ciltsiz","8":"pa_tur-kitap","9":"pa_yayinevi-eglenceli-bilgi-yayinlari","10":"pa_yazar-sedat-bornovali","12":"first","13":"instock","14":"sale","15":"shipping-taxable","16":"purchasable","17":"product-type-simple"},"_links":{"self":[{"href":"https:\/\/roveyayinevi.com.tr\/index.php\/wp-json\/wp\/v2\/product\/731154","targetHints":{"allow":["GET"]}}],"collection":[{"href":"https:\/\/roveyayinevi.com.tr\/index.php\/wp-json\/wp\/v2\/product"}],"about":[{"href":"https:\/\/roveyayinevi.com.tr\/index.php\/wp-json\/wp\/v2\/types\/product"}],"wp:attachment":[{"href":"https:\/\/roveyayinevi.com.tr\/index.php\/wp-json\/wp\/v2\/media?parent=731154"}],"wp:term":[{"taxonomy":"product_brand","embeddable":true,"href":"https:\/\/roveyayinevi.com.tr\/index.php\/wp-json\/wp\/v2\/product_brand?post=731154"},{"taxonomy":"product_cat","embeddable":true,"href":"https:\/\/roveyayinevi.com.tr\/index.php\/wp-json\/wp\/v2\/product_cat?post=731154"},{"taxonomy":"product_tag","embeddable":true,"href":"https:\/\/roveyayinevi.com.tr\/index.php\/wp-json\/wp\/v2\/product_tag?post=731154"}],"curies":[{"name":"wp","href":"https:\/\/api.w.org\/{rel}","templated":true}]}}