{"id":731151,"date":"2025-08-27T21:26:30","date_gmt":"2025-08-27T18:26:30","guid":{"rendered":"https:\/\/roveyayinevi.com.tr\/index.php\/urun\/osmanli-imparatorlugunda-devlet-ve-ekonomi-1\/"},"modified":"2026-04-16T02:39:01","modified_gmt":"2026-04-15T23:39:01","slug":"osmanli-imparatorlugunda-devlet-ve-ekonomi-1","status":"publish","type":"product","link":"https:\/\/roveyayinevi.com.tr\/index.php\/urun\/osmanli-imparatorlugunda-devlet-ve-ekonomi-1\/","title":{"rendered":"Osmanl\u0131 \u0130mparatorlu\u011fu&#8217;nda Devlet ve Ekonomi 1"},"content":{"rendered":"<p>Osmanl\u0131 \u0130mparatorlu\u011fu\u2019nda Devlet ve Ekonomi I, Osmanl\u0131 \u0130ktisat Tarihi \u00fczerine \u201chac yolunda bir kar\u0131nca\u201d ahlak\u0131yla k\u0131rk y\u0131la yay\u0131lan titiz bir ilm\u00ee mesainin semeresinin topland\u0131\u011f\u0131, her ifadesi geni\u015f ve nihayetsiz bir ara\u015ft\u0131rma vadisinin da\u011f\u0131n\u0131k kay\u0131tlar\u0131ndan derlenen nicel verilerin ayn\u0131 titizlik ve gayretle ele al\u0131nmas\u0131yla ortaya konulmu\u015f h\u00fck\u00fcm c\u00fcmlelerinden olu\u015fan, Osmanl\u0131 iktisad\u0131n\u0131 kay\u0131t ve say\u0131lar \u00fczerinden anlamland\u0131r\u0131p arkas\u0131ndaki zihniyeti ortaya koyan b\u00fcy\u00fck bir \u00e7al\u0131\u015fmad\u0131r. Kitap, yay\u0131mland\u0131\u011f\u0131 andan itibaren umumi manada T\u00fcrk tarih\u00e7ili\u011finin, hususi olarak da Osmanl\u0131 \u0130ktisat ve Maliye Tarihi\u2019nin abidevi verimleri aras\u0131nda yerini al\u0131p klasikle\u015fmi\u015ftir.<\/p>\n","protected":false},"excerpt":{"rendered":"<p>Osmanl\u0131 \u0130mparatorlu\u011fu\u2019nda Devlet ve Ekonomi I, Osmanl\u0131 \u0130ktisat Tarihi \u00fczerine \u201chac yolunda bir kar\u0131nca\u201d ahlak\u0131yla k\u0131rk y\u0131la yay\u0131lan titiz bir ilm\u00ee mesainin semeresinin topland\u0131\u011f\u0131, her ifadesi<span class=\"excerpt-hellip\"> [\u2026]<\/span><\/p>\n","protected":false},"featured_media":0,"template":"","meta":{"_monsterinsights_skip_tracking":false,"_monsterinsights_sitenote_active":false,"_monsterinsights_sitenote_note":"","_monsterinsights_sitenote_category":0},"product_brand":[],"product_cat":[13517,12304],"product_tag":[],"class_list":{"0":"post-731151","1":"product","2":"type-product","3":"status-publish","5":"product_cat-osmanli-tarihi","6":"product_cat-tarih","7":"pa_cilt-ciltsiz","8":"pa_tur-kitap","9":"pa_yayinevi-otuken-nesriyat","10":"pa_yazar-mehmet-genc","12":"first","13":"instock","14":"sale","15":"shipping-taxable","16":"purchasable","17":"product-type-simple"},"_links":{"self":[{"href":"https:\/\/roveyayinevi.com.tr\/index.php\/wp-json\/wp\/v2\/product\/731151","targetHints":{"allow":["GET"]}}],"collection":[{"href":"https:\/\/roveyayinevi.com.tr\/index.php\/wp-json\/wp\/v2\/product"}],"about":[{"href":"https:\/\/roveyayinevi.com.tr\/index.php\/wp-json\/wp\/v2\/types\/product"}],"wp:attachment":[{"href":"https:\/\/roveyayinevi.com.tr\/index.php\/wp-json\/wp\/v2\/media?parent=731151"}],"wp:term":[{"taxonomy":"product_brand","embeddable":true,"href":"https:\/\/roveyayinevi.com.tr\/index.php\/wp-json\/wp\/v2\/product_brand?post=731151"},{"taxonomy":"product_cat","embeddable":true,"href":"https:\/\/roveyayinevi.com.tr\/index.php\/wp-json\/wp\/v2\/product_cat?post=731151"},{"taxonomy":"product_tag","embeddable":true,"href":"https:\/\/roveyayinevi.com.tr\/index.php\/wp-json\/wp\/v2\/product_tag?post=731151"}],"curies":[{"name":"wp","href":"https:\/\/api.w.org\/{rel}","templated":true}]}}